{"id":3657,"date":"2020-11-09T11:31:56","date_gmt":"2020-11-09T11:31:56","guid":{"rendered":"https:\/\/france-gastronomie.shop\/?post_type=product&#038;p=3657"},"modified":"2024-11-11T10:30:45","modified_gmt":"2024-11-11T10:30:45","slug":"confiture-de-peches","status":"publish","type":"product","link":"https:\/\/france-gastronomie.shop\/fr\/produit\/confiture-de-peches\/","title":{"rendered":"P\u00eaches <br\/> Confiture"},"content":{"rendered":"<h5>Confiture de p\u00eaches BIO<\/h5>\n<h5>BIOLOKLOCK<\/h5>\n<p>Concoct\u00e9e avec de d\u00e9licieuses p\u00eaches fran\u00e7aises gorg\u00e9es de soleil, notre confiture vous surprendra par ses saveurs parfum\u00e9es.<\/p>\n<p>Douce et parfum\u00e9e, cette confiture est propos\u00e9e dans des bocaux en verre recyclable de 230g.<br \/>\nId\u00e9ale \u00e0 tout moment de votre journ\u00e9e, elle sera votre complice au petit d\u00e9jeuner sur une tartine beurr\u00e9e, aux repas dans vos yaourts, \u00e0 quatre heures fourr\u00e9e dans une cr\u00eape coquine&#8230;<br \/>\nToutes nos confitures \u00e9labor\u00e9es selon des m\u00e9thodes anciennes, en petites quantit\u00e9s, sont pr\u00e9par\u00e9es par des passionn\u00e9s du BIO, du respect de l\u2019environnement et de la sant\u00e9; un h\u00e9ritage familial transmis de g\u00e9n\u00e9ration en g\u00e9n\u00e9ration avec une profonde conviction.<\/p>\n<p>Bienfaits<br \/>\nBlanche, jaune, rouge ou de vigne, la p\u00eache poss\u00e8de une saveur particuli\u00e8rement aromatique.<br \/>\nSes vertus sont innombrables: rafra\u00eechissante, digestive, \u00e9nerg\u00e9tique , tonique, r\u00e9-\u00e9quilibrante, remin\u00e9ralisante&#8230;<br \/>\n(Ces vertus que l&rsquo;on attribue \u00e0 chacun de ces fruits sont reconnues depuis des g\u00e9n\u00e9rations mais ne sauraient se substituer \u00e0 un traitement prescrit par un professionnel de la sant\u00e9.)<br \/>\nIl para\u00eet que la p\u00eache \u00e9tait un des fruits pr\u00e9f\u00e9r\u00e9s du roi Louis XIV. Ses jardins fruitiers, \u00e0 Versailles, comptaient 33 vari\u00e9t\u00e9s diff\u00e9rentes de p\u00eachers. Dans la tradition tao\u00efste, la p\u00eache est un symbole d&rsquo;immortalit\u00e9.<\/p>\n<p>Composition<br \/>\nP\u00eaches* 64,1%, sucre de canne blond \u00e9quitable* 35,9%. *Ingr\u00e9dients issus de l\u2019agriculture biologique.<br \/>\nNous rajoutons uniquement le sucre BIO n\u00e9cessaire exig\u00e9 par l\u00e9gislation fran\u00e7aise, c\u2019est-\u00e0-dire au minimum 55% de sucre total (sucre du fruit compris).<br \/>\nSinon, il ne s&rsquo;agit pas de confiture.<br \/>\nNous pr\u00e9parons la plupart de nos confitures avec un maximum de fruits: entre 55 et 65%. Pas de pectine. Pas de g\u00e9lifiant. Aucun rajout d\u2019aucune sorte.<br \/>\nNotre confiture de p\u00eaches est pr\u00e9par\u00e9e, quant \u00e0 elle, avec 64,1g de fruits pour 100g de produit fini. Teneur totale en sucre env. 56g pour 100g.<br \/>\nMalgr\u00e9 tous nos soins, ce produit peut contenir des noyaux ou des morceaux de noyaux.<\/p>\n<p>Conservation<br \/>\nA conserver au frais apr\u00e8s ouverture.<\/p>\n<p>Valeurs nutritionnelles<\/p>\n<table width=\"237\">\n<tbody>\n<tr>\n<td width=\"157\">Energie (kcal)<\/td>\n<td width=\"80\">238<\/td>\n<\/tr>\n<tr>\n<td>Energie (kJ)<\/td>\n<td>1010,2<\/td>\n<\/tr>\n<tr>\n<td>Mati\u00e8res grasses<\/td>\n<td>0,2g<\/td>\n<\/tr>\n<tr>\n<td>dont acides gras satur\u00e9s<\/td>\n<td>0g<\/td>\n<\/tr>\n<tr>\n<td>Glucides<\/td>\n<td>56g<\/td>\n<\/tr>\n<tr>\n<td>dont sucres<\/td>\n<td>55,3g<\/td>\n<\/tr>\n<tr>\n<td>Fibres alimentaires<\/td>\n<td>1,4g<\/td>\n<\/tr>\n<tr>\n<td>Prot\u00e9ines<\/td>\n<td>0,9g<\/td>\n<\/tr>\n<tr>\n<td>Sel<\/td>\n<td>0g<\/td>\n<\/tr>\n<\/tbody>\n<\/table>\n","protected":false},"excerpt":{"rendered":"<h5>BIOLOKLOCK<\/h5>\n<p>Bioloklock est une entreprise artisanale qui est le fruit d&rsquo;un tr\u00e8s long engagement familial dans l&rsquo;agriculture biologique depuis le d\u00e9but des ann\u00e9es 1960.<\/p>\n","protected":false},"featured_media":3658,"comment_status":"open","ping_status":"closed","template":"","meta":[],"product_brand":[],"product_cat":[574,31,252],"product_tag":[],"class_list":{"0":"post-3657","1":"product","2":"type-product","3":"status-publish","4":"has-post-thumbnail","6":"product_cat-confitures","7":"product_cat-epicerie","8":"product_cat-bio","10":"first","11":"instock","12":"taxable","13":"shipping-taxable","14":"purchasable","15":"product-type-simple"},"jetpack_sharing_enabled":true,"_links":{"self":[{"href":"https:\/\/france-gastronomie.shop\/fr\/wp-json\/wp\/v2\/product\/3657","targetHints":{"allow":["GET"]}}],"collection":[{"href":"https:\/\/france-gastronomie.shop\/fr\/wp-json\/wp\/v2\/product"}],"about":[{"href":"https:\/\/france-gastronomie.shop\/fr\/wp-json\/wp\/v2\/types\/product"}],"replies":[{"embeddable":true,"href":"https:\/\/france-gastronomie.shop\/fr\/wp-json\/wp\/v2\/comments?post=3657"}],"wp:featuredmedia":[{"embeddable":true,"href":"https:\/\/france-gastronomie.shop\/fr\/wp-json\/wp\/v2\/media\/3658"}],"wp:attachment":[{"href":"https:\/\/france-gastronomie.shop\/fr\/wp-json\/wp\/v2\/media?parent=3657"}],"wp:term":[{"taxonomy":"product_brand","embeddable":true,"href":"https:\/\/france-gastronomie.shop\/fr\/wp-json\/wp\/v2\/product_brand?post=3657"},{"taxonomy":"product_cat","embeddable":true,"href":"https:\/\/france-gastronomie.shop\/fr\/wp-json\/wp\/v2\/product_cat?post=3657"},{"taxonomy":"product_tag","embeddable":true,"href":"https:\/\/france-gastronomie.shop\/fr\/wp-json\/wp\/v2\/product_tag?post=3657"}],"curies":[{"name":"wp","href":"https:\/\/api.w.org\/{rel}","templated":true}]}}