{"id":3594,"date":"2020-11-06T10:47:31","date_gmt":"2020-11-06T10:47:31","guid":{"rendered":"https:\/\/france-gastronomie.shop\/?post_type=product&#038;p=3594"},"modified":"2024-10-31T10:18:33","modified_gmt":"2024-10-31T10:18:33","slug":"beunes-blanches-fleurs-1er-cru","status":"publish","type":"product","link":"https:\/\/france-gastronomie.shop\/fr\/produit\/beunes-blanches-fleurs-1er-cru\/","title":{"rendered":"Beaune 1er Cru <br\/> Blanches-Fleurs"},"content":{"rendered":"<h5>Beaune 1er Cru<br \/>\nBlanches-Fleurs<\/h5>\n<h5>R\u00e9colte du Domaine Ch\u00e2teau de Meursault<\/h5>\n<p>CLIMAT<br \/>\nNom du climat: Blanches-Fleurs<br \/>\nSuperficie exploit\u00e9e par le domaine: 83.67 ares<br \/>\nC\u00e9page: 100% Chardonnay<br \/>\nSol: argilo-calcaire<br \/>\nExposition: Est\/Sud-Est<br \/>\nLocalisation: d\u00e9but de coteau<\/p>\n<p>VINIFICATION ET ELEVAGE<br \/>\nVendange: manuelle<br \/>\nVinification: apr\u00e8s un d\u00e9bourbage statique, les mo\u00fbts sont plac\u00e9s en f\u00fbts de ch\u00eane pour entamer leur fermentation alcoolique<br \/>\nElevage: sur lies fines en f\u00fbts de ch\u00eane neufs (35%) et en f\u00fbts de ch\u00eane de un \u00e0 deux vins<br \/>\nDur\u00e9e de l\u2019\u00e9levage: 13 mois<\/p>\n<p>Mis en bouteille au Ch\u00e2teau de Meursault<\/p>\n<p>DEGUSTATION<br \/>\nRobe or jaune. Nez intense sur les fruits jaunes: abricot, p\u00eache.<br \/>\nBouche ronde, puissante et opulente, ce vin est gourmand mais il conserve la fra\u00eecheur du mill\u00e9sime.<br \/>\nTemp\u00e9rature de service entre 12\u00b0 et 14\u00b0C<br \/>\n\u00c0 consommer d\u00e8s \u00e0 pr\u00e9sent et jusqu\u2019\u00e0 7 ans<\/p>\n<p>Accords Mets &amp; Vins: poissons, coquillages, volailles<\/p>\n","protected":false},"excerpt":{"rendered":"<h5>Recolte du Domaine Ch\u00e2teau de Meursault<\/h5>\n<p>Le Ch\u00e2teau de Meursault est situ\u00e9 au c\u0153ur de la Bourgogne, en C\u00f4te de Beaune sur la prestigieuse appellation Meursault, r\u00e9f\u00e9rence mondiale des grands vins blancs. Entrer au Ch\u00e2teau de Meursault, c\u2019est p\u00e9n\u00e9trer dans un domaine viticole mythique de la Bourgogne, un lieu charg\u00e9 d\u2019histoire o\u00f9 l\u2019on d\u00e9guste les crus de la C\u00f4te de Beaune dans un lieu \u00e0 l\u2019architecture unique.<\/p>\n<p>C\u00e9page: 100% Chardonnay<\/p>\n","protected":false},"featured_media":12302,"comment_status":"open","ping_status":"closed","template":"","meta":[],"product_brand":[],"product_cat":[85,251,242,245,291,250,19],"product_tag":[],"class_list":{"0":"post-3594","1":"product","2":"type-product","3":"status-publish","4":"has-post-thumbnail","6":"product_cat-vins","7":"product_cat-grands-vins","8":"product_cat-regions","9":"product_cat-bourgogne","10":"product_cat-beaune","11":"product_cat-couleur","12":"product_cat-vin-blanc","14":"first","15":"instock","16":"taxable","17":"shipping-taxable","18":"purchasable","19":"product-type-simple"},"jetpack_sharing_enabled":true,"_links":{"self":[{"href":"https:\/\/france-gastronomie.shop\/fr\/wp-json\/wp\/v2\/product\/3594","targetHints":{"allow":["GET"]}}],"collection":[{"href":"https:\/\/france-gastronomie.shop\/fr\/wp-json\/wp\/v2\/product"}],"about":[{"href":"https:\/\/france-gastronomie.shop\/fr\/wp-json\/wp\/v2\/types\/product"}],"replies":[{"embeddable":true,"href":"https:\/\/france-gastronomie.shop\/fr\/wp-json\/wp\/v2\/comments?post=3594"}],"wp:featuredmedia":[{"embeddable":true,"href":"https:\/\/france-gastronomie.shop\/fr\/wp-json\/wp\/v2\/media\/12302"}],"wp:attachment":[{"href":"https:\/\/france-gastronomie.shop\/fr\/wp-json\/wp\/v2\/media?parent=3594"}],"wp:term":[{"taxonomy":"product_brand","embeddable":true,"href":"https:\/\/france-gastronomie.shop\/fr\/wp-json\/wp\/v2\/product_brand?post=3594"},{"taxonomy":"product_cat","embeddable":true,"href":"https:\/\/france-gastronomie.shop\/fr\/wp-json\/wp\/v2\/product_cat?post=3594"},{"taxonomy":"product_tag","embeddable":true,"href":"https:\/\/france-gastronomie.shop\/fr\/wp-json\/wp\/v2\/product_tag?post=3594"}],"curies":[{"name":"wp","href":"https:\/\/api.w.org\/{rel}","templated":true}]}}