{"id":3521,"date":"2020-11-04T08:38:24","date_gmt":"2020-11-04T08:38:24","guid":{"rendered":"https:\/\/france-gastronomie.shop\/?post_type=product&#038;p=3521"},"modified":"2024-11-11T10:30:44","modified_gmt":"2024-11-11T10:30:44","slug":"confiture-de-poires","status":"publish","type":"product","link":"https:\/\/france-gastronomie.shop\/fr\/produit\/confiture-de-poires\/","title":{"rendered":"Poires <br\/> Confiture"},"content":{"rendered":"<h5>Confiture de poires BIO<\/h5>\n<h5>BIOLOKLOCK<\/h5>\n<p>Concoct\u00e9e avec de fines poires Williams fran\u00e7aises, notre confiture vous r\u00e9jouira avec ses savoureux morceaux et sa texture onctueuse.<\/p>\n<p>Notre confiture de poires BIO est propos\u00e9e en bocal en verre recyclable de 230g.<br \/>\nVous appr\u00e9cierez la finesse de son parfum \u00e0 tout moment de la journ\u00e9e: elle sera votre complice au petit d\u00e9jeuner sur une tartine beurr\u00e9e, aux repas dans vos yaourts, \u00e0 quatre heures fourr\u00e9e dans une cr\u00eape coquine&#8230;<br \/>\nToutes nos confitures \u00e9labor\u00e9es selon des m\u00e9thodes anciennes, en petites quantit\u00e9s, sont pr\u00e9par\u00e9es par des passionn\u00e9s du BIO, du respect de l\u2019environnement et de la sant\u00e9; un h\u00e9ritage familial transmis de g\u00e9n\u00e9ration en g\u00e9n\u00e9ration avec une profonde conviction.<\/p>\n<p>Bienfaits<br \/>\nLa poire Williams est une poire particuli\u00e8rement parfum\u00e9e. Vous pourrez savourer des morceaux de ce fruit dans notre confiture onctueuse et douce.<br \/>\nLa poire est une excellente source de fibres, d\u2019antioxydants, de Vitamines. (Ces vertus que l&rsquo;on attribue \u00e0 chacun de ces fruits sont reconnues depuis des g\u00e9n\u00e9rations mais ne sauraient se substituer \u00e0 un traitement prescrit par un professionnel de la sant\u00e9.)<br \/>\nLa tradition rapporte que les souverains venant se faire sacrer dans la Cath\u00e9drale Notre-Dame de Reims, recevaient en cadeau une poire et une coupe de champagne.<\/p>\n<p>Composition<br \/>\nPoires Williams* 62.5%, sucre de canne blond \u00e9quitable* 37.5%. *Ingr\u00e9dients issus de l\u2019agriculture biologique.<br \/>\nNous rajoutons uniquement le sucre BIO n\u00e9cessaire exig\u00e9 par la l\u00e9gislation fran\u00e7aise, c\u2019est-\u00e0-dire au minimum 55% de sucre total (sucre du fruit compris). Sinon, il ne s&rsquo;agit pas de confiture.<br \/>\nNous pr\u00e9parons la plupart nos confitures avec un maximum de fruits: entre 55 et 65%. Pas de pectine. Pas de g\u00e9lifiant. Aucun rajout d\u2019aucune sorte.<br \/>\nNotre confiture de p\u00eaches est pr\u00e9par\u00e9e, quant \u00e0 elle, avec 62,5g de fruits pour 100g de produit fini. Teneur totale en sucre env. 56g pour 100g.<br \/>\nMalgr\u00e9 tous nos soins, ce produit peut contenir des p\u00e9pins ou morceaux de p\u00e9pins.<\/p>\n<p>Conservation<br \/>\nA conserver au frais apr\u00e8s ouverture.<\/p>\n<p>Valeurs nutritionnelles<\/p>\n<table width=\"269\">\n<tbody>\n<tr>\n<td width=\"157\">Energie (kcal)<\/td>\n<td width=\"112\">231<\/td>\n<\/tr>\n<tr>\n<td>Energie (kJ)<\/td>\n<td>981<\/td>\n<\/tr>\n<tr>\n<td>Mati\u00e8res grasses<\/td>\n<td>0,1 g<\/td>\n<\/tr>\n<tr>\n<td>dont acides gras satur\u00e9s<\/td>\n<td>0 g<\/td>\n<\/tr>\n<tr>\n<td>Glucides<\/td>\n<td>56 g<\/td>\n<\/tr>\n<tr>\n<td>dont sucres<\/td>\n<td>56 g<\/td>\n<\/tr>\n<tr>\n<td>Fibres alimentaires<\/td>\n<td>2,1 g<\/td>\n<\/tr>\n<tr>\n<td>Prot\u00e9ines<\/td>\n<td>0,2 g<\/td>\n<\/tr>\n<tr>\n<td>Sel<\/td>\n<td>0 g<\/td>\n<\/tr>\n<\/tbody>\n<\/table>\n","protected":false},"excerpt":{"rendered":"<h5>BIOLOKLOCK<\/h5>\n<p>Bioloklock est une entreprise artisanale qui est le fruit d&rsquo;un tr\u00e8s long engagement familial dans l&rsquo;agriculture biologique depuis le d\u00e9but des ann\u00e9es 1960.<\/p>\n","protected":false},"featured_media":3522,"comment_status":"open","ping_status":"closed","template":"","meta":[],"product_brand":[],"product_cat":[574,31,252],"product_tag":[],"class_list":{"0":"post-3521","1":"product","2":"type-product","3":"status-publish","4":"has-post-thumbnail","6":"product_cat-confitures","7":"product_cat-epicerie","8":"product_cat-bio","10":"first","11":"outofstock","12":"taxable","13":"shipping-taxable","14":"purchasable","15":"product-type-simple"},"jetpack_sharing_enabled":true,"_links":{"self":[{"href":"https:\/\/france-gastronomie.shop\/fr\/wp-json\/wp\/v2\/product\/3521","targetHints":{"allow":["GET"]}}],"collection":[{"href":"https:\/\/france-gastronomie.shop\/fr\/wp-json\/wp\/v2\/product"}],"about":[{"href":"https:\/\/france-gastronomie.shop\/fr\/wp-json\/wp\/v2\/types\/product"}],"replies":[{"embeddable":true,"href":"https:\/\/france-gastronomie.shop\/fr\/wp-json\/wp\/v2\/comments?post=3521"}],"wp:featuredmedia":[{"embeddable":true,"href":"https:\/\/france-gastronomie.shop\/fr\/wp-json\/wp\/v2\/media\/3522"}],"wp:attachment":[{"href":"https:\/\/france-gastronomie.shop\/fr\/wp-json\/wp\/v2\/media?parent=3521"}],"wp:term":[{"taxonomy":"product_brand","embeddable":true,"href":"https:\/\/france-gastronomie.shop\/fr\/wp-json\/wp\/v2\/product_brand?post=3521"},{"taxonomy":"product_cat","embeddable":true,"href":"https:\/\/france-gastronomie.shop\/fr\/wp-json\/wp\/v2\/product_cat?post=3521"},{"taxonomy":"product_tag","embeddable":true,"href":"https:\/\/france-gastronomie.shop\/fr\/wp-json\/wp\/v2\/product_tag?post=3521"}],"curies":[{"name":"wp","href":"https:\/\/api.w.org\/{rel}","templated":true}]}}