{"id":3484,"date":"2020-11-02T10:24:29","date_gmt":"2020-11-02T10:24:29","guid":{"rendered":"https:\/\/france-gastronomie.shop\/?post_type=product&#038;p=3484"},"modified":"2024-11-11T10:30:42","modified_gmt":"2024-11-11T10:30:42","slug":"confiture-dabricots","status":"publish","type":"product","link":"https:\/\/france-gastronomie.shop\/fr\/produit\/confiture-dabricots\/","title":{"rendered":"Abricots <br\/> Confiture"},"content":{"rendered":"<h5>Confiture d&rsquo;abricots BIO<\/h5>\n<h5>BIOLOKLOCK<\/h5>\n<p>Concoct\u00e9e avec de d\u00e9licieux abricots fran\u00e7ais gorg\u00e9s de soleil, notre confiture vous surprendra<br \/>\npar sa saveur estivale et son onctuosit\u00e9.<\/p>\n<p>Cette confiture onctueuse \u00e0 la couleur du soleil levant est propos\u00e9e en bocal en verre recyclable de 230g.<br \/>\nCette confiture d\u2019abricots BIO ne vous d\u00e9cevra jamais que ce soit \u00e0 la petite cuiller\u00e9e, sur un toast beurr\u00e9, une tartine de pain grill\u00e9, dans une cr\u00eape, une gaufre, un yaourt, du fromage blanc\u2026 ou en accompagnement de vos plats sal\u00e9s&#8230;<br \/>\nToutes nos confitures \u00e9labor\u00e9es \u00e0 l\u2019ancienne, selon des m\u00e9thodes de grands-m\u00e8res, en quantit\u00e9s r\u00e9duites, sont pr\u00e9par\u00e9es par des passionn\u00e9s du BIO, du respect de l\u2019environnement et de la sant\u00e9 ; un h\u00e9ritage familial transmis de g\u00e9n\u00e9ration en g\u00e9n\u00e9ration avec une profonde conviction.<\/p>\n<p>Bienfaits<br \/>\nLa saveur des morceaux d\u2019abricots que vous trouverez dans cette confiture BIO pourra ensoleiller votre palais<br \/>\n\u00e0 tout instant de la journ\u00e9e. L\u2019abricot est tr\u00e8s riche en fibres et en nutriments.<br \/>\n(Ces vertus que l&rsquo;on attribue \u00e0 chacun de ces fruits sont reconnues depuis des g\u00e9n\u00e9rations mais ne sauraient se substituer \u00e0 un traitement prescrit par un professionnel de la sant\u00e9.)<br \/>\nLe saviez-vous ? Dans le calendrier r\u00e9publicain fran\u00e7ais, le 13e jour du mois de Thermidor est d\u00e9nomm\u00e9 jour de l&rsquo;Abricot.<\/p>\n<p>Composition<br \/>\nAbricots* 60%, sucre de canne blond \u00e9quitable* 40%.<br \/>\n*Ingr\u00e9dients issus de l\u2019agriculture biologique.<br \/>\nNous rajoutons uniquement le sucre BIO n\u00e9cessaire exig\u00e9 par la l\u00e9gislation fran\u00e7aise, c\u2019est-\u00e0-dire au minimum 55% de sucre total (sucre du fruit compris). Sinon, il ne s&rsquo;agit pas de confiture.<br \/>\nNous pr\u00e9parons la plupart de nos confitures avec un maximum de fruits: entre 55 et 65%.<br \/>\nPas de pectine. Pas de g\u00e9lifiant. Aucun rajout d\u2019aucune sorte.<br \/>\nNotre confiture d\u2019abricots est pr\u00e9par\u00e9e, quant \u00e0 elle, avec 60g de fruits pour 100g de produit fini.<br \/>\nTeneur totale en sucre env. 55g pour 100g.<br \/>\nMalgr\u00e9 tous nos soins, ce produit peut contenir des noyaux ou des morceaux de noyaux.<\/p>\n<p>Conservation<br \/>\nA conserver au frais apr\u00e8s ouverture.<\/p>\n<p>Valeurs nutritionnelles<\/p>\n<table width=\"269\">\n<tbody>\n<tr>\n<td width=\"157\">Energie (kcal)<\/td>\n<td width=\"112\">233,5<\/td>\n<\/tr>\n<tr>\n<td>Energie (kJ)<\/td>\n<td>991,6<\/td>\n<\/tr>\n<tr>\n<td>Mati\u00e8res grasses<\/td>\n<td>0,3g<\/td>\n<\/tr>\n<tr>\n<td>dont acides gras satur\u00e9s<\/td>\n<td>0,0g<\/td>\n<\/tr>\n<tr>\n<td>Glucides<\/td>\n<td>56 g<\/td>\n<\/tr>\n<tr>\n<td>dont sucres<\/td>\n<td>55,6 g<\/td>\n<\/tr>\n<tr>\n<td>Fibres alimentaires<\/td>\n<td>1,3 g<\/td>\n<\/tr>\n<tr>\n<td>Prot\u00e9ines<\/td>\n<td>0,8 g<\/td>\n<\/tr>\n<tr>\n<td>Sel<\/td>\n<td>0,0 g<\/td>\n<\/tr>\n<\/tbody>\n<\/table>\n","protected":false},"excerpt":{"rendered":"<h5>BIOLOKLOCK<\/h5>\n<p>Bioloklock est une entreprise artisanale qui est le fruit d&rsquo;un tr\u00e8s long engagement familial dans l&rsquo;agriculture biologique depuis le d\u00e9but des ann\u00e9es 1960.<\/p>\n","protected":false},"featured_media":3485,"comment_status":"open","ping_status":"closed","template":"","meta":[],"product_brand":[],"product_cat":[574,31,252],"product_tag":[],"class_list":{"0":"post-3484","1":"product","2":"type-product","3":"status-publish","4":"has-post-thumbnail","6":"product_cat-confitures","7":"product_cat-epicerie","8":"product_cat-bio","10":"first","11":"outofstock","12":"taxable","13":"shipping-taxable","14":"purchasable","15":"product-type-simple"},"jetpack_sharing_enabled":true,"_links":{"self":[{"href":"https:\/\/france-gastronomie.shop\/fr\/wp-json\/wp\/v2\/product\/3484","targetHints":{"allow":["GET"]}}],"collection":[{"href":"https:\/\/france-gastronomie.shop\/fr\/wp-json\/wp\/v2\/product"}],"about":[{"href":"https:\/\/france-gastronomie.shop\/fr\/wp-json\/wp\/v2\/types\/product"}],"replies":[{"embeddable":true,"href":"https:\/\/france-gastronomie.shop\/fr\/wp-json\/wp\/v2\/comments?post=3484"}],"wp:featuredmedia":[{"embeddable":true,"href":"https:\/\/france-gastronomie.shop\/fr\/wp-json\/wp\/v2\/media\/3485"}],"wp:attachment":[{"href":"https:\/\/france-gastronomie.shop\/fr\/wp-json\/wp\/v2\/media?parent=3484"}],"wp:term":[{"taxonomy":"product_brand","embeddable":true,"href":"https:\/\/france-gastronomie.shop\/fr\/wp-json\/wp\/v2\/product_brand?post=3484"},{"taxonomy":"product_cat","embeddable":true,"href":"https:\/\/france-gastronomie.shop\/fr\/wp-json\/wp\/v2\/product_cat?post=3484"},{"taxonomy":"product_tag","embeddable":true,"href":"https:\/\/france-gastronomie.shop\/fr\/wp-json\/wp\/v2\/product_tag?post=3484"}],"curies":[{"name":"wp","href":"https:\/\/api.w.org\/{rel}","templated":true}]}}