{"id":3377,"date":"2020-10-20T09:05:15","date_gmt":"2020-10-20T09:05:15","guid":{"rendered":"https:\/\/france-gastronomie.shop\/?post_type=product&#038;p=3377"},"modified":"2025-01-13T12:16:37","modified_gmt":"2025-01-13T12:16:37","slug":"anchois-a-lhuile-dolive-vierge-extra-bio","status":"publish","type":"product","link":"https:\/\/france-gastronomie.shop\/fr\/produit\/anchois-a-lhuile-dolive-vierge-extra-bio\/","title":{"rendered":"Anchois \u00e0 l&rsquo;huile <br\/> d&rsquo;olive extra"},"content":{"rendered":"<h5>Anchois \u00e0 l&rsquo;huile d&rsquo;olive vierge extra &#8211; BIO<\/h5>\n<h5>La Bonne Mer<\/h5>\n<p>Comme autrefois, nos anchois sont pr\u00e9par\u00e9s \u00e0 la main et mis sur des grilles pour une cuisson \u00e0 la vapeur, dans nos ateliers situ\u00e9s \u00e0 Port Saint Louis du Rh\u00f4ne en Provence. Ils sont accompagn\u00e9s d\u2019ingr\u00e9dients issus de l\u2019agriculture biologique.<\/p>\n<p>Conseils de consommation<br \/>\nId\u00e9al pour l\u2019ap\u00e9ritif et pour les salades.<\/p>\n<p>Conseil de conservation<br \/>\nAvant ouverture, stocker \u00e0 temp\u00e9rature ambiante. A consommer de pr\u00e9f\u00e9rence avant le: voir sur le couvercle.<br \/>\nApr\u00e8s ouverture, conserver au frais et consommer rapidement.<\/p>\n<p>Caract\u00e9ristiques organoleptiques<br \/>\nAnchois de dimension uniforme, r\u00e9guli\u00e8rement dispos\u00e9s. Sans t\u00eate, sans queue, correctement par\u00e9s.<br \/>\nExempts de l\u00e9sions importantes, bonne consistance et couleur. Absence de visc\u00e8res autres que les \u0153ufs, la laitance ou les reins. Exempt de go\u00fbts et odeurs anormaux (amer, oxyd\u00e9 ou rance).<br \/>\nHuile de couleur normale, limpide, exempte de mati\u00e8re \u00e9trang\u00e8re.<\/p>\n<p>Ingr\u00e9dients<br \/>\nAnchois sauvages (Engraulis encrasicolus) 70 %, huile d\u2019olive vierge extra *, sel.<br \/>\n* 29,2 % des ingr\u00e9dients agricoles sont issus de l\u2019agriculture biologique.<\/p>\n<p>Allerg\u00e8nes<br \/>\nPoissons<\/p>\n<p>OGM<br \/>\nAucun<\/p>\n<p>Produits ionis\u00e9<br \/>\nAucun<\/p>\n<p>Colorants et conservateurs<br \/>\nAucun<\/p>\n<p>Poids<br \/>\n69 g<\/p>\n<p>DLC<br \/>\n60 mois<\/p>\n<p>Valeurs nutritionnelles<\/p>\n<table width=\"268\">\n<tbody>\n<tr>\n<td width=\"158\">Energie\/100g \u00e9goutt\u00e9s<\/td>\n<td width=\"110\">761 kJ \/ 182 kcal<\/td>\n<\/tr>\n<tr>\n<td>Mati\u00e8res grasses<\/td>\n<td>8,4 g<\/td>\n<\/tr>\n<tr>\n<td>Dont acides gras satur\u00e9s<\/td>\n<td>3,1 g<\/td>\n<\/tr>\n<tr>\n<td>Glucides<\/td>\n<td>&lt; 0,5 g<\/td>\n<\/tr>\n<tr>\n<td>Dont sucres<\/td>\n<td>&lt; 0,5 g<\/td>\n<\/tr>\n<tr>\n<td>Prot\u00e9ines<\/td>\n<td>26 g<\/td>\n<\/tr>\n<tr>\n<td>Sel<\/td>\n<td>1,2 g<\/td>\n<\/tr>\n<\/tbody>\n<\/table>\n<p>&nbsp;<\/p>\n","protected":false},"excerpt":{"rendered":"<h5>La Bonne Mer<\/h5>\n<p>C&rsquo;est en 1920, que d\u00e9bute la \u00ab\u00a0saga familiale\u00a0\u00bb Ferrigno.<\/p>\n<p>P\u00eacheur en M\u00e9diterran\u00e9e depuis trois g\u00e9n\u00e9rations, la p\u00eache est pour nous plus qu&rsquo;un m\u00e9tier, c&rsquo;est une passion.<br \/>\nLe go\u00fbt de l&rsquo;authentique, plus qu&rsquo;un slogan, c&rsquo;est v\u00e9ritablement notre ma\u00eetre mot&#8230;<\/p>\n","protected":false},"featured_media":14196,"comment_status":"closed","ping_status":"closed","template":"","meta":[],"product_brand":[],"product_cat":[575,31,252],"product_tag":[],"class_list":{"0":"post-3377","1":"product","2":"type-product","3":"status-publish","4":"has-post-thumbnail","6":"product_cat-conserves","7":"product_cat-epicerie","8":"product_cat-bio","10":"first","11":"outofstock","12":"taxable","13":"shipping-taxable","14":"purchasable","15":"product-type-simple"},"jetpack_sharing_enabled":true,"_links":{"self":[{"href":"https:\/\/france-gastronomie.shop\/fr\/wp-json\/wp\/v2\/product\/3377","targetHints":{"allow":["GET"]}}],"collection":[{"href":"https:\/\/france-gastronomie.shop\/fr\/wp-json\/wp\/v2\/product"}],"about":[{"href":"https:\/\/france-gastronomie.shop\/fr\/wp-json\/wp\/v2\/types\/product"}],"replies":[{"embeddable":true,"href":"https:\/\/france-gastronomie.shop\/fr\/wp-json\/wp\/v2\/comments?post=3377"}],"wp:featuredmedia":[{"embeddable":true,"href":"https:\/\/france-gastronomie.shop\/fr\/wp-json\/wp\/v2\/media\/14196"}],"wp:attachment":[{"href":"https:\/\/france-gastronomie.shop\/fr\/wp-json\/wp\/v2\/media?parent=3377"}],"wp:term":[{"taxonomy":"product_brand","embeddable":true,"href":"https:\/\/france-gastronomie.shop\/fr\/wp-json\/wp\/v2\/product_brand?post=3377"},{"taxonomy":"product_cat","embeddable":true,"href":"https:\/\/france-gastronomie.shop\/fr\/wp-json\/wp\/v2\/product_cat?post=3377"},{"taxonomy":"product_tag","embeddable":true,"href":"https:\/\/france-gastronomie.shop\/fr\/wp-json\/wp\/v2\/product_tag?post=3377"}],"curies":[{"name":"wp","href":"https:\/\/api.w.org\/{rel}","templated":true}]}}