{"id":3320,"date":"2020-10-16T08:47:47","date_gmt":"2020-10-16T08:47:47","guid":{"rendered":"https:\/\/france-gastronomie.shop\/?post_type=product&#038;p=3320"},"modified":"2026-02-04T12:08:44","modified_gmt":"2026-02-04T11:08:44","slug":"fritons-de-canard-au-piment-despelette","status":"publish","type":"product","link":"https:\/\/france-gastronomie.shop\/fr\/produit\/fritons-de-canard-au-piment-despelette\/","title":{"rendered":"Fritons de Canard <br\/> au Piment d\u2019Espelette"},"content":{"rendered":"<h5>Fritons de Canard au Piment d\u2019Espelette<\/h5>\n<h5>Castaing Foie Gras<\/h5>\n<p>R\u00e9alis\u00e9s dans le respect des recettes de nos a\u00een\u00e9s, \u00e0 partir des meilleurs ingr\u00e9dients locaux et selon des m\u00e9thodes artisanales.<br \/>\nCes sp\u00e9cialit\u00e9s sont parfaites pour la r\u00e9alisation d\u2019entr\u00e9es soign\u00e9es, de salades gourmandes, ou plus rustiques, d\u2019assiettes de charcuterie.<\/p>\n<p>Composition<br \/>\nParure de canard, graisse de canard, ail, sel, piment d\u2019Espelette (0,5%), poivre.<\/p>\n<p>Allerg\u00e8nes<br \/>\nAucun<\/p>\n<p>OGM<br \/>\nAucun<\/p>\n<p>D\u00e9signation<br \/>\nBocal<\/p>\n<p>Poids<br \/>\n180 g<\/p>\n<p>Conditions de conservation<br \/>\nStockage dans un endroit frais et sec.<\/p>\n<p>Valeurs nutritionnelles<\/p>\n<table width=\"296\">\n<tbody>\n<tr>\n<td width=\"166\">Energie\/100g kJ<\/td>\n<td width=\"130\">3 567 kJ<\/td>\n<\/tr>\n<tr>\n<td>Energie\/100g kcal<\/td>\n<td>852 kcal<\/td>\n<\/tr>\n<tr>\n<td>Matieres grasses<\/td>\n<td>96 g<\/td>\n<\/tr>\n<tr>\n<td>dont acides gras satur\u00e9s<\/td>\n<td>32 g<\/td>\n<\/tr>\n<tr>\n<td>Glucides<\/td>\n<td>0,6 g<\/td>\n<\/tr>\n<tr>\n<td>dont sucres<\/td>\n<td>&lt; 0,5 g<\/td>\n<\/tr>\n<tr>\n<td>Proteines<\/td>\n<td>&lt; 0,5 g<\/td>\n<\/tr>\n<tr>\n<td>Sel<\/td>\n<td>1,2 g<\/td>\n<\/tr>\n<\/tbody>\n<\/table>\n<p>&nbsp;<\/p>\n<p>&nbsp;<\/p>\n","protected":false},"excerpt":{"rendered":"<div class=\"woocommerce-product-details__short-description\">\n<h5>Castaing Foie Gras<\/h5>\n<p>CASTAING FOIE-GRAS utilise le meilleur canard \u00e0 foie gras, le canard MULARD \u00e0 souche dite lourde et \u00e0 croissance lente, \u00e9lev\u00e9 de fa\u00e7on traditionnelle en plein air avec une alimentation 100% naturelle<br \/>\ndans des petites exploitations agricoles \u00e0 taille humaine.<br \/>\nNos \u00e9leveurs respectent scrupuleusement le cahier des charges du canard fermier \u00ab\u00a0Label Rouge \u2013 LANDES\u00a0\u00bb.<br \/>\nDans chaque pr\u00e9paration, nous transmettons le savoir-faire de nos a\u00een\u00e9s, enrichi par l\u2019\u00e9volution de la technologie et des go\u00fbts.<\/p>\n<\/div>\n","protected":false},"featured_media":3578,"comment_status":"closed","ping_status":"closed","template":"","meta":[],"product_brand":[],"product_cat":[573,31],"product_tag":[],"class_list":{"0":"post-3320","1":"product","2":"type-product","3":"status-publish","4":"has-post-thumbnail","6":"product_cat-terrines","7":"product_cat-epicerie","9":"first","10":"outofstock","11":"taxable","12":"shipping-taxable","13":"purchasable","14":"product-type-simple"},"jetpack_sharing_enabled":true,"_links":{"self":[{"href":"https:\/\/france-gastronomie.shop\/fr\/wp-json\/wp\/v2\/product\/3320","targetHints":{"allow":["GET"]}}],"collection":[{"href":"https:\/\/france-gastronomie.shop\/fr\/wp-json\/wp\/v2\/product"}],"about":[{"href":"https:\/\/france-gastronomie.shop\/fr\/wp-json\/wp\/v2\/types\/product"}],"replies":[{"embeddable":true,"href":"https:\/\/france-gastronomie.shop\/fr\/wp-json\/wp\/v2\/comments?post=3320"}],"wp:featuredmedia":[{"embeddable":true,"href":"https:\/\/france-gastronomie.shop\/fr\/wp-json\/wp\/v2\/media\/3578"}],"wp:attachment":[{"href":"https:\/\/france-gastronomie.shop\/fr\/wp-json\/wp\/v2\/media?parent=3320"}],"wp:term":[{"taxonomy":"product_brand","embeddable":true,"href":"https:\/\/france-gastronomie.shop\/fr\/wp-json\/wp\/v2\/product_brand?post=3320"},{"taxonomy":"product_cat","embeddable":true,"href":"https:\/\/france-gastronomie.shop\/fr\/wp-json\/wp\/v2\/product_cat?post=3320"},{"taxonomy":"product_tag","embeddable":true,"href":"https:\/\/france-gastronomie.shop\/fr\/wp-json\/wp\/v2\/product_tag?post=3320"}],"curies":[{"name":"wp","href":"https:\/\/api.w.org\/{rel}","templated":true}]}}