{"id":3314,"date":"2020-10-16T08:21:08","date_gmt":"2020-10-16T08:21:08","guid":{"rendered":"https:\/\/france-gastronomie.shop\/?post_type=product&#038;p=3314"},"modified":"2025-12-12T19:02:55","modified_gmt":"2025-12-12T19:02:55","slug":"cassoulet-gastronomique-au-confit-doie","status":"publish","type":"product","link":"https:\/\/france-gastronomie.shop\/fr\/produit\/cassoulet-gastronomique-au-confit-doie\/","title":{"rendered":"Cassoulet gastronomique <br\/> au confit d\u2019Oie"},"content":{"rendered":"<h5>Cassoulet gastronomique au confit d\u2019Oie<\/h5>\n<h5>Castaing Foie-Gras<\/h5>\n<p>Nos cuisiniers mettent tout leur savoir faire dans l\u2019\u00e9laboration de ces recettes pour vous faire partager le meilleur du Sud-Ouest comme \u00ab fait \u00e0 la maison \u00bb.<\/p>\n<p>Composition<br \/>\nHaricots lingots, sauce (cuisin\u00e9e avec eau, carottes, oignons, graisse de canard, jus de tomates, amidon, poireaux, concentr\u00e9 de tomates, ar\u00f4me (gluten), sel, fond blanc de volaille (sel, ar\u00f4mes, f\u00e9cule de pomme de terre, graisse de poulet, plantes aromatiques, maltodextrine de pomme de terre, sirop de glucose, \u00e9pices, poulet d\u00e9shydrat\u00e9, antioxydants : extrait de romarin), ail, c\u00e9leri, \u00e9pices, plantes aromatiques), saucisses de Toulouse 16% (viande et gras de porc, sel, \u00e9pices, ail, sucre), confit d\u2019oie (11,9%).<\/p>\n<p>Allerg\u00e8nes<br \/>\nC\u00e9r\u00e9ales contenant du gluten et produits \u00e0 base de ces cereales, c\u00e9leri et produits \u00e0 base de c\u00e9leri.<\/p>\n<p>OGM<br \/>\nAucun<\/p>\n<p>D\u00e9signation<br \/>\nBocal<\/p>\n<p>Conditions de conservation<br \/>\nStockage dans un endroit frais et sec.<\/p>\n<p>Valeurs nutritionnelles<\/p>\n<table width=\"296\">\n<tbody>\n<tr>\n<td width=\"166\">Energie\/100g kJ<\/td>\n<td width=\"130\">663 kJ<\/td>\n<\/tr>\n<tr>\n<td>Energie\/100g kcal<\/td>\n<td>158 kcal<\/td>\n<\/tr>\n<tr>\n<td>Matieres grasses<\/td>\n<td>8,7 g<\/td>\n<\/tr>\n<tr>\n<td>dont acides gras satur\u00e9s<\/td>\n<td>2,9 g<\/td>\n<\/tr>\n<tr>\n<td>Glucides<\/td>\n<td>11 g<\/td>\n<\/tr>\n<tr>\n<td>dont sucres<\/td>\n<td>&lt; 0,5 g<\/td>\n<\/tr>\n<tr>\n<td>Proteines<\/td>\n<td>8,9 g<\/td>\n<\/tr>\n<tr>\n<td>Sel<\/td>\n<td>0,34 g<\/td>\n<\/tr>\n<\/tbody>\n<\/table>\n<p>&nbsp;<\/p>\n","protected":false},"excerpt":{"rendered":"<div class=\"woocommerce-product-details__short-description\">\n<h5>Castaing Foie Gras<\/h5>\n<p>CASTAING FOIE-GRAS utilise le meilleur canard \u00e0 foie gras, le canard MULARD \u00e0 souche dite lourde et \u00e0 croissance lente, \u00e9lev\u00e9 de fa\u00e7on traditionnelle en plein air avec une alimentation 100% naturelle<br \/>\ndans des petites exploitations agricoles \u00e0 taille humaine.<br \/>\nNos \u00e9leveurs respectent scrupuleusement le cahier des charges du canard fermier \u00ab\u00a0Label Rouge \u2013 LANDES\u00a0\u00bb.<br \/>\nDans chaque pr\u00e9paration, nous transmettons le savoir-faire de nos a\u00een\u00e9s, enrichi par l\u2019\u00e9volution de la technologie et des go\u00fbts.<\/p>\n<\/div>\n","protected":false},"featured_media":25999,"comment_status":"closed","ping_status":"closed","template":"","meta":[],"product_brand":[],"product_cat":[32],"product_tag":[],"class_list":{"0":"post-3314","1":"product","2":"type-product","3":"status-publish","4":"has-post-thumbnail","6":"product_cat-plats-prepares","8":"first","9":"instock","10":"taxable","11":"shipping-taxable","12":"purchasable","13":"product-type-simple"},"jetpack_sharing_enabled":true,"_links":{"self":[{"href":"https:\/\/france-gastronomie.shop\/fr\/wp-json\/wp\/v2\/product\/3314","targetHints":{"allow":["GET"]}}],"collection":[{"href":"https:\/\/france-gastronomie.shop\/fr\/wp-json\/wp\/v2\/product"}],"about":[{"href":"https:\/\/france-gastronomie.shop\/fr\/wp-json\/wp\/v2\/types\/product"}],"replies":[{"embeddable":true,"href":"https:\/\/france-gastronomie.shop\/fr\/wp-json\/wp\/v2\/comments?post=3314"}],"wp:featuredmedia":[{"embeddable":true,"href":"https:\/\/france-gastronomie.shop\/fr\/wp-json\/wp\/v2\/media\/25999"}],"wp:attachment":[{"href":"https:\/\/france-gastronomie.shop\/fr\/wp-json\/wp\/v2\/media?parent=3314"}],"wp:term":[{"taxonomy":"product_brand","embeddable":true,"href":"https:\/\/france-gastronomie.shop\/fr\/wp-json\/wp\/v2\/product_brand?post=3314"},{"taxonomy":"product_cat","embeddable":true,"href":"https:\/\/france-gastronomie.shop\/fr\/wp-json\/wp\/v2\/product_cat?post=3314"},{"taxonomy":"product_tag","embeddable":true,"href":"https:\/\/france-gastronomie.shop\/fr\/wp-json\/wp\/v2\/product_tag?post=3314"}],"curies":[{"name":"wp","href":"https:\/\/api.w.org\/{rel}","templated":true}]}}