{"id":3163,"date":"2020-10-15T09:25:14","date_gmt":"2020-10-15T09:25:14","guid":{"rendered":"https:\/\/france-gastronomie.shop\/?post_type=product&#038;p=3163"},"modified":"2026-02-04T12:19:23","modified_gmt":"2026-02-04T11:19:23","slug":"chutney-de-mangues-au-poivre","status":"publish","type":"product","link":"https:\/\/france-gastronomie.shop\/fr\/produit\/chutney-de-mangues-au-poivre\/","title":{"rendered":"Confit de mangues <br\/> au poivre de Sichuan"},"content":{"rendered":"<h5>Confit de mangues au poivre de Sichuan<\/h5>\n<h5>Castaing Foie Gras<\/h5>\n<p>R\u00e9alis\u00e9s dans le respect des recettes de nos a\u00een\u00e9s, \u00e0 partir des meilleurs ingr\u00e9dients locaux et selon des m\u00e9thodes artisanales.<br \/>\nCes sp\u00e9cialit\u00e9s sont parfaites pour la r\u00e9alisation d\u2019entr\u00e9es soign\u00e9es, de salades gourmandes, ou plus rustiques, d\u2019assiettes de charcuterie.<\/p>\n<p>Composition<br \/>\nMangues 38 %, sucre, pommes, eau, oignons, vinaigre de cidre (sulfites), vinaigre de X\u00e9r\u00e8s (sulfites), g\u00e9lifiant: pectine, sel, curry, poivre de Sichuan 0.02%.<\/p>\n<p>Allerg\u00e8nes<br \/>\nSulfites.<\/p>\n<p>OGM<br \/>\nNON<\/p>\n<p>D\u00e9signation<br \/>\nBocal<\/p>\n<p>Poids<br \/>\n100 g<\/p>\n<p>Conditions de conservation<br \/>\nStockage dans un endroit frais et sec.<\/p>\n<p>Valeurs nutritionnelles<\/p>\n<table width=\"296\">\n<tbody>\n<tr>\n<td width=\"166\">Energie\/100g kJ<\/td>\n<td width=\"130\">637<\/td>\n<\/tr>\n<tr>\n<td>Energie\/100g kcal<\/td>\n<td>152<\/td>\n<\/tr>\n<tr>\n<td>Matieres grasses<\/td>\n<td>&lt;0,5g<\/td>\n<\/tr>\n<tr>\n<td>dont acides gras satur\u00e9s<\/td>\n<td>&lt;0,1g<\/td>\n<\/tr>\n<tr>\n<td>Glucides<\/td>\n<td>37g<\/td>\n<\/tr>\n<tr>\n<td>dont sucres<\/td>\n<td>35g<\/td>\n<\/tr>\n<tr>\n<td>Proteines<\/td>\n<td>&lt;0,5g<\/td>\n<\/tr>\n<tr>\n<td>Sel<\/td>\n<td>0,57g<\/td>\n<\/tr>\n<\/tbody>\n<\/table>\n","protected":false},"excerpt":{"rendered":"<div class=\"woocommerce-product-details__short-description\">\n<h5>Castaing Foie Gras<\/h5>\n<p>CASTAING FOIE-GRAS utilise le meilleur canard \u00e0 foie gras, le canard MULARD \u00e0 souche dite lourde et \u00e0 croissance lente, \u00e9lev\u00e9 de fa\u00e7on traditionnelle en plein air avec une alimentation 100% naturelle<br \/>\ndans des petites exploitations agricoles \u00e0 taille humaine.<br \/>\nNos \u00e9leveurs respectent scrupuleusement le cahier des charges du canard fermier \u00ab\u00a0Label Rouge \u2013 LANDES\u00a0\u00bb.<br \/>\nDans chaque pr\u00e9paration, nous transmettons le savoir-faire de nos a\u00een\u00e9s, enrichi par l\u2019\u00e9volution de la technologie et des go\u00fbts.<\/p>\n<\/div>\n","protected":false},"featured_media":3266,"comment_status":"closed","ping_status":"closed","template":"","meta":[],"product_brand":[],"product_cat":[31],"product_tag":[],"class_list":{"0":"post-3163","1":"product","2":"type-product","3":"status-publish","4":"has-post-thumbnail","6":"product_cat-epicerie","8":"first","9":"instock","10":"taxable","11":"shipping-taxable","12":"purchasable","13":"product-type-simple"},"jetpack_sharing_enabled":true,"_links":{"self":[{"href":"https:\/\/france-gastronomie.shop\/fr\/wp-json\/wp\/v2\/product\/3163","targetHints":{"allow":["GET"]}}],"collection":[{"href":"https:\/\/france-gastronomie.shop\/fr\/wp-json\/wp\/v2\/product"}],"about":[{"href":"https:\/\/france-gastronomie.shop\/fr\/wp-json\/wp\/v2\/types\/product"}],"replies":[{"embeddable":true,"href":"https:\/\/france-gastronomie.shop\/fr\/wp-json\/wp\/v2\/comments?post=3163"}],"wp:featuredmedia":[{"embeddable":true,"href":"https:\/\/france-gastronomie.shop\/fr\/wp-json\/wp\/v2\/media\/3266"}],"wp:attachment":[{"href":"https:\/\/france-gastronomie.shop\/fr\/wp-json\/wp\/v2\/media?parent=3163"}],"wp:term":[{"taxonomy":"product_brand","embeddable":true,"href":"https:\/\/france-gastronomie.shop\/fr\/wp-json\/wp\/v2\/product_brand?post=3163"},{"taxonomy":"product_cat","embeddable":true,"href":"https:\/\/france-gastronomie.shop\/fr\/wp-json\/wp\/v2\/product_cat?post=3163"},{"taxonomy":"product_tag","embeddable":true,"href":"https:\/\/france-gastronomie.shop\/fr\/wp-json\/wp\/v2\/product_tag?post=3163"}],"curies":[{"name":"wp","href":"https:\/\/api.w.org\/{rel}","templated":true}]}}