{"id":3123,"date":"2020-10-15T08:49:11","date_gmt":"2020-10-15T08:49:11","guid":{"rendered":"https:\/\/france-gastronomie.shop\/?post_type=product&#038;p=3123"},"modified":"2026-02-04T12:21:39","modified_gmt":"2026-02-04T11:21:39","slug":"la-blanquete-de-veau","status":"publish","type":"product","link":"https:\/\/france-gastronomie.shop\/fr\/produit\/la-blanquete-de-veau\/","title":{"rendered":"Blanquette <br\/> de Veau 40%"},"content":{"rendered":"<h5>Blanquette de Veau<\/h5>\n<h5>Castaing Foie Gras<\/h5>\n<p>Nos cuisiniers mettent tout leur savoir faire dans l\u2019\u00e9laboration de ces recettes pour vous faire partager<br \/>\nle meilleur du Sud-Ouest comme \u00abfait \u00e0 la maison\u00bb.<\/p>\n<p>Composition<br \/>\nViande de veau 40% (origine: France), sauce (eau, cr\u00e8me, carcasse de volaille, beurre, farine de bl\u00e9, amidon, poireaux,<br \/>\noignons, carottes, c\u00e9leri, ail, sel, poivre, plantes aromatiques), carottes, champignons de Paris, oignons grelots, sel.<\/p>\n<p>Allerg\u00e8nes<br \/>\nC\u00e9r\u00e9ales contenant du gluten et produits \u00e0 base de ces c\u00e9r\u00e9ales, lait et produit \u00e0 base de lait, c\u00e9leri et produits \u00e0 base de c\u00e9leri.<\/p>\n<p>OGM<br \/>\nNON<\/p>\n<p>D\u00e9signation<br \/>\nBocal<\/p>\n<p>Poids<br \/>\n750\/400 g<\/p>\n<p>Conditions de conservation<br \/>\nStockage dans un endroit frais et sec.<\/p>\n<p>Valeurs nutritionnelles<\/p>\n<table width=\"296\">\n<tbody>\n<tr>\n<td width=\"166\">Energie\/100g kJ<\/td>\n<td width=\"130\">309<\/td>\n<\/tr>\n<tr>\n<td>Energie\/100g kcal<\/td>\n<td>74<\/td>\n<\/tr>\n<tr>\n<td>Matieres grasses<\/td>\n<td>3,3g<\/td>\n<\/tr>\n<tr>\n<td>dont acides gras satur\u00e9s<\/td>\n<td>1,3g<\/td>\n<\/tr>\n<tr>\n<td>Glucides<\/td>\n<td>3,0g<\/td>\n<\/tr>\n<tr>\n<td>dont sucres<\/td>\n<td>1,2g<\/td>\n<\/tr>\n<tr>\n<td>Proteines<\/td>\n<td>8,1g<\/td>\n<\/tr>\n<tr>\n<td>Sel<\/td>\n<td>0,51g<\/td>\n<\/tr>\n<\/tbody>\n<\/table>\n","protected":false},"excerpt":{"rendered":"<div class=\"woocommerce-product-details__short-description\">\n<h5>Castaing Foie Gras<\/h5>\n<p>CASTAING FOIE-GRAS utilise le meilleur canard \u00e0 foie gras, le canard MULARD \u00e0 souche dite lourde et \u00e0 croissance lente, \u00e9lev\u00e9 de fa\u00e7on traditionnelle en plein air avec une alimentation 100% naturelle<br \/>\ndans des petites exploitations agricoles \u00e0 taille humaine.<br \/>\nNos \u00e9leveurs respectent scrupuleusement le cahier des charges du canard fermier \u00ab\u00a0Label Rouge \u2013 LANDES\u00a0\u00bb.<br \/>\nDans chaque pr\u00e9paration, nous transmettons le savoir-faire de nos a\u00een\u00e9s, enrichi par l\u2019\u00e9volution de la technologie et des go\u00fbts.<\/p>\n<\/div>\n","protected":false},"featured_media":4398,"comment_status":"closed","ping_status":"closed","template":"","meta":[],"product_brand":[],"product_cat":[32],"product_tag":[],"class_list":{"0":"post-3123","1":"product","2":"type-product","3":"status-publish","4":"has-post-thumbnail","6":"product_cat-plats-prepares","8":"first","9":"instock","10":"taxable","11":"shipping-taxable","12":"purchasable","13":"product-type-variable"},"jetpack_sharing_enabled":true,"_links":{"self":[{"href":"https:\/\/france-gastronomie.shop\/fr\/wp-json\/wp\/v2\/product\/3123","targetHints":{"allow":["GET"]}}],"collection":[{"href":"https:\/\/france-gastronomie.shop\/fr\/wp-json\/wp\/v2\/product"}],"about":[{"href":"https:\/\/france-gastronomie.shop\/fr\/wp-json\/wp\/v2\/types\/product"}],"replies":[{"embeddable":true,"href":"https:\/\/france-gastronomie.shop\/fr\/wp-json\/wp\/v2\/comments?post=3123"}],"wp:featuredmedia":[{"embeddable":true,"href":"https:\/\/france-gastronomie.shop\/fr\/wp-json\/wp\/v2\/media\/4398"}],"wp:attachment":[{"href":"https:\/\/france-gastronomie.shop\/fr\/wp-json\/wp\/v2\/media?parent=3123"}],"wp:term":[{"taxonomy":"product_brand","embeddable":true,"href":"https:\/\/france-gastronomie.shop\/fr\/wp-json\/wp\/v2\/product_brand?post=3123"},{"taxonomy":"product_cat","embeddable":true,"href":"https:\/\/france-gastronomie.shop\/fr\/wp-json\/wp\/v2\/product_cat?post=3123"},{"taxonomy":"product_tag","embeddable":true,"href":"https:\/\/france-gastronomie.shop\/fr\/wp-json\/wp\/v2\/product_tag?post=3123"}],"curies":[{"name":"wp","href":"https:\/\/api.w.org\/{rel}","templated":true}]}}