{"id":3043,"date":"2020-10-12T08:02:51","date_gmt":"2020-10-12T08:02:51","guid":{"rendered":"https:\/\/france-gastronomie.shop\/?post_type=product&#038;p=3043"},"modified":"2026-02-04T12:48:07","modified_gmt":"2026-02-04T11:48:07","slug":"terrine-de-canard-a-larmagnac","status":"publish","type":"product","link":"https:\/\/france-gastronomie.shop\/fr\/produit\/terrine-de-canard-a-larmagnac\/","title":{"rendered":"Terrine de Canard <br\/> \u00e0 l\u2019Armagnac"},"content":{"rendered":"<h5>Terrine de Canard \u00e0 l\u2019Armagnac<\/h5>\n<h5>Castaing Foie Gras<\/h5>\n<p>R\u00e9alis\u00e9s dans le respect des recettes de nos a\u00een\u00e9s, \u00e0 partir des meilleurs ingr\u00e9dients locaux et selon des m\u00e9thodes artisanales.<br \/>\nCes sp\u00e9cialit\u00e9s sont parfaites pour la r\u00e9alisation d\u2019entr\u00e9es soign\u00e9es, de salades gourmandes, ou plus rustiques, d\u2019assiettes de charcuterie.<\/p>\n<p>Composition<br \/>\nViande de canard (origine : France) 43%, viande et gras de porc (origine : France), \u0153ufs, vin rouge (sulfites), foies de volaille, amidon, Armagnac 1.8%, g\u00e9latine, sel, \u00e9pices, sucre, dextrose, ail, plantes aromatiques.<\/p>\n<p>Proc\u00e9d\u00e9 de fabrication<br \/>\nProduit pr\u00e9par\u00e9, assembl\u00e9 et emboit\u00e9. Sertissage des bo\u00eetes puis st\u00e9rilisation.<\/p>\n<p>Allerg\u00e8nes<br \/>\n\u0153ufs et produits \u00e0 base d\u2019\u0153ufs, sulfites<\/p>\n<p>OGM<br \/>\nAucun<\/p>\n<p>D\u00e9signation<br \/>\nBocal<\/p>\n<p>Poids<br \/>\n180 g<\/p>\n<p>Conditions de conservation<br \/>\nStockage dans un endroit frais et sec.<\/p>\n<p>Valeurs nutritionnelles<\/p>\n<table width=\"296\">\n<tbody>\n<tr>\n<td width=\"166\">Energie\/100g kJ<\/td>\n<td width=\"130\">945 kJ<\/td>\n<\/tr>\n<tr>\n<td>Energie\/100g kcal<\/td>\n<td>226 kcal<\/td>\n<\/tr>\n<tr>\n<td>Matieres grasses<\/td>\n<td>16 g<\/td>\n<\/tr>\n<tr>\n<td>dont acides gras satur\u00e9s<\/td>\n<td>5,6 g<\/td>\n<\/tr>\n<tr>\n<td>Glucides<\/td>\n<td>4,0 g<\/td>\n<\/tr>\n<tr>\n<td>dont sucres<\/td>\n<td>&lt; 0,5 g<\/td>\n<\/tr>\n<tr>\n<td>Proteines<\/td>\n<td>14 g<\/td>\n<\/tr>\n<tr>\n<td>Sel<\/td>\n<td>1,4 g<\/td>\n<\/tr>\n<\/tbody>\n<\/table>\n<p>&nbsp;<\/p>\n","protected":false},"excerpt":{"rendered":"<div class=\"woocommerce-product-details__short-description\">\n<h5>Castaing Foie Gras<\/h5>\n<p>CASTAING FOIE-GRAS utilise le meilleur canard \u00e0 foie gras, le canard MULARD \u00e0 souche dite lourde et \u00e0 croissance lente, \u00e9lev\u00e9 de fa\u00e7on traditionnelle en plein air avec une alimentation 100% naturelle<br \/>\ndans des petites exploitations agricoles \u00e0 taille humaine.<br \/>\nNos \u00e9leveurs respectent scrupuleusement le cahier des charges du canard fermier \u00ab\u00a0Label Rouge \u2013 LANDES\u00a0\u00bb.<br \/>\nDans chaque pr\u00e9paration, nous transmettons le savoir-faire de nos a\u00een\u00e9s, enrichi par l\u2019\u00e9volution de la technologie et des go\u00fbts.<\/p>\n<\/div>\n","protected":false},"featured_media":3301,"comment_status":"closed","ping_status":"closed","template":"","meta":[],"product_brand":[],"product_cat":[573,31],"product_tag":[],"class_list":{"0":"post-3043","1":"product","2":"type-product","3":"status-publish","4":"has-post-thumbnail","6":"product_cat-terrines","7":"product_cat-epicerie","9":"first","10":"instock","11":"taxable","12":"shipping-taxable","13":"purchasable","14":"product-type-simple"},"jetpack_sharing_enabled":true,"_links":{"self":[{"href":"https:\/\/france-gastronomie.shop\/fr\/wp-json\/wp\/v2\/product\/3043","targetHints":{"allow":["GET"]}}],"collection":[{"href":"https:\/\/france-gastronomie.shop\/fr\/wp-json\/wp\/v2\/product"}],"about":[{"href":"https:\/\/france-gastronomie.shop\/fr\/wp-json\/wp\/v2\/types\/product"}],"replies":[{"embeddable":true,"href":"https:\/\/france-gastronomie.shop\/fr\/wp-json\/wp\/v2\/comments?post=3043"}],"wp:featuredmedia":[{"embeddable":true,"href":"https:\/\/france-gastronomie.shop\/fr\/wp-json\/wp\/v2\/media\/3301"}],"wp:attachment":[{"href":"https:\/\/france-gastronomie.shop\/fr\/wp-json\/wp\/v2\/media?parent=3043"}],"wp:term":[{"taxonomy":"product_brand","embeddable":true,"href":"https:\/\/france-gastronomie.shop\/fr\/wp-json\/wp\/v2\/product_brand?post=3043"},{"taxonomy":"product_cat","embeddable":true,"href":"https:\/\/france-gastronomie.shop\/fr\/wp-json\/wp\/v2\/product_cat?post=3043"},{"taxonomy":"product_tag","embeddable":true,"href":"https:\/\/france-gastronomie.shop\/fr\/wp-json\/wp\/v2\/product_tag?post=3043"}],"curies":[{"name":"wp","href":"https:\/\/api.w.org\/{rel}","templated":true}]}}