{"id":3023,"date":"2020-10-01T08:38:51","date_gmt":"2020-10-01T08:38:51","guid":{"rendered":"https:\/\/france-gastronomie.shop\/?post_type=product&#038;p=3023"},"modified":"2024-10-31T09:24:07","modified_gmt":"2024-10-31T09:24:07","slug":"rose-1er-cru","status":"publish","type":"product","link":"https:\/\/france-gastronomie.shop\/fr\/produit\/rose-1er-cru\/","title":{"rendered":"Champagne <br\/> Ros\u00e9 1er Cru"},"content":{"rendered":"<h5>Champagne Ros\u00e9 1er Cru<\/h5>\n<h5>Champagne Julien Herbert<\/h5>\n<p>Description du domaine<br \/>\nVignerons \u00e0 Rilly la montagne depuis 4 g\u00e9n\u00e9rations, Julien Herbert cultive avec passion les raisins les plus r\u00e9put\u00e9s de la montagne de Reims. Les vins reposent 60 mois minimum en cave afin d\u2019apporter une maturit\u00e9 aux champagnes. Le domaine repose sur 4,65 Ha de vignoble class\u00e9 1er cru r\u00e9parti de 40% Chardonnay, 35% de Pinot noir et 25% de Meunier<\/p>\n<p>Domaine certifie haute valeur environnemental<\/p>\n<p>C\u00e9pages<br \/>\n85% (base du brut tradition), 15% Rouge (100% Pinot Noir)<\/p>\n<p>Vieillissement<br \/>\n60 mois sur lies<\/p>\n<p>Concentration en sucres r\u00e9siduels: 5,6 g\/l<\/p>\n","protected":false},"excerpt":{"rendered":"<h5>Champagne Julien Herbert<\/h5>\n<p>Vignerons \u00e0 Rilly la montagne depuis 4 g\u00e9n\u00e9rations, Julien Herbert cultive avec passion les raisins<br \/>\nles plus r\u00e9put\u00e9s de la montagne de Reims.<\/p>\n<p>C\u00e9pages<br \/>\n85% (base du brut tradition), 15% Rouge (100% Pinot Noir)<\/p>\n","protected":false},"featured_media":3030,"comment_status":"closed","ping_status":"closed","template":"","meta":[],"product_brand":[],"product_cat":[85,251,242,247,259,260,250,30],"product_tag":[],"class_list":{"0":"post-3023","1":"product","2":"type-product","3":"status-publish","4":"has-post-thumbnail","6":"product_cat-vins","7":"product_cat-grands-vins","8":"product_cat-regions","9":"product_cat-autres-regions","10":"product_cat-petillants","11":"product_cat-champagne","12":"product_cat-couleur","13":"product_cat-vin-rose","15":"first","16":"outofstock","17":"taxable","18":"shipping-taxable","19":"purchasable","20":"product-type-simple"},"jetpack_sharing_enabled":true,"_links":{"self":[{"href":"https:\/\/france-gastronomie.shop\/fr\/wp-json\/wp\/v2\/product\/3023","targetHints":{"allow":["GET"]}}],"collection":[{"href":"https:\/\/france-gastronomie.shop\/fr\/wp-json\/wp\/v2\/product"}],"about":[{"href":"https:\/\/france-gastronomie.shop\/fr\/wp-json\/wp\/v2\/types\/product"}],"replies":[{"embeddable":true,"href":"https:\/\/france-gastronomie.shop\/fr\/wp-json\/wp\/v2\/comments?post=3023"}],"wp:featuredmedia":[{"embeddable":true,"href":"https:\/\/france-gastronomie.shop\/fr\/wp-json\/wp\/v2\/media\/3030"}],"wp:attachment":[{"href":"https:\/\/france-gastronomie.shop\/fr\/wp-json\/wp\/v2\/media?parent=3023"}],"wp:term":[{"taxonomy":"product_brand","embeddable":true,"href":"https:\/\/france-gastronomie.shop\/fr\/wp-json\/wp\/v2\/product_brand?post=3023"},{"taxonomy":"product_cat","embeddable":true,"href":"https:\/\/france-gastronomie.shop\/fr\/wp-json\/wp\/v2\/product_cat?post=3023"},{"taxonomy":"product_tag","embeddable":true,"href":"https:\/\/france-gastronomie.shop\/fr\/wp-json\/wp\/v2\/product_tag?post=3023"}],"curies":[{"name":"wp","href":"https:\/\/api.w.org\/{rel}","templated":true}]}}