{"id":2863,"date":"2020-09-10T07:41:34","date_gmt":"2020-09-10T07:41:34","guid":{"rendered":"https:\/\/france-gastronomie.shop\/?post_type=product&#038;p=2863"},"modified":"2024-10-31T09:24:03","modified_gmt":"2024-10-31T09:24:03","slug":"chateau-de-laumerade-cru-classe","status":"publish","type":"product","link":"https:\/\/france-gastronomie.shop\/fr\/produit\/chateau-de-laumerade-cru-classe\/","title":{"rendered":"Seigneur de Piegros <br\/> Ros\u00e9 Cru class\u00e9 <br\/> Ch\u00e2teau de l&rsquo;Aum\u00e9rade"},"content":{"rendered":"<h5>Ch\u00e2teau de l&rsquo;Aum\u00e9rade Cru Class\u00e9<br \/>\nSeigneur de Piegros<\/h5>\n<h5>AOP C\u00f4tes de Provence\u00a0Cru Class\u00e9<\/h5>\n<p>C\u00e9pages<br \/>\nGrenache,\u00a0 Cinsault<\/p>\n<p>Degr\u00e9: 13,5 % Vol.<\/p>\n<p>Terroir<br \/>\nPropri\u00e9t\u00e9 de 300 ha dont 80 en Cru Class\u00e9, \u00e9tendue dans le triangle d\u2019or des C\u00f4tes de Provence, sur une vaste plaine dot\u00e9e d\u2019un terroir argilo-calcaire, \u00e9pic\u00e9 et min\u00e9ral.<br \/>\nS\u00e9lection parcellaire.<\/p>\n<p>Vinification<br \/>\nVendanges m\u00e9caniques nuit et jour. Vinification par c\u00e9page.<br \/>\nRefroidissement de la vendange \u00e0 15\u00b0C par passage dans un \u00e9changeur tubulaire avant mac\u00e9ration pelliculaire \u00e0 froid.<br \/>\nSuivent le pressurage et la s\u00e9lection des jus, un d\u00e9bourbage statique \u00e0 13\u00b0C, et une fermentation longue en cuves inox et en cuves b\u00e9ton \u00e0 temp\u00e9rature contr\u00f4l\u00e9e entre 15 et 18\u00b0C dans une cave climatis\u00e9e, pour pr\u00e9server le maximum d\u2019ar\u00f4mes et la qualit\u00e9 de chaque c\u00e9page. Apr\u00e8s soutirage, les vins sont filtr\u00e9s par un filtre tangentiel. Les assemblages sont r\u00e9alis\u00e9s en fin d\u2019ann\u00e9e, puis le vin est stabilis\u00e9, pr\u00eat \u00e0 \u00eatre embouteill\u00e9. Afin de pr\u00e9server les ar\u00f4mes et de prot\u00e9ger les vins contre l&rsquo;oxydation tous les transferts sont r\u00e9alis\u00e9s sous inertage \u00e0 l&rsquo;azote. La cuv\u00e9e est mise en bouteille une fois par an.<\/p>\n<p>Histoire<br \/>\nCe vin a \u00e9t\u00e9 cr\u00e9\u00e9 en hommage au Seigneur de Piegros, La famille de Piegros f\u00fbt propri\u00e9taire du ch\u00e2teau du XIV au XVII\u00e8me si\u00e8cle. Le Seigneur de Piegros \u00e9tait conseiller des rois Henri IV et Louis XIV. Il v\u00e9cut au Ch\u00e2teau de l&rsquo;Aum\u00e9rade, ancien fief de Piegros, de longues ann\u00e9es de \u00abPassions Proven\u00e7ales\u00bb.<\/p>\n<p>D\u00e9gustation<br \/>\nRobe rose, lumineuse, aux notes violines.<br \/>\nNez flatteur et expressif sur des notes d&rsquo;abricot et de melon blanc. Il exprime une grande finesse et beacoup d&rsquo;\u00e9l\u00e9gance.<br \/>\nLa bouche est fra\u00eeche et soyeuse d&rsquo;une tr\u00e8s belle intensit\u00e9 aromatique. Belle longueur.<br \/>\nD\u00e9gustation \u00e0 12\/13\u00b0.<\/p>\n<p>Accords<br \/>\nA essayer sur de la truffe, veau, volailles, poissons, avec un Reblochon ou Mont d&rsquo;or et avec des desserts \u00e0 base de cr\u00e8me, chocolat ou cr\u00e8me br\u00fbl\u00e9e. El\u00e9gant ros\u00e9 de gastronomie, il est aussi excellent sur du caviar.<\/p>\n<p>R\u00e9compenses<br \/>\n2019: M\u00e9daille d&rsquo;Argent au Concours des Vinalies<br \/>\n2018: M\u00e9daille d&rsquo;Or au Concours des Vins de Provence. Prix des Vinalies (Or).<br \/>\n2017: Cit\u00e9 dans le Guide Hachette des Vins 2018.<br \/>\n2016: Prix des Vinalies 2016.<br \/>\n2015: M\u00e9daille de bronze au concours des vins de M\u00e2con.<\/p>\n","protected":false},"excerpt":{"rendered":"<h5>AOP C\u00f4tes de Provence Cru Class\u00e9<\/h5>\n<h5>Les vins Domaine &amp; Ch\u00e2teaux Fabre<\/h5>\n<p>Fabre en Provence, depuis 1920, ambassadeur des six Domaines &amp; Ch\u00e2teaux de notre famille.<br \/>\n550 ha de vignes en AOP C\u00f4tes de Provence dont 112 hectares en \u00ab\u00a0Cru Class\u00e9\u00a0\u00bb depuis 1955.<\/p>\n<p>C\u00e9pages<br \/>\nGrenache,\u00a0 Cinsault<\/p>\n","protected":false},"featured_media":10358,"comment_status":"closed","ping_status":"closed","template":"","meta":[],"product_brand":[],"product_cat":[679,85,251,242,247,250,30],"product_tag":[],"class_list":{"0":"post-2863","1":"product","2":"type-product","3":"status-publish","4":"has-post-thumbnail","6":"product_cat-cotesdeprovance","7":"product_cat-vins","8":"product_cat-grands-vins","9":"product_cat-regions","10":"product_cat-autres-regions","11":"product_cat-couleur","12":"product_cat-vin-rose","14":"first","15":"instock","16":"taxable","17":"shipping-taxable","18":"purchasable","19":"product-type-simple"},"jetpack_sharing_enabled":true,"_links":{"self":[{"href":"https:\/\/france-gastronomie.shop\/fr\/wp-json\/wp\/v2\/product\/2863","targetHints":{"allow":["GET"]}}],"collection":[{"href":"https:\/\/france-gastronomie.shop\/fr\/wp-json\/wp\/v2\/product"}],"about":[{"href":"https:\/\/france-gastronomie.shop\/fr\/wp-json\/wp\/v2\/types\/product"}],"replies":[{"embeddable":true,"href":"https:\/\/france-gastronomie.shop\/fr\/wp-json\/wp\/v2\/comments?post=2863"}],"wp:featuredmedia":[{"embeddable":true,"href":"https:\/\/france-gastronomie.shop\/fr\/wp-json\/wp\/v2\/media\/10358"}],"wp:attachment":[{"href":"https:\/\/france-gastronomie.shop\/fr\/wp-json\/wp\/v2\/media?parent=2863"}],"wp:term":[{"taxonomy":"product_brand","embeddable":true,"href":"https:\/\/france-gastronomie.shop\/fr\/wp-json\/wp\/v2\/product_brand?post=2863"},{"taxonomy":"product_cat","embeddable":true,"href":"https:\/\/france-gastronomie.shop\/fr\/wp-json\/wp\/v2\/product_cat?post=2863"},{"taxonomy":"product_tag","embeddable":true,"href":"https:\/\/france-gastronomie.shop\/fr\/wp-json\/wp\/v2\/product_tag?post=2863"}],"curies":[{"name":"wp","href":"https:\/\/api.w.org\/{rel}","templated":true}]}}