{"id":2849,"date":"2020-09-09T09:17:13","date_gmt":"2020-09-09T09:17:13","guid":{"rendered":"https:\/\/france-gastronomie.shop\/?post_type=product&#038;p=2849"},"modified":"2024-10-31T09:43:21","modified_gmt":"2024-10-31T09:43:21","slug":"chateau-tour-des-graves","status":"publish","type":"product","link":"https:\/\/france-gastronomie.shop\/fr\/produit\/chateau-tour-des-graves\/","title":{"rendered":"Ch. Tour Des Graves <br\/> AOP Haut-M\u00e9doc"},"content":{"rendered":"<h5>Ch\u00e2teau Tour Des Graves<br \/>\nAOP Haut-M\u00e9doc<\/h5>\n<p>Origine &#8211; terroir<br \/>\nLe domaine: Le Ch\u00e2teau Tour des Graves est situ\u00e9 sur la rive gauche de l&rsquo;estuaire de la Gironde \u00e0 Saint-Seurin de Cadourne pr\u00e8s de Saint-Est\u00e8phe. Ce vignoble familial s&rsquo;\u00e9tend sur 5,7 ha et b\u00e9n\u00e9ficie d&rsquo;un terroir et d&rsquo;un microclimat d&rsquo;exception.<\/p>\n<p>Sol<br \/>\nArgile, calcaire et graviers<\/p>\n<p>C\u00e9pages<br \/>\n60% Cabernet Sauvignon, 35% Merlot, 10% Cabernet Franc, 5% Malbec<\/p>\n<p>Cultures et vinification<br \/>\nLes raisins sont vendang\u00e9s \u00e0 la machine \u00e0 maturit\u00e9 optimale. Ensuite, ils sont vinifi\u00e9s traditionnellement avec une longue cuvaison de 3 semaines.<\/p>\n<p>Degr\u00e9<br \/>\n13 \u00b0 C<\/p>\n<p>Notes de d\u00e9gustation<br \/>\nApparence: couleur grenat brillant<br \/>\nNez: Agr\u00e9ables ar\u00f4mes de fruits noirs m\u00eal\u00e9s d&rsquo;\u00e9pices et de saveurs de sous-bois<br \/>\nBouche: Frais et \u00e9l\u00e9gant avec une finale poivr\u00e9e intense<\/p>\n<p>Accords mets et vins<br \/>\nServir \u00e0 17 \u00b0C et ouvrir la bouteille 2 heures avant le service. Ch\u00e2teau Tour Des Graves sera id\u00e9al avec de la viande rouge, viande blanche en sauce, volaille r\u00f4tie et gibier.<\/p>\n","protected":false},"excerpt":{"rendered":"<h5>AOP Haut-M\u00e9doc<\/h5>\n<p>Maison Le Star est la concr\u00e9tisation d\u2019un r\u00eave et l\u2019expression d\u2019une passion.<br \/>\nEntour\u00e9 d\u2019une \u00e9quipe de professionnels, \u0153nologues et sommeliers, garants de la qualit\u00e9 des vins que nous produisons et s\u00e9lectionnons, nous offrons aux futurs amateurs et aux connaisseurs du monde entier des vins fran\u00e7ais de qualit\u00e9 au prix juste.<\/p>\n<p>C\u00e9pages<br \/>\n60% Cabernet Sauvignon, 35% Merlot, 10% Cabernet Franc, 5% Malbec<\/p>\n","protected":false},"featured_media":2850,"comment_status":"closed","ping_status":"closed","template":"","meta":[],"product_brand":[],"product_cat":[85,242,243,267,250,29],"product_tag":[],"class_list":{"0":"post-2849","1":"product","2":"type-product","3":"status-publish","4":"has-post-thumbnail","6":"product_cat-vins","7":"product_cat-regions","8":"product_cat-bordeaux","9":"product_cat-haut-medoc","10":"product_cat-couleur","11":"product_cat-vin-rouge","13":"first","14":"outofstock","15":"taxable","16":"shipping-taxable","17":"purchasable","18":"product-type-simple"},"jetpack_sharing_enabled":true,"_links":{"self":[{"href":"https:\/\/france-gastronomie.shop\/fr\/wp-json\/wp\/v2\/product\/2849","targetHints":{"allow":["GET"]}}],"collection":[{"href":"https:\/\/france-gastronomie.shop\/fr\/wp-json\/wp\/v2\/product"}],"about":[{"href":"https:\/\/france-gastronomie.shop\/fr\/wp-json\/wp\/v2\/types\/product"}],"replies":[{"embeddable":true,"href":"https:\/\/france-gastronomie.shop\/fr\/wp-json\/wp\/v2\/comments?post=2849"}],"wp:featuredmedia":[{"embeddable":true,"href":"https:\/\/france-gastronomie.shop\/fr\/wp-json\/wp\/v2\/media\/2850"}],"wp:attachment":[{"href":"https:\/\/france-gastronomie.shop\/fr\/wp-json\/wp\/v2\/media?parent=2849"}],"wp:term":[{"taxonomy":"product_brand","embeddable":true,"href":"https:\/\/france-gastronomie.shop\/fr\/wp-json\/wp\/v2\/product_brand?post=2849"},{"taxonomy":"product_cat","embeddable":true,"href":"https:\/\/france-gastronomie.shop\/fr\/wp-json\/wp\/v2\/product_cat?post=2849"},{"taxonomy":"product_tag","embeddable":true,"href":"https:\/\/france-gastronomie.shop\/fr\/wp-json\/wp\/v2\/product_tag?post=2849"}],"curies":[{"name":"wp","href":"https:\/\/api.w.org\/{rel}","templated":true}]}}