{"id":2842,"date":"2020-09-09T08:48:18","date_gmt":"2020-09-09T08:48:18","guid":{"rendered":"https:\/\/france-gastronomie.shop\/?post_type=product&#038;p=2842"},"modified":"2024-10-31T09:32:46","modified_gmt":"2024-10-31T09:32:46","slug":"chateau-tour-carmail","status":"publish","type":"product","link":"https:\/\/france-gastronomie.shop\/fr\/produit\/chateau-tour-carmail\/","title":{"rendered":"Ch. Tour Carmail <br\/> AOP Haut-M\u00e9doc"},"content":{"rendered":"<h5>Ch\u00e2teau Tour Carmail<br \/>\n2016<br \/>\nAOP Haut-M\u00e9doc<\/h5>\n<p>Origine &#8211; terroir<br \/>\nSitu\u00e9 \u00e0 Saint-Seurin de Cardoune, \u00e0 proximit\u00e9 des berges de l&rsquo;estuaire de la Gironde, le Ch\u00e2teau Tour Carmail couvre<br \/>\n27 hectares plant\u00e9s de graviers et de sable.<\/p>\n<p>Vinification<br \/>\nD\u00e9capage des feuilles en \u00e9t\u00e9<br \/>\nCueillette \u00e0 maturit\u00e9 parfaite<br \/>\nVinification traditionnelle en cuves ciment thermo-r\u00e9gul\u00e9es<br \/>\nCuvaison longue (21 jours)<\/p>\n<p>C\u00e9pages<br \/>\n60% Merlot, 37% Cabernet Sauvignon, 3% Cabernet Franc<\/p>\n<p>Notes de d\u00e9gustation<br \/>\nDe couleur rouge fonc\u00e9, Ch\u00e2teau Tour Carmail pr\u00e9sente un bouquet d\u00e9licat de fruits rouges m\u00fbrs et d&rsquo;\u00e9pices.<br \/>\nLa bouche est bien assembl\u00e9e, souple avec une finale fruit\u00e9e.<\/p>\n<p>Accord mets et vins<br \/>\nLe Ch\u00e2teau Tour Carmail sera id\u00e9al avec les viandes rouges grill\u00e9es, le gibier cuit et la volaille r\u00f4tie.<br \/>\nServir entre 16 \u00b0 et 18 \u00b0 C.<\/p>\n","protected":false},"excerpt":{"rendered":"<h5>2016<br \/>\nAOP Haut-M\u00e9doc<\/h5>\n<p>Maison Le Star est la concr\u00e9tisation d\u2019un r\u00eave et l\u2019expression d\u2019une passion.<br \/>\nEntour\u00e9 d\u2019une \u00e9quipe de professionnels, \u0153nologues et sommeliers, garants de la qualit\u00e9 des vins que nous produisons et s\u00e9lectionnons, nous offrons aux futurs amateurs et aux connaisseurs du monde entier des vins fran\u00e7ais de qualit\u00e9 au prix juste.<\/p>\n<p>C\u00e9pages<br \/>\n60% Merlot, 37% Cabernet Sauvignon, 3% Cabernet Franc<\/p>\n","protected":false},"featured_media":2843,"comment_status":"closed","ping_status":"closed","template":"","meta":[],"product_brand":[],"product_cat":[85,242,243,267,250,29],"product_tag":[],"class_list":{"0":"post-2842","1":"product","2":"type-product","3":"status-publish","4":"has-post-thumbnail","6":"product_cat-vins","7":"product_cat-regions","8":"product_cat-bordeaux","9":"product_cat-haut-medoc","10":"product_cat-couleur","11":"product_cat-vin-rouge","13":"first","14":"outofstock","15":"taxable","16":"shipping-taxable","17":"purchasable","18":"product-type-simple"},"jetpack_sharing_enabled":true,"_links":{"self":[{"href":"https:\/\/france-gastronomie.shop\/fr\/wp-json\/wp\/v2\/product\/2842","targetHints":{"allow":["GET"]}}],"collection":[{"href":"https:\/\/france-gastronomie.shop\/fr\/wp-json\/wp\/v2\/product"}],"about":[{"href":"https:\/\/france-gastronomie.shop\/fr\/wp-json\/wp\/v2\/types\/product"}],"replies":[{"embeddable":true,"href":"https:\/\/france-gastronomie.shop\/fr\/wp-json\/wp\/v2\/comments?post=2842"}],"wp:featuredmedia":[{"embeddable":true,"href":"https:\/\/france-gastronomie.shop\/fr\/wp-json\/wp\/v2\/media\/2843"}],"wp:attachment":[{"href":"https:\/\/france-gastronomie.shop\/fr\/wp-json\/wp\/v2\/media?parent=2842"}],"wp:term":[{"taxonomy":"product_brand","embeddable":true,"href":"https:\/\/france-gastronomie.shop\/fr\/wp-json\/wp\/v2\/product_brand?post=2842"},{"taxonomy":"product_cat","embeddable":true,"href":"https:\/\/france-gastronomie.shop\/fr\/wp-json\/wp\/v2\/product_cat?post=2842"},{"taxonomy":"product_tag","embeddable":true,"href":"https:\/\/france-gastronomie.shop\/fr\/wp-json\/wp\/v2\/product_tag?post=2842"}],"curies":[{"name":"wp","href":"https:\/\/api.w.org\/{rel}","templated":true}]}}