{"id":2704,"date":"2020-08-17T10:33:10","date_gmt":"2020-08-17T10:33:10","guid":{"rendered":"https:\/\/france-gastronomie.shop\/produit\/chateau-serilhan-saint-estephe\/"},"modified":"2024-10-31T09:35:14","modified_gmt":"2024-10-31T09:35:14","slug":"chateau-serilhan-saint-estephe","status":"publish","type":"product","link":"https:\/\/france-gastronomie.shop\/fr\/produit\/chateau-serilhan-saint-estephe\/","title":{"rendered":"Ch\u00e2teau Serilhan <br\/> Saint-Est\u00e8phe"},"content":{"rendered":"<h5>Ch\u00e2teau Serilhan<\/h5>\n<h5>AOC Saint-Est\u00e8phe<\/h5>\n<p>Origin &#8211; terroir<br \/>\nEn 2003, et apr\u00e8s 20 ans d&rsquo;exp\u00e9rience dans le commerce de haute technologie, Didier Marcelis a repris le domaine familial fond\u00e9 en 1982 par son grand-p\u00e8re Louis Merlet et plus tard dirig\u00e9 par ses parents. Situ\u00e9 \u00e0 l&rsquo;ouest de Saint-Est\u00e8phe, au c\u0153ur du M\u00e9doc, le domaine a fait l&rsquo;objet d&rsquo;importants r\u00e9am\u00e9nagements. Didier Marcelis a fait appel \u00e0 de talentueux vignerons: Philippe Lespy puis Bernard Franc comme directeurs techniques et Hubert de Bo\u00fcard comme consultant. Il a agrandi le vignoble de 9 \u00e0 24 hectares dont Ch\u00e2teau Moutinot et Ch\u00e2teau Mignot (2\u00e8me et 3\u00e8me vins du domaine), replant\u00e9s une centaine de parcelles et renouvel\u00e9s dep\u00f4t des f\u00fbts et le cave facilit\u00e9. Ce travail porte d\u00e9sormais ses fruits et le Ch\u00e2teau S\u00e9rilhan s&rsquo;est forg\u00e9 une r\u00e9putation comme l&rsquo;un des plus Cru Bourgeois prestigieux et respect\u00e9. Le propri\u00e9taire-vigneron d\u00e9vou\u00e9 du domaine cherche \u00e0 produire un vin frais, fruit\u00e9 et harmonieux.<br \/>\nCe profil est inspir\u00e9 du livre \u00ab\u0152nologue dans le si\u00e8cle\u00bb d\u2019Emile Peynaud qui d\u00e9crivait les vins de Saint-Est\u00e8phe dans les ann\u00e9es 1930.<br \/>\nLe vin est un \u00e9ternel renouveau\u2026 Le vignoble est compos\u00e9 de plusieurs parcelles situ\u00e9es sur les lieux-dits de Marbuzet aux noms s\u00e9duisants, Boc et Pez. Ils sont plant\u00e9s dans des terroirs d&rsquo;exception compos\u00e9s de gravier Gunz, d&rsquo;argile et de calcaire.<\/p>\n<p>Vinification<br \/>\nCulture: m\u00e9thodes d&rsquo;\u00e9lagage durables, augmentation de la surface feuillage, travail du sol, profilage biochimique des parcelles, enherbement, compost organique, \u00e9claircissage, \u00e9claircissement et effeuillage. Vendanges manuelles, tri des tables vibrantes et \u00e9grappage. Vinification parcellaire traditionnelle en bois, cuves en ciment et inox avec remontage, soutirage et retour et poin\u00e7onnage. Mac\u00e9ration pr\u00e9-fermentaire \u00e0 froid pendant plusieurs jours, inert\u00e9 avec de la glace s\u00e8che. D\u00e9cuv\u00e9 \u00e0 l&rsquo;aide d&rsquo;une presse pneumatique. Fermentation malolactique partiellement en barriques. Vinifi\u00e9 enti\u00e8rement en 40 f\u00fbts de ch\u00eane.<br \/>\nElevage de 18 mois en barriques bordelaises dont un tiers est remplac\u00e9 chaque ann\u00e9e.<\/p>\n<p>C\u00e9pages<br \/>\nCabernet Sauvignon 53%, Merlot 42%, Cabernet Franc 5%<\/p>\n<p>D\u00e9gustation<br \/>\nCouleur pourpre \u00e9tonnamment profonde. Nez intense et aromatique de fruits noirs, de caf\u00e9 et de vanille.<br \/>\nBouche riche, dense et charnue domin\u00e9e par les fruits m\u00fbrs et la cerise noire. Soutenu par des tanins d\u00e9licats et bien arrondis.<\/p>\n<p>Accords mets et vins<br \/>\nCe vin est id\u00e9al accompagn\u00e9 d&rsquo;un steak de surlonge en sauce au vin rouge, de veau r\u00f4ti, de pigeon r\u00f4ti ou de fromages \u00e0 saveur forte comme les Epoisses.<\/p>\n<p>Servis<br \/>\n17 \u00b0C<br \/>\nAnn\u00e9es de consommation id\u00e9ales: de 2016 \u00e0 2019.<br \/>\nPotentiel de garde: jusqu&rsquo;en 2022.<\/p>\n<p>PRIX DU MILLESIME 2012<br \/>\nRobert Parker 87-88 \/ 100<br \/>\nWine Enthusiast 90-92 \/ 100<br \/>\nJames Suckling 87-88 \/ 100<br \/>\nCarafe 16.25 \/ 20<\/p>\n","protected":false},"excerpt":{"rendered":"<h5>AOC Saint-Est\u00e8phe<\/h5>\n<p>Maison Le Star est la concr\u00e9tisation d\u2019un r\u00eave et l\u2019expression d\u2019une passion.<br \/>\nEntour\u00e9 d\u2019une \u00e9quipe de professionnels, \u0153nologues et sommeliers, garants de la qualit\u00e9 des vins que nous produisons et s\u00e9lectionnons, nous offrons aux futurs amateurs et aux connaisseurs du monde entier des vins fran\u00e7ais de qualit\u00e9 au prix juste.<\/p>\n<p>C\u00e9pages<br \/>\nCabernet Sauvignon 53%, Merlot 42%, Cabernet Franc 5%<\/p>\n","protected":false},"featured_media":2058,"comment_status":"closed","ping_status":"closed","template":"","meta":[],"product_brand":[],"product_cat":[85,251,242,243,279,250,29],"product_tag":[],"class_list":{"0":"post-2704","1":"product","2":"type-product","3":"status-publish","4":"has-post-thumbnail","6":"product_cat-vins","7":"product_cat-grands-vins","8":"product_cat-regions","9":"product_cat-bordeaux","10":"product_cat-saint-estephe","11":"product_cat-couleur","12":"product_cat-vin-rouge","14":"first","15":"instock","16":"taxable","17":"shipping-taxable","18":"purchasable","19":"product-type-simple"},"jetpack_sharing_enabled":true,"_links":{"self":[{"href":"https:\/\/france-gastronomie.shop\/fr\/wp-json\/wp\/v2\/product\/2704","targetHints":{"allow":["GET"]}}],"collection":[{"href":"https:\/\/france-gastronomie.shop\/fr\/wp-json\/wp\/v2\/product"}],"about":[{"href":"https:\/\/france-gastronomie.shop\/fr\/wp-json\/wp\/v2\/types\/product"}],"replies":[{"embeddable":true,"href":"https:\/\/france-gastronomie.shop\/fr\/wp-json\/wp\/v2\/comments?post=2704"}],"wp:featuredmedia":[{"embeddable":true,"href":"https:\/\/france-gastronomie.shop\/fr\/wp-json\/wp\/v2\/media\/2058"}],"wp:attachment":[{"href":"https:\/\/france-gastronomie.shop\/fr\/wp-json\/wp\/v2\/media?parent=2704"}],"wp:term":[{"taxonomy":"product_brand","embeddable":true,"href":"https:\/\/france-gastronomie.shop\/fr\/wp-json\/wp\/v2\/product_brand?post=2704"},{"taxonomy":"product_cat","embeddable":true,"href":"https:\/\/france-gastronomie.shop\/fr\/wp-json\/wp\/v2\/product_cat?post=2704"},{"taxonomy":"product_tag","embeddable":true,"href":"https:\/\/france-gastronomie.shop\/fr\/wp-json\/wp\/v2\/product_tag?post=2704"}],"curies":[{"name":"wp","href":"https:\/\/api.w.org\/{rel}","templated":true}]}}