{"id":2644,"date":"2020-08-05T11:09:14","date_gmt":"2020-08-05T11:09:14","guid":{"rendered":"https:\/\/france-gastronomie.shop\/produit\/chateau-guillaume-blanc-bordeaux-superieur-2\/"},"modified":"2024-11-06T11:24:57","modified_gmt":"2024-11-06T11:24:57","slug":"chateau-guillaume-blanc-bordeaux-superieur-2","status":"publish","type":"product","link":"https:\/\/france-gastronomie.shop\/fr\/produit\/chateau-guillaume-blanc-bordeaux-superieur-2\/","title":{"rendered":"Ch. Guillaume Blanc <br\/> La R\u00e9serve"},"content":{"rendered":"<h5>Ch\u00e2teau Guillaume Blanc La R\u00e9serve<\/h5>\n<h5>AOC Bordeaux Sup\u00e9rieur<\/h5>\n<p>Origine &#8211; terroir<br \/>\nLe Ch\u00e2teau Guillaume Blanc est situ\u00e9 \u00e0 quelques kilom\u00e8tres de Sainte Foy la Grande, aux portes de la Gironde, et date du XVIe si\u00e8cle. Le domaine donne son nom \u00e0 l&rsquo;ancien ma\u00eetre de maison, Guillaume Blanc. En 1562, il fut \u00e9lu consulat de la c\u00e9l\u00e8bre batide voisine de Sainte Foy La Grande, lieu cl\u00e9 de l&rsquo;exportation du vin vers l&rsquo;Angleterre. Ch\u00e2teau Guillaume Blan cis compos\u00e9 d&rsquo;une belle maison chartreuse. Les vignobles couvrent d\u00e9sormais 65 hectares de vignes form\u00e9es d&rsquo;une myriade de parcelles diff\u00e9rentes. Le ch\u00e2teau b\u00e9n\u00e9ficie d&rsquo;un terroir komplexe et Unixe. Les Cabernets sont plant\u00e9s dans les zones les plus graveleuses tandis que les Merlots sont plant\u00e9s sur les coteaux argilo-calcaires. Le domaine est certifi\u00e9 Agriculture Durable et s&rsquo;engage \u00e0 utiliser des pratiques respectueuses de l&rsquo;environnement. La combinaison de tous ces facteurs donne des vins bien \u00e9quilibr\u00e9s, riches et structur\u00e9s dans un certain nombre de cuv\u00e9es diff\u00e9rentes.<\/p>\n<p>Culture de la vigne<br \/>\nTravail des sols et enherbement un rang sur deux<br \/>\nTaille manuelle<br \/>\nEpamprage, effeuillages et \u00e9claircissage selon les parcelles<\/p>\n<p>Vinification<br \/>\nS\u00e9lection des meilleurs parcelles de Merlot<br \/>\nRendements maitris\u00e9s<br \/>\nTris successifs des vendanges<br \/>\nFermentations dans des cuves ave contr\u00f4le des temp\u00e9ratures<br \/>\nElevage 100% en bariques de ch\u00eane fran\u00e7ais pendant 15 mois<\/p>\n<p>C\u00e9pages<br \/>\n100% Merlot<\/p>\n<p>D\u00e9gustation<br \/>\nLe Ch\u00e2teau Guillaume Blanc La R\u00e9serve se pare d\u2019une robe pourpre \u00e9clatant. II d\u00e9ploie des parfums intenses et gourmands de fruits rouges et noirs m\u00fbrs, de r\u00e9glisse et d\u2019\u00e9pices. La palais plait par sa rondeur, ses tannins soyeux et fondus, son bois\u00e9 fin et respectueux du fruit, et sa finale longue et savoureuse.<\/p>\n<p>Accords mets &amp; vins<br \/>\nLe Ch\u00e2teau Guillaume Blanc La R\u00e9serve sera la compagnon id\u00e9al d\u2019une noble pi\u00e8ce de boeuf, d\u2019un magret de canards aux figues ou d\u2019une viande blanche en sauce comme la c\u00f4te de veau \u00e0 la cr\u00e8me ou le civet de lapin. Pour finir, il s\u2019associera parfaitement \u00e0 une tr\u00e8s vieille mimolette.<br \/>\nServir a 18\u00b0C.<\/p>\n<p>R\u00e9compenses<br \/>\n2016: M\u00e9daille d\u2019Argent \u2013 Concours de Lyon 2018<br \/>\nM\u00e9daille de Bronze \u2013 Concours de M\u00e2con 2018<br \/>\nM\u00e9daille de Bronze \u2013 Decanter Awards 2018<br \/>\nComment\u00e9 \u2013 IWC 2018<br \/>\n2015: M\u00e9daille d\u2019Or \u2013 CWSA 2018<\/p>\n","protected":false},"excerpt":{"rendered":"<h5>AOC Bordeaux Sup\u00e9rieur<\/h5>\n<p>Maison Le Star est la concr\u00e9tisation d\u2019un r\u00eave et l\u2019expression d\u2019une passion.<br \/>\nEntour\u00e9 d\u2019une \u00e9quipe de professionnels, \u0153nologues et sommeliers, garants de la qualit\u00e9 des vins que nous produisons et s\u00e9lectionnons, nous offrons aux futurs amateurs et aux connaisseurs du monde entier des vins fran\u00e7ais de qualit\u00e9 au prix juste.<\/p>\n<p>C\u00e9pages<br \/>\n100% Merlot<\/p>\n","protected":false},"featured_media":8828,"comment_status":"closed","ping_status":"closed","template":"","meta":[],"product_brand":[],"product_cat":[85,242,243,265,250,29],"product_tag":[],"class_list":{"0":"post-2644","1":"product","2":"type-product","3":"status-publish","4":"has-post-thumbnail","6":"product_cat-vins","7":"product_cat-regions","8":"product_cat-bordeaux","9":"product_cat-bordeaux-superieur","10":"product_cat-couleur","11":"product_cat-vin-rouge","13":"first","14":"outofstock","15":"taxable","16":"shipping-taxable","17":"purchasable","18":"product-type-simple"},"jetpack_sharing_enabled":true,"_links":{"self":[{"href":"https:\/\/france-gastronomie.shop\/fr\/wp-json\/wp\/v2\/product\/2644","targetHints":{"allow":["GET"]}}],"collection":[{"href":"https:\/\/france-gastronomie.shop\/fr\/wp-json\/wp\/v2\/product"}],"about":[{"href":"https:\/\/france-gastronomie.shop\/fr\/wp-json\/wp\/v2\/types\/product"}],"replies":[{"embeddable":true,"href":"https:\/\/france-gastronomie.shop\/fr\/wp-json\/wp\/v2\/comments?post=2644"}],"wp:featuredmedia":[{"embeddable":true,"href":"https:\/\/france-gastronomie.shop\/fr\/wp-json\/wp\/v2\/media\/8828"}],"wp:attachment":[{"href":"https:\/\/france-gastronomie.shop\/fr\/wp-json\/wp\/v2\/media?parent=2644"}],"wp:term":[{"taxonomy":"product_brand","embeddable":true,"href":"https:\/\/france-gastronomie.shop\/fr\/wp-json\/wp\/v2\/product_brand?post=2644"},{"taxonomy":"product_cat","embeddable":true,"href":"https:\/\/france-gastronomie.shop\/fr\/wp-json\/wp\/v2\/product_cat?post=2644"},{"taxonomy":"product_tag","embeddable":true,"href":"https:\/\/france-gastronomie.shop\/fr\/wp-json\/wp\/v2\/product_tag?post=2644"}],"curies":[{"name":"wp","href":"https:\/\/api.w.org\/{rel}","templated":true}]}}