{"id":2632,"date":"2020-08-03T10:54:07","date_gmt":"2020-08-03T10:54:07","guid":{"rendered":"https:\/\/france-gastronomie.shop\/produit\/chateau-cazeau-le-moulin\/"},"modified":"2024-11-06T11:24:57","modified_gmt":"2024-11-06T11:24:57","slug":"chateau-cazeau-le-moulin","status":"publish","type":"product","link":"https:\/\/france-gastronomie.shop\/fr\/produit\/chateau-cazeau-le-moulin\/","title":{"rendered":"Ch\u00e2teau Cazeau <br\/> Le Moulin"},"content":{"rendered":"<h5>Ch\u00e2teau Cazeau Le Moulin<\/h5>\n<h5>AOC Vin de Bordeaux<\/h5>\n<p>Origine &#8211; terroir<br \/>\nLe Ch\u00e2teau Cazeau jouit d\u2019une magnifique chartreuse girondine dont les origines remontent au 16e si\u00e8cle. Il est id\u00e9alement situ\u00e9 \u00e0 Gornac, sur l\u2019une des voies les plus anciennes de l\u2019Entre-Deux-Mers, \u00e0 seulement quelques kilom\u00e8tres \u00e0 l\u2019est de Sauveterre de Guyenne. Son vignoble de plus de 300 hectares b\u00e9n\u00e9ficie d\u2019une situation exceptionnelle sur des coteaux argilo-calcaires culminant \u00e0 110 m\u00e8tres d\u2019altitude et principalement expos\u00e9s sud. Plant\u00e9es tout au tour du ch\u00e2teau, les vignes sont judicieusement r\u00e9parties entre c\u00e9pages rouges et blancs selon les terroirs. D\u2019une moyenne d\u2019\u00e2ge de 35 ans, elles sont cultiv\u00e9es avec soin, de mani\u00e8re traditionnelle et dans le respect de leur environnement. Le vaste chai dispose de tous les \u00e9quipements modernes (contr\u00f4le des temp\u00e9ratures, pressoir pneumatiques, micro-oxyg\u00e9nation) n\u00e9cessaires pour \u00e9laborer des grands vins. Les archives racontent que l\u2019histoire de Moulin \u00e0 vent surplombant le vignoble est \u00e9troitement li\u00e9e \u00e0 celle du Ch\u00e2teau Cazeau. En effect, depuis sa construction en 1601 par les propri\u00e9taires de l\u2019epoque, le Moulin veille toujours 4 si\u00e9cles plus tard sur les vignes et la propri\u00e9t\u00e9.<\/p>\n<p>Culture de la vigne<br \/>\nCulture raisonn\u00e9e<br \/>\nTailles manuelles<br \/>\nSols enrichis avec des fumures organiques<\/p>\n<p>Vinification<br \/>\nS\u00e9lection parcellaire parmi les plus qualitatives et pr\u00e9coces<br \/>\nLimitation des rendements<br \/>\nVinification reprenant les principes de la vinification int\u00e9grale en barrique: apport ma\u00eetris\u00e9 d\u2019oxyg\u00e8ne, apport important de bois, forte extraction et nombreux d\u00e9lestages<\/p>\n<p>C\u00e9pages<br \/>\n100% Merlot<\/p>\n<p>D\u00e9gustation<br \/>\nD\u2019une robe tr\u00e9s color\u00e9e et profonde, Le Moulin exhale un bouquet frais et \u00e9l\u00e9gant, \u00e9voquant la violette, les baies noires et la cerise sur fond toast\u00e9. Ample, rond et suave en attaque, le palais reste pr\u00e8s du fruit, \u00e9ta\u00e9e par des tanins fermes, un bois\u00e9 ajust\u00e9 et par une fine acidit\u00e9 donnant du nerf et de l\u2019allonge.<\/p>\n<p>Accords mets &amp; Vins<br \/>\nLe Ch\u00e2teau Cazeau Le Moulin sera l\u2019accompagnement id\u00e9al des viandes rouges grill\u00e9es, des viandes blanches en sauce ou encore des fromages doux.<br \/>\nServir a 18 \u00b0C.<\/p>\n<p>R\u00e9compenses<br \/>\n2016: Medaille d\u2019Or &#8211; Concours cle Lyon 2018<br \/>\nMedaille d\u2019Argent &#8211; Concours de Bruxelles 2018<br \/>\nMedaille d\u2019Argent &#8211; Concours de Bordeaux 2018<\/p>\n","protected":false},"excerpt":{"rendered":"<h5>AOC Vin de Bordeaux<\/h5>\n<p>Maison Le Star est la concr\u00e9tisation d\u2019un r\u00eave et l\u2019expression d\u2019une passion.<br \/>\nEntour\u00e9 d\u2019une \u00e9quipe de professionnels, \u0153nologues et sommeliers, garants de la qualit\u00e9 des vins que nous produisons et s\u00e9lectionnons, nous offrons aux futurs amateurs et aux connaisseurs du monde entier des vins fran\u00e7ais de qualit\u00e9 au prix juste.<\/p>\n<p>C\u00e9pages<br \/>\n100% Merlot<\/p>\n","protected":false},"featured_media":8785,"comment_status":"closed","ping_status":"closed","template":"","meta":[],"product_brand":[],"product_cat":[85,242,243,263,250,29],"product_tag":[],"class_list":{"0":"post-2632","1":"product","2":"type-product","3":"status-publish","4":"has-post-thumbnail","6":"product_cat-vins","7":"product_cat-regions","8":"product_cat-bordeaux","9":"product_cat-vins-de-bordeaux","10":"product_cat-couleur","11":"product_cat-vin-rouge","13":"first","14":"instock","15":"taxable","16":"shipping-taxable","17":"purchasable","18":"product-type-simple"},"jetpack_sharing_enabled":true,"_links":{"self":[{"href":"https:\/\/france-gastronomie.shop\/fr\/wp-json\/wp\/v2\/product\/2632","targetHints":{"allow":["GET"]}}],"collection":[{"href":"https:\/\/france-gastronomie.shop\/fr\/wp-json\/wp\/v2\/product"}],"about":[{"href":"https:\/\/france-gastronomie.shop\/fr\/wp-json\/wp\/v2\/types\/product"}],"replies":[{"embeddable":true,"href":"https:\/\/france-gastronomie.shop\/fr\/wp-json\/wp\/v2\/comments?post=2632"}],"wp:featuredmedia":[{"embeddable":true,"href":"https:\/\/france-gastronomie.shop\/fr\/wp-json\/wp\/v2\/media\/8785"}],"wp:attachment":[{"href":"https:\/\/france-gastronomie.shop\/fr\/wp-json\/wp\/v2\/media?parent=2632"}],"wp:term":[{"taxonomy":"product_brand","embeddable":true,"href":"https:\/\/france-gastronomie.shop\/fr\/wp-json\/wp\/v2\/product_brand?post=2632"},{"taxonomy":"product_cat","embeddable":true,"href":"https:\/\/france-gastronomie.shop\/fr\/wp-json\/wp\/v2\/product_cat?post=2632"},{"taxonomy":"product_tag","embeddable":true,"href":"https:\/\/france-gastronomie.shop\/fr\/wp-json\/wp\/v2\/product_tag?post=2632"}],"curies":[{"name":"wp","href":"https:\/\/api.w.org\/{rel}","templated":true}]}}