{"id":2601,"date":"2020-08-17T08:53:12","date_gmt":"2020-08-17T08:53:12","guid":{"rendered":"https:\/\/france-gastronomie.shop\/produit\/chateau-pontet-barrail-medoc-cru-bourgeois\/"},"modified":"2025-02-11T12:58:20","modified_gmt":"2025-02-11T12:58:20","slug":"chateau-pontet-barrail-medoc-cru-bourgeois","status":"publish","type":"product","link":"https:\/\/france-gastronomie.shop\/fr\/produit\/chateau-pontet-barrail-medoc-cru-bourgeois\/","title":{"rendered":"Ch. Pontet Barrail <br\/> M\u00e9doc Cru Bourgeois"},"content":{"rendered":"<h5>Ch\u00e2teau Pontet Barrail<\/h5>\n<h5>AOC M\u00e9doc Cru Bourgeois<\/h5>\n<p>ORIGINE &#8211; TERROIR<br \/>\nLe Ch\u00e2teau Pontet Barrail s&rsquo;\u00e9tend sur 17 hectares de terres compos\u00e9es de sols argilo-calcaires et sablo-graveleux. Les vignes ont une moyenne de 38 ans et s&rsquo;\u00e9panouissent dans ce terroir qui leur permet d&rsquo;atteindre leur plein potentiel. Le travail de la famille dans les vignobles du Ch\u00e2teau a \u00e9t\u00e9 r\u00e9compens\u00e9 par le \u00ab\u00a0Cru Bourgeois\u00a0\u00bb statut de r\u00e9f\u00e9rence dans le M\u00e9doc.<\/p>\n<p>LA VINIFICATION<br \/>\nCuves traditionnelles en acier inoxydable \u00e0 temp\u00e9rature contr\u00f4l\u00e9e<\/p>\n<p>CEPAGES<br \/>\nCabernet sauvignon 60%, Merlot 30%, Petit Verdot 6%, Cabernet franc 4%<\/p>\n<p>DEGUSTATION<br \/>\nCouleur grenat. Notes grill\u00e9es, \u00e9pices, figues et fruits noirs au nez. Une bouche ronde et distinctive compl\u00e9t\u00e9e par une texture soyeuse, des tanins complexes et des ar\u00f4mes de fruits noirs. L&rsquo;ensemble est raffin\u00e9 et \u00e9l\u00e9gant avec une finale longue et aromatique.<\/p>\n<p>ACCORDS METS ET VINS<br \/>\nA d\u00e9guster accompagn\u00e9 de veau Marengo, une entrec\u00f4te sauce au vin rouge, un filet de b\u0153uf rossini et un fromage cantal affin\u00e9 pour finir.<\/p>\n<p>SERVICE<br \/>\n17 \u00b0 C<br \/>\nConserver en cave 5 \u00e0 10 ans<\/p>\n","protected":false},"excerpt":{"rendered":"<h5>AOC M\u00e9doc Cru Bourgeois<\/h5>\n<p>Maison Le Star est la concr\u00e9tisation d\u2019un r\u00eave et l\u2019expression d\u2019une passion.<br \/>\nEntour\u00e9 d\u2019une \u00e9quipe de professionnels, \u0153nologues et sommeliers, garants de la qualit\u00e9 des vins que nous produisons et s\u00e9lectionnons, nous offrons aux futurs amateurs et aux connaisseurs du monde entier des vins fran\u00e7ais de qualit\u00e9 au prix juste.<\/p>\n<p>CEPAGES<br \/>\nCabernet sauvignon 60%, Merlot 30%, Petit Verdot 6%,<br \/>\nCabernet franc 4%<\/p>\n","protected":false},"featured_media":2040,"comment_status":"closed","ping_status":"closed","template":"","meta":[],"product_brand":[],"product_cat":[85,242,243,271,250,29],"product_tag":[],"class_list":{"0":"post-2601","1":"product","2":"type-product","3":"status-publish","4":"has-post-thumbnail","6":"product_cat-vins","7":"product_cat-regions","8":"product_cat-bordeaux","9":"product_cat-medoc","10":"product_cat-couleur","11":"product_cat-vin-rouge","13":"first","14":"outofstock","15":"taxable","16":"shipping-taxable","17":"purchasable","18":"product-type-simple"},"jetpack_sharing_enabled":true,"_links":{"self":[{"href":"https:\/\/france-gastronomie.shop\/fr\/wp-json\/wp\/v2\/product\/2601","targetHints":{"allow":["GET"]}}],"collection":[{"href":"https:\/\/france-gastronomie.shop\/fr\/wp-json\/wp\/v2\/product"}],"about":[{"href":"https:\/\/france-gastronomie.shop\/fr\/wp-json\/wp\/v2\/types\/product"}],"replies":[{"embeddable":true,"href":"https:\/\/france-gastronomie.shop\/fr\/wp-json\/wp\/v2\/comments?post=2601"}],"wp:featuredmedia":[{"embeddable":true,"href":"https:\/\/france-gastronomie.shop\/fr\/wp-json\/wp\/v2\/media\/2040"}],"wp:attachment":[{"href":"https:\/\/france-gastronomie.shop\/fr\/wp-json\/wp\/v2\/media?parent=2601"}],"wp:term":[{"taxonomy":"product_brand","embeddable":true,"href":"https:\/\/france-gastronomie.shop\/fr\/wp-json\/wp\/v2\/product_brand?post=2601"},{"taxonomy":"product_cat","embeddable":true,"href":"https:\/\/france-gastronomie.shop\/fr\/wp-json\/wp\/v2\/product_cat?post=2601"},{"taxonomy":"product_tag","embeddable":true,"href":"https:\/\/france-gastronomie.shop\/fr\/wp-json\/wp\/v2\/product_tag?post=2601"}],"curies":[{"name":"wp","href":"https:\/\/api.w.org\/{rel}","templated":true}]}}