{"id":25746,"date":"2025-12-08T16:04:54","date_gmt":"2025-12-08T16:04:54","guid":{"rendered":"https:\/\/france-gastronomie.shop\/?post_type=product&#038;p=25746"},"modified":"2026-03-17T13:42:32","modified_gmt":"2026-03-17T12:42:32","slug":"jambon-cuit-le-montagnon","status":"publish","type":"product","link":"https:\/\/france-gastronomie.shop\/fr\/produit\/jambon-cuit-le-montagnon\/","title":{"rendered":"Jambon cuit <br\/> Le Montagnon"},"content":{"rendered":"","protected":false},"excerpt":{"rendered":"<p>Notre jambon est cuit de fa\u00e7on artisanale, appellation Porc de Montagne.<br \/>\nNous s\u00e9lectionnons les plus beaux jambons frais de \u00ab Porc de montagne \u00bb.<br \/>\nNous le parons et le d\u00e9sossons avant de le laisser reposer une nuit au frais pour que se diffuse le parfum des \u00e9pices.<br \/>\nPuis il est moul\u00e9 \u00e0 la main et cuit au four, dans son son jus, ce qui lui donne son go\u00fbt si particulier et naturel.<\/p>\n","protected":false},"featured_media":25747,"comment_status":"closed","ping_status":"closed","template":"","meta":[],"product_brand":[],"product_cat":[733,776,1202],"product_tag":[],"class_list":{"0":"post-25746","1":"product","2":"type-product","3":"status-publish","4":"has-post-thumbnail","6":"product_cat-charcuterie","7":"product_cat-produit-frais","8":"product_cat-viande-de-porc","10":"first","11":"instock","12":"taxable","13":"shipping-taxable","14":"product-type-variable"},"jetpack_sharing_enabled":true,"_links":{"self":[{"href":"https:\/\/france-gastronomie.shop\/fr\/wp-json\/wp\/v2\/product\/25746","targetHints":{"allow":["GET"]}}],"collection":[{"href":"https:\/\/france-gastronomie.shop\/fr\/wp-json\/wp\/v2\/product"}],"about":[{"href":"https:\/\/france-gastronomie.shop\/fr\/wp-json\/wp\/v2\/types\/product"}],"replies":[{"embeddable":true,"href":"https:\/\/france-gastronomie.shop\/fr\/wp-json\/wp\/v2\/comments?post=25746"}],"wp:featuredmedia":[{"embeddable":true,"href":"https:\/\/france-gastronomie.shop\/fr\/wp-json\/wp\/v2\/media\/25747"}],"wp:attachment":[{"href":"https:\/\/france-gastronomie.shop\/fr\/wp-json\/wp\/v2\/media?parent=25746"}],"wp:term":[{"taxonomy":"product_brand","embeddable":true,"href":"https:\/\/france-gastronomie.shop\/fr\/wp-json\/wp\/v2\/product_brand?post=25746"},{"taxonomy":"product_cat","embeddable":true,"href":"https:\/\/france-gastronomie.shop\/fr\/wp-json\/wp\/v2\/product_cat?post=25746"},{"taxonomy":"product_tag","embeddable":true,"href":"https:\/\/france-gastronomie.shop\/fr\/wp-json\/wp\/v2\/product_tag?post=25746"}],"curies":[{"name":"wp","href":"https:\/\/api.w.org\/{rel}","templated":true}]}}