{"id":25571,"date":"2025-12-06T15:19:27","date_gmt":"2025-12-06T15:19:27","guid":{"rendered":"https:\/\/france-gastronomie.shop\/?post_type=product&#038;p=25571"},"modified":"2026-04-15T13:17:12","modified_gmt":"2026-04-15T11:17:12","slug":"lou-foundre-montagnard","status":"publish","type":"product","link":"https:\/\/france-gastronomie.shop\/fr\/produit\/lou-foundre-montagnard\/","title":{"rendered":"Lou Foundr\u00e9 <br\/> Montagnard"},"content":{"rendered":"","protected":false},"excerpt":{"rendered":"<p>Le Lou Fondr\u00e9 est un fromage traditionnel montagnard au lait entier pasteuris\u00e9 de vache, de type p\u00e2te press\u00e9e non cuite \u00e0 la croute orang\u00e9e. Il est affin\u00e9 6 semaines en cave.<br \/>\nAvec ce fromage on peut r\u00e9aliser de d\u00e9licieuse tartiflette mais on peut \u00e9galement le d\u00e9guster en fin de repas.<\/p>\n","protected":false},"featured_media":25572,"comment_status":"closed","ping_status":"closed","template":"","meta":[],"product_brand":[],"product_cat":[628,776,319],"product_tag":[],"class_list":{"0":"post-25571","1":"product","2":"type-product","3":"status-publish","4":"has-post-thumbnail","6":"product_cat-au-lait-de-vaches","7":"product_cat-produit-frais","8":"product_cat-fromages","10":"first","11":"instock","12":"taxable","13":"shipping-taxable","14":"product-type-variable"},"jetpack_sharing_enabled":true,"_links":{"self":[{"href":"https:\/\/france-gastronomie.shop\/fr\/wp-json\/wp\/v2\/product\/25571","targetHints":{"allow":["GET"]}}],"collection":[{"href":"https:\/\/france-gastronomie.shop\/fr\/wp-json\/wp\/v2\/product"}],"about":[{"href":"https:\/\/france-gastronomie.shop\/fr\/wp-json\/wp\/v2\/types\/product"}],"replies":[{"embeddable":true,"href":"https:\/\/france-gastronomie.shop\/fr\/wp-json\/wp\/v2\/comments?post=25571"}],"wp:featuredmedia":[{"embeddable":true,"href":"https:\/\/france-gastronomie.shop\/fr\/wp-json\/wp\/v2\/media\/25572"}],"wp:attachment":[{"href":"https:\/\/france-gastronomie.shop\/fr\/wp-json\/wp\/v2\/media?parent=25571"}],"wp:term":[{"taxonomy":"product_brand","embeddable":true,"href":"https:\/\/france-gastronomie.shop\/fr\/wp-json\/wp\/v2\/product_brand?post=25571"},{"taxonomy":"product_cat","embeddable":true,"href":"https:\/\/france-gastronomie.shop\/fr\/wp-json\/wp\/v2\/product_cat?post=25571"},{"taxonomy":"product_tag","embeddable":true,"href":"https:\/\/france-gastronomie.shop\/fr\/wp-json\/wp\/v2\/product_tag?post=25571"}],"curies":[{"name":"wp","href":"https:\/\/api.w.org\/{rel}","templated":true}]}}