{"id":25562,"date":"2025-12-06T15:04:56","date_gmt":"2025-12-06T15:04:56","guid":{"rendered":"https:\/\/france-gastronomie.shop\/?post_type=product&#038;p=25562"},"modified":"2025-12-10T13:05:23","modified_gmt":"2025-12-10T13:05:23","slug":"pti-cabrie-fermier","status":"publish","type":"product","link":"https:\/\/france-gastronomie.shop\/fr\/produit\/pti-cabrie-fermier\/","title":{"rendered":"P&rsquo;Ti cabrie <br\/> fermier"},"content":{"rendered":"","protected":false},"excerpt":{"rendered":"<p><strong>P&rsquo;Ti Cabrie fermier<\/strong><\/p>\n<p>Le <strong>P&rsquo;ti Cabrie<\/strong> est un fromage fermier au lait pasteuris\u00e9 de ch\u00e8vre, \u00e0 p\u00e2te molle et \u00e0 cro\u00fbte fleurie, produit en <strong>agriculture biologique<\/strong>.<br \/>\nAu nez, le P&rsquo;ti Cabrie offre un parfum de lait frais.<br \/>\nEn bouche, c&rsquo;est un fromage l\u00e9ger et frais aux notes de noix fra\u00eeches parfaitement \u00e9quilibr\u00e9es au doux go\u00fbt de lait de ch\u00e8vre.<\/p>\n<p>Il s\u2019affinera et prendra de la puissance.<\/p>\n","protected":false},"featured_media":25563,"comment_status":"closed","ping_status":"closed","template":"","meta":[],"product_brand":[],"product_cat":[644,776,319,15],"product_tag":[],"class_list":{"0":"post-25562","1":"product","2":"type-product","3":"status-publish","4":"has-post-thumbnail","6":"product_cat-au-lait-de-chevre-fr","7":"product_cat-produit-frais","8":"product_cat-fromages","9":"product_cat-uncategorized-product","11":"first","12":"outofstock","13":"taxable","14":"shipping-taxable","15":"purchasable","16":"product-type-simple"},"jetpack_sharing_enabled":true,"_links":{"self":[{"href":"https:\/\/france-gastronomie.shop\/fr\/wp-json\/wp\/v2\/product\/25562","targetHints":{"allow":["GET"]}}],"collection":[{"href":"https:\/\/france-gastronomie.shop\/fr\/wp-json\/wp\/v2\/product"}],"about":[{"href":"https:\/\/france-gastronomie.shop\/fr\/wp-json\/wp\/v2\/types\/product"}],"replies":[{"embeddable":true,"href":"https:\/\/france-gastronomie.shop\/fr\/wp-json\/wp\/v2\/comments?post=25562"}],"wp:featuredmedia":[{"embeddable":true,"href":"https:\/\/france-gastronomie.shop\/fr\/wp-json\/wp\/v2\/media\/25563"}],"wp:attachment":[{"href":"https:\/\/france-gastronomie.shop\/fr\/wp-json\/wp\/v2\/media?parent=25562"}],"wp:term":[{"taxonomy":"product_brand","embeddable":true,"href":"https:\/\/france-gastronomie.shop\/fr\/wp-json\/wp\/v2\/product_brand?post=25562"},{"taxonomy":"product_cat","embeddable":true,"href":"https:\/\/france-gastronomie.shop\/fr\/wp-json\/wp\/v2\/product_cat?post=25562"},{"taxonomy":"product_tag","embeddable":true,"href":"https:\/\/france-gastronomie.shop\/fr\/wp-json\/wp\/v2\/product_tag?post=25562"}],"curies":[{"name":"wp","href":"https:\/\/api.w.org\/{rel}","templated":true}]}}