{"id":25518,"date":"2025-12-05T06:42:24","date_gmt":"2025-12-05T06:42:24","guid":{"rendered":"https:\/\/france-gastronomie.shop\/?post_type=product&#038;p=25518"},"modified":"2026-01-05T13:40:18","modified_gmt":"2026-01-05T12:40:18","slug":"roquefort-papillon-taste-noir","status":"publish","type":"product","link":"https:\/\/france-gastronomie.shop\/fr\/produit\/roquefort-papillon-taste-noir\/","title":{"rendered":"Roquefort Papillon <br\/> Taste Noir"},"content":{"rendered":"<p><strong>Roquefort Papillon Taste Noir<\/strong><\/p>\n<p>&nbsp;<\/p>\n","protected":false},"excerpt":{"rendered":"<p><strong>Roquefort Papillon Taste Noir<\/strong><\/p>\n<div class=\"gourmets-header__text\">\n<p><strong>L\u2019avis du Jury :<\/strong><\/p>\n<p>\u201c Une ovation pour ce fromage \u00e0 p\u00e2te persill\u00e9e ind\u00e9tr\u00f4nable. Voil\u00e0 une fromagerie historique qui fait honneur au lait de brebis des Causses&#8230; Le r\u00e9sultat n\u2019est autre qu\u2019incroyable et appelle au plaisir gastronomique. On se laisse s\u00e9duire par un \u00e9quilibre des saveurs qui fr\u00f4le la perfection. On salue son cr\u00e9meux, son fondant et sa tenue inimitables. Tout y est, rien ne manque !\u201d<\/p>\n<\/div>\n<p>Ce Roquefort PAPILLON d\u2019exception se distingue d\u2019abord par sa p\u00e2te blanche et ce bleu intense qui veine g\u00e9n\u00e9reusement ses larges et nombreuses cavit\u00e9s.<br \/>\nEn bouche, sa texture onctueuse et souple, d\u00e9veloppe un fondant d\u00e9licieux qui s\u2019accompagne d\u2019un go\u00fbt typ\u00e9, \u00e9quilibr\u00e9 et long en bouche.<br \/>\nLe TASTE NOIR \u2013 Le sommet d\u2019un savoir faire que vous trouverez chez votre fromager.<\/p>\n","protected":false},"featured_media":25519,"comment_status":"closed","ping_status":"closed","template":"","meta":[],"product_brand":[],"product_cat":[630,776,319],"product_tag":[],"class_list":{"0":"post-25518","1":"product","2":"type-product","3":"status-publish","4":"has-post-thumbnail","6":"product_cat-au-lait-de-brebis","7":"product_cat-produit-frais","8":"product_cat-fromages","10":"first","11":"instock","12":"taxable","13":"shipping-taxable","14":"purchasable","15":"product-type-variable"},"jetpack_sharing_enabled":true,"_links":{"self":[{"href":"https:\/\/france-gastronomie.shop\/fr\/wp-json\/wp\/v2\/product\/25518","targetHints":{"allow":["GET"]}}],"collection":[{"href":"https:\/\/france-gastronomie.shop\/fr\/wp-json\/wp\/v2\/product"}],"about":[{"href":"https:\/\/france-gastronomie.shop\/fr\/wp-json\/wp\/v2\/types\/product"}],"replies":[{"embeddable":true,"href":"https:\/\/france-gastronomie.shop\/fr\/wp-json\/wp\/v2\/comments?post=25518"}],"wp:featuredmedia":[{"embeddable":true,"href":"https:\/\/france-gastronomie.shop\/fr\/wp-json\/wp\/v2\/media\/25519"}],"wp:attachment":[{"href":"https:\/\/france-gastronomie.shop\/fr\/wp-json\/wp\/v2\/media?parent=25518"}],"wp:term":[{"taxonomy":"product_brand","embeddable":true,"href":"https:\/\/france-gastronomie.shop\/fr\/wp-json\/wp\/v2\/product_brand?post=25518"},{"taxonomy":"product_cat","embeddable":true,"href":"https:\/\/france-gastronomie.shop\/fr\/wp-json\/wp\/v2\/product_cat?post=25518"},{"taxonomy":"product_tag","embeddable":true,"href":"https:\/\/france-gastronomie.shop\/fr\/wp-json\/wp\/v2\/product_tag?post=25518"}],"curies":[{"name":"wp","href":"https:\/\/api.w.org\/{rel}","templated":true}]}}