{"id":25489,"date":"2024-12-04T10:56:15","date_gmt":"2024-12-04T10:56:15","guid":{"rendered":"https:\/\/france-gastronomie.shop\/?post_type=product&#038;p=25489"},"modified":"2025-12-05T09:05:46","modified_gmt":"2025-12-05T09:05:46","slug":"chateauneuf-du-pape-100-ans-cellier-des-princes","status":"publish","type":"product","link":"https:\/\/france-gastronomie.shop\/fr\/produit\/chateauneuf-du-pape-100-ans-cellier-des-princes\/","title":{"rendered":"Chateauneuf-du-Pape <br\/> 100 ANS Cellier Des Princes"},"content":{"rendered":"<h5>Cellier des princes<br \/>\nAOC Ch\u00e2teauneuf du Pape<\/h5>\n<p>Le Ch\u00e2teauneuf-du-Pape 100 ANS Cellier des Princes en bouteille magnum de 1,5 litre est une v\u00e9ritable c\u00e9l\u00e9bration de la tradition et du savoir-faire viticole. Cette cuv\u00e9e a \u00e9t\u00e9 cr\u00e9\u00e9e \u00e0 l&rsquo;occasion du centenaire de la prestigieuse coop\u00e9rative viticole Cellier des Princes, fond\u00e9e en 1925 au c\u0153ur de la vall\u00e9e du Rh\u00f4ne m\u00e9ridionale. Depuis sa cr\u00e9ation, elle rassemble les vignerons dans le but de renforcer leur position et de mettre en valeur le caract\u00e8re exceptionnel de l&rsquo;appellation Ch\u00e2teauneuf-du-Pape. Elle b\u00e9n\u00e9ficie<\/p>\n<p>Terroir d\u2019origine<br \/>\nSableux fins et galets roul\u00e9s<\/p>\n<p>Vieillissement<br \/>\nApr\u00e8s la fermentation, le vin a \u00e9t\u00e9 \u00e9lev\u00e9 pendant douze mois dans des f\u00fbts de ch\u00eane fran\u00e7ais et en partie dans des cuves en acier inoxydable.<\/p>\n<p>C\u00e9pages<br \/>\nGrenache 98%, Mourv\u00e8dre, Syrah<\/p>\n<p>Notes de d\u00e9gustation de notre \u0153nologue<br \/>\nSon bouquet allie des notes de fruits noirs m\u00fbrs \u00e0 des touches d&rsquo;herbes m\u00e9diterran\u00e9ennes, de cacao d\u00e9licat et de bois discret.<br \/>\nLa bouche est riche, ample et \u00e9quilibr\u00e9e, avec des tanins finement int\u00e9gr\u00e9s et une finale longue et \u00e9l\u00e9gante.<br \/>\nGr\u00e2ce \u00e0 sa structure et \u00e0 son caract\u00e8re, ce vin est le compagnon id\u00e9al des tables de f\u00eate et des moments importants.<\/p>\n<p>Conseils de d\u00e9gustation<br \/>\nPotentiel de garde de 5 \u00e0 10 ans, pendant lesquels il continuera \u00e0 d\u00e9velopper sa complexit\u00e9 et sa noblesse.<br \/>\nServir \u00e0 une temp\u00e9rature de 16 \u00e0 18 \u00b0C.<\/p>\n<p>Conseils d\u2019accompagnement<br \/>\nIl accompagne \u00e0 merveille l&rsquo;agneau r\u00f4ti, les viandes grill\u00e9es, le rago\u00fbt de b\u0153uf ou le poulet aux herbes proven\u00e7ales. Il se marie \u00e9galement tr\u00e8s bien avec les fromages affin\u00e9s tels que le Comt\u00e9 ou le Cantal, et compl\u00e8te \u00e0 merveille les sp\u00e9cialit\u00e9s m\u00e9diterran\u00e9ennes.<\/p>\n","protected":false},"excerpt":{"rendered":"<h5>AOC Ch\u00e2teauneuf du Pape<\/h5>\n<p>Le Ch\u00e2teauneuf-du-Pape 100 ANS Magnum n&rsquo;est pas seulement un hommage \u00e0 l&rsquo;histoire centenaire du domaine viticole, mais aussi la preuve que le Cellier des Princes sait allier tradition et innovation pour cr\u00e9er des vins qui s\u00e9duisent les connaisseurs et les amateurs de vin du monde entier.<\/p>\n<p>En 1925, un groupe de vignerons convaincu par les valeurs de solidarit\u00e9 et d\u2019entraide s\u2019unit. Onze ans apr\u00e8s, ces vignerons visionnaires participeront \u00e0 la construction de la 1\u00e8re appellation de France : CH\u00c2TEAUNEUF-DU-PAPE.<br \/>\nSoud\u00e9s comme \u00e0 l\u2019origine, les 189 Vignerons du CELLIER DES PRINCES sont aujourd\u2019hui fiers de faire appr\u00e9cier leurs vins sur les cinq continents et de pouvoir transmettre leurs valeurs de convivialit\u00e9 et d\u2019excellence.<\/p>\n<p>C\u00e9pages: Grenache 98%, Mourv\u00e8dre, Syrah<\/p>\n","protected":false},"featured_media":25490,"comment_status":"closed","ping_status":"closed","template":"","meta":[],"product_brand":[],"product_cat":[85,242,244,285,29],"product_tag":[],"class_list":{"0":"post-25489","1":"product","2":"type-product","3":"status-publish","4":"has-post-thumbnail","6":"product_cat-vins","7":"product_cat-regions","8":"product_cat-vallee-du-rhone","9":"product_cat-chateauneuf-du-pape","10":"product_cat-vin-rouge","12":"first","13":"instock","14":"taxable","15":"shipping-taxable","16":"purchasable","17":"product-type-simple"},"jetpack_sharing_enabled":true,"_links":{"self":[{"href":"https:\/\/france-gastronomie.shop\/fr\/wp-json\/wp\/v2\/product\/25489","targetHints":{"allow":["GET"]}}],"collection":[{"href":"https:\/\/france-gastronomie.shop\/fr\/wp-json\/wp\/v2\/product"}],"about":[{"href":"https:\/\/france-gastronomie.shop\/fr\/wp-json\/wp\/v2\/types\/product"}],"replies":[{"embeddable":true,"href":"https:\/\/france-gastronomie.shop\/fr\/wp-json\/wp\/v2\/comments?post=25489"}],"wp:featuredmedia":[{"embeddable":true,"href":"https:\/\/france-gastronomie.shop\/fr\/wp-json\/wp\/v2\/media\/25490"}],"wp:attachment":[{"href":"https:\/\/france-gastronomie.shop\/fr\/wp-json\/wp\/v2\/media?parent=25489"}],"wp:term":[{"taxonomy":"product_brand","embeddable":true,"href":"https:\/\/france-gastronomie.shop\/fr\/wp-json\/wp\/v2\/product_brand?post=25489"},{"taxonomy":"product_cat","embeddable":true,"href":"https:\/\/france-gastronomie.shop\/fr\/wp-json\/wp\/v2\/product_cat?post=25489"},{"taxonomy":"product_tag","embeddable":true,"href":"https:\/\/france-gastronomie.shop\/fr\/wp-json\/wp\/v2\/product_tag?post=25489"}],"curies":[{"name":"wp","href":"https:\/\/api.w.org\/{rel}","templated":true}]}}