{"id":25417,"date":"2025-12-02T18:32:34","date_gmt":"2025-12-02T18:32:34","guid":{"rendered":"https:\/\/france-gastronomie.shop\/?post_type=product&#038;p=25417"},"modified":"2025-12-03T10:55:16","modified_gmt":"2025-12-03T10:55:16","slug":"croutons-tradition-azais-polito","status":"publish","type":"product","link":"https:\/\/france-gastronomie.shop\/fr\/produit\/croutons-tradition-azais-polito\/","title":{"rendered":"Croutons Tradition <br\/> Azais-Polito"},"content":{"rendered":"<p><strong>Croutons Tradition Azais-Polito<\/strong><\/p>\n<p>A utiliser en accompagnement de nos Soupes de Poisson et Velout\u00e9s de Crustac\u00e9s ainsi que pour r\u00e9aliser d&rsquo;excellents petits toasters avec toutes nos Sauces.<\/p>\n<p>Farine de BLE, Huile de tournesol, GLUTEN et fibres de BLE, Sucre, Levure, Sel, Farine d&rsquo;ORGE malt\u00e9 et Agent de traitement de la farine : acide ascorbique.<br \/>\nTraces \u00e9ventuelles de fruits \u00e0 coque, de LAIT, de s\u00e9same et de soja.<\/p>\n<p>A conserver dans un endroit frais et sec.<\/p>\n<p>Garanti sans OGM incorpor\u00e9s et d\u00e9pourvu d&rsquo;ingr\u00e9dients ionis\u00e9s.<br \/>\nALLERGENES: GLUTEN<br \/>\nTraces \u00e9ventuelles de fruits \u00e0 coque, de s\u00e9same et de soja.<\/p>\n<p>Valeurs nutritionnelles pour 100g<br \/>\nEnergie en KCal : 407.00<br \/>\nEnergie en KJ : 1719.00<br \/>\nProteines \/ Proteins (g) : 13.00<br \/>\nGlucides \/ Carbohydrates (g) : 70.00<br \/>\ndont sucres \/ of which sugar (g) : 4.10<br \/>\nMati\u00e8res grasses \/ Lipids (g) : 6.70<br \/>\ndont A.G. Satures \/ of which saturated sats (g) : 0.70<br \/>\nFibres \/ Fibers (g) : 7.20<br \/>\nSel\/ or salt (g) : 1.50<\/p>\n","protected":false},"excerpt":{"rendered":"<p><strong>Croutons Tradition Azais-Polito<\/strong><\/p>\n<p>De P\u00e8res en Fils, depuis quelques d\u00e9cennies, nous veillons quotidiennement au maintien de ce Savoir-Faire et de nos traditions. Nos modes de fabrication perp\u00e9tuent depuis toujours les m\u00e9thodes artisanales de la conserverie traditionnelle. Toujours pr\u00e9par\u00e9es \u00e0 la main et selon notre savoir-faire, nos conserves se distinguent des autres par leur go\u00fbt exceptionnel, les recettes de nos soupes, nos salades, nos plats cuisin\u00e9s et nos sauces d\u2019accompagnement font l\u2019objet d\u2019une s\u00e9lection rigoureuse des meilleurs ingr\u00e9dients avec une qualit\u00e9 irr\u00e9prochable en passant par le respect scrupuleux des recettes. C\u2019est ce Savoir-Faire ma\u00eetris\u00e9 qui caract\u00e9rise aujourd\u2019hui principalement notre identit\u00e9 afin de vous offrir de succulents instants\u2026<\/p>\n<p>Ce sont des Produits Vrais et c\u2019est aussi leur lumineuse simplicit\u00e9 qui en fait tout leur charme comme la Cuisine S\u00e9toise qui est d\u00e9pouill\u00e9e de toute pr\u00e9tention pour mieux restituer le Go\u00fbt de son terroir.<\/p>\n","protected":false},"featured_media":25418,"comment_status":"closed","ping_status":"closed","template":"","meta":[],"product_brand":[],"product_cat":[1117,598,31],"product_tag":[],"class_list":{"0":"post-25417","1":"product","2":"type-product","3":"status-publish","4":"has-post-thumbnail","6":"product_cat-produits-de-la-mer","7":"product_cat-a-tartiner","8":"product_cat-epicerie","10":"first","11":"instock","12":"taxable","13":"shipping-taxable","14":"purchasable","15":"product-type-simple"},"jetpack_sharing_enabled":true,"_links":{"self":[{"href":"https:\/\/france-gastronomie.shop\/fr\/wp-json\/wp\/v2\/product\/25417","targetHints":{"allow":["GET"]}}],"collection":[{"href":"https:\/\/france-gastronomie.shop\/fr\/wp-json\/wp\/v2\/product"}],"about":[{"href":"https:\/\/france-gastronomie.shop\/fr\/wp-json\/wp\/v2\/types\/product"}],"replies":[{"embeddable":true,"href":"https:\/\/france-gastronomie.shop\/fr\/wp-json\/wp\/v2\/comments?post=25417"}],"wp:featuredmedia":[{"embeddable":true,"href":"https:\/\/france-gastronomie.shop\/fr\/wp-json\/wp\/v2\/media\/25418"}],"wp:attachment":[{"href":"https:\/\/france-gastronomie.shop\/fr\/wp-json\/wp\/v2\/media?parent=25417"}],"wp:term":[{"taxonomy":"product_brand","embeddable":true,"href":"https:\/\/france-gastronomie.shop\/fr\/wp-json\/wp\/v2\/product_brand?post=25417"},{"taxonomy":"product_cat","embeddable":true,"href":"https:\/\/france-gastronomie.shop\/fr\/wp-json\/wp\/v2\/product_cat?post=25417"},{"taxonomy":"product_tag","embeddable":true,"href":"https:\/\/france-gastronomie.shop\/fr\/wp-json\/wp\/v2\/product_tag?post=25417"}],"curies":[{"name":"wp","href":"https:\/\/api.w.org\/{rel}","templated":true}]}}