{"id":25402,"date":"2025-12-02T18:11:06","date_gmt":"2025-12-02T18:11:06","guid":{"rendered":"https:\/\/france-gastronomie.shop\/?post_type=product&#038;p=25402"},"modified":"2025-12-03T10:58:32","modified_gmt":"2025-12-03T10:58:32","slug":"sauce-armoricaine-azais-polito","status":"publish","type":"product","link":"https:\/\/france-gastronomie.shop\/fr\/produit\/sauce-armoricaine-azais-polito\/","title":{"rendered":"Sauce Armoricaine <br\/> Azais-Polito"},"content":{"rendered":"<p><strong>Sauce Armoricaine Azais-Polito<\/strong><\/p>\n<p>La sauce Armoricaine fabriqu\u00e9e par Azais Polito de fa\u00e7on traditionnelle.<br \/>\nPour les amateurs de cette sauce bien connue qui m\u00e9lange tomates et crustac\u00e9s.La sauce armoricaine est un accompagnement bien appr\u00e9ci\u00e9 des gourmets et amateurs de produits de la mer .<br \/>\nOn dit une sauce entre mer et terre !<br \/>\nElle accompagnera les poissons apr\u00e8s avoir \u00e9t\u00e9 r\u00e9chauff\u00e9e \u00e0 feux doux.<\/p>\n<p>Eau, Tomate, CRUSTACE, LAIT, Oignon, Vin blanc, Poireau, Carotte, CREME, Huile d&rsquo;olive vierge extra,<br \/>\nConcentr\u00e9 de tomate, Calvados, Sel, \u00c9paississant : Farine de graine de caroube, Ail, Curcuma, Estragon, et Poivre.<\/p>\n<p>Conserver au sec, \u00e0 l&rsquo;abri de la lumi\u00e8re et \u00e0 temp\u00e9rature ambiante.<br \/>\nApr\u00e8s ouverture, se conserve au r\u00e9frig\u00e9rateur 2 \u00e0 3 jours.<\/p>\n<p>Allerg\u00e8nes: CRUSTACE, LAIT<\/p>\n<p>Valeurs nutritionnelles pour 100g<br \/>\nEnergie en KCal : 74.00<br \/>\nEnergie en KJ : 308.00<br \/>\nProteines \/ Proteins (g) : 3.50<br \/>\nGlucides \/ Carbohydrates (g) : 3.23<br \/>\ndont sucres \/ of which sugar (g) : 2.01<br \/>\nMati\u00e8res grasses \/ Lipids (g) : 4.29<br \/>\ndont A.G. Satures \/ of which saturated sats (g) : 0.83<br \/>\nSel \/ or salt (g) : 1.58<\/p>\n","protected":false},"excerpt":{"rendered":"<p><strong>Sauce Armoricaine Azais-Polito<\/strong><\/p>\n<p>De P\u00e8res en Fils, depuis quelques d\u00e9cennies, nous veillons quotidiennement au maintien de ce Savoir-Faire et de nos traditions. Nos modes de fabrication perp\u00e9tuent depuis toujours les m\u00e9thodes artisanales de la conserverie traditionnelle. Toujours pr\u00e9par\u00e9es \u00e0 la main et selon notre savoir-faire, nos conserves se distinguent des autres par leur go\u00fbt exceptionnel, les recettes de nos soupes, nos salades, nos plats cuisin\u00e9s et nos sauces d\u2019accompagnement font l\u2019objet d\u2019une s\u00e9lection rigoureuse des meilleurs ingr\u00e9dients avec une qualit\u00e9 irr\u00e9prochable en passant par le respect scrupuleux des recettes. C\u2019est ce Savoir-Faire ma\u00eetris\u00e9 qui caract\u00e9rise aujourd\u2019hui principalement notre identit\u00e9 afin de vous offrir de succulents instants\u2026<\/p>\n<p>Ce sont des Produits Vrais et c\u2019est aussi leur lumineuse simplicit\u00e9 qui en fait tout leur charme comme la Cuisine S\u00e9toise qui est d\u00e9pouill\u00e9e de toute pr\u00e9tention pour mieux restituer le Go\u00fbt de son terroir.<\/p>\n","protected":false},"featured_media":25403,"comment_status":"closed","ping_status":"closed","template":"","meta":[],"product_brand":[],"product_cat":[1117,583,31],"product_tag":[],"class_list":{"0":"post-25402","1":"product","2":"type-product","3":"status-publish","4":"has-post-thumbnail","6":"product_cat-produits-de-la-mer","7":"product_cat-sauces","8":"product_cat-epicerie","10":"first","11":"instock","12":"taxable","13":"shipping-taxable","14":"purchasable","15":"product-type-simple"},"jetpack_sharing_enabled":true,"_links":{"self":[{"href":"https:\/\/france-gastronomie.shop\/fr\/wp-json\/wp\/v2\/product\/25402","targetHints":{"allow":["GET"]}}],"collection":[{"href":"https:\/\/france-gastronomie.shop\/fr\/wp-json\/wp\/v2\/product"}],"about":[{"href":"https:\/\/france-gastronomie.shop\/fr\/wp-json\/wp\/v2\/types\/product"}],"replies":[{"embeddable":true,"href":"https:\/\/france-gastronomie.shop\/fr\/wp-json\/wp\/v2\/comments?post=25402"}],"wp:featuredmedia":[{"embeddable":true,"href":"https:\/\/france-gastronomie.shop\/fr\/wp-json\/wp\/v2\/media\/25403"}],"wp:attachment":[{"href":"https:\/\/france-gastronomie.shop\/fr\/wp-json\/wp\/v2\/media?parent=25402"}],"wp:term":[{"taxonomy":"product_brand","embeddable":true,"href":"https:\/\/france-gastronomie.shop\/fr\/wp-json\/wp\/v2\/product_brand?post=25402"},{"taxonomy":"product_cat","embeddable":true,"href":"https:\/\/france-gastronomie.shop\/fr\/wp-json\/wp\/v2\/product_cat?post=25402"},{"taxonomy":"product_tag","embeddable":true,"href":"https:\/\/france-gastronomie.shop\/fr\/wp-json\/wp\/v2\/product_tag?post=25402"}],"curies":[{"name":"wp","href":"https:\/\/api.w.org\/{rel}","templated":true}]}}