{"id":25397,"date":"2025-12-02T17:56:57","date_gmt":"2025-12-02T17:56:57","guid":{"rendered":"https:\/\/france-gastronomie.shop\/?post_type=product&#038;p=25397"},"modified":"2025-12-03T10:59:18","modified_gmt":"2025-12-03T10:59:18","slug":"rillettes-de-thon-55","status":"publish","type":"product","link":"https:\/\/france-gastronomie.shop\/fr\/produit\/rillettes-de-thon-55\/","title":{"rendered":"Rillettes <br\/> de thon 55%"},"content":{"rendered":"<p><strong>Rillettes de thon Azais-Polito<\/strong><\/p>\n<p>Ce produit va vous faire d\u00e9couvrir la saveur authentique du Thon. Avec 60% de Thon, ces Rillettes sont un produit sans colorant artificiel. Alors laissez vous tenter !<\/p>\n<p>Notre Rillettes de Thon est parfaite pour accompagner vos ap\u00e9ritifs en toutes saisons. D\u00e9gustez-la tout simplement tartin\u00e9e sur des petits toasts ou avec nos craquantes Trempettes pour des amuse-bouches aux saveurs marines. Servir de pr\u00e9f\u00e9rence frais.<\/p>\n<p>THON 55 %, Huile de colza, BEURRE, LAIT, CREME, Oignon, Huile d&rsquo;olive vierge extra, Sel, Estragon, Epices et<br \/>\nG\u00e9lifiant : Carragh\u00e9nane (extrait d&rsquo;algues marines).<\/p>\n<p>Conserver au sec, \u00e0 l&rsquo;abri de la lumi\u00e8re et \u00e0 temp\u00e9rature ambiante.<br \/>\nApr\u00e8s ouverture, se conserve au r\u00e9frig\u00e9rateur 2 \u00e0 3 jours.<\/p>\n<p>Allerg\u00e8nes: POISSON (thon) &#8211; LAIT (lait-beurre) &#8211; BEURRE &#8211; CREME<br \/>\nSans OGM, Non ionis\u00e9.<\/p>\n<p>Valeurs nutritionnelles pour 100g<br \/>\nEnergie en KCal : 331.00<br \/>\nEnergie en KJ : 1369.00<br \/>\nProteines \/ Proteins (g) : 17.62<br \/>\nGlucides \/ Carbohydrates (g) : 0.72<br \/>\ndont sucres \/ of which sugar (g) : 0.61<br \/>\nMati\u00e8res grasses \/ Lipids (g) : 28.52<br \/>\ndont A.G. Satures \/ of which saturated sats (g) : 6.49<br \/>\nFibres \/ Fibers (g) : 0.11<br \/>\nSel \/ or salt (g) : 0.46<\/p>\n","protected":false},"excerpt":{"rendered":"<p><strong>Rillettes de thon Azais-Polito<\/strong><\/p>\n<p>De P\u00e8res en Fils, depuis quelques d\u00e9cennies, nous veillons quotidiennement au maintien de ce Savoir-Faire et de nos traditions. Nos modes de fabrication perp\u00e9tuent depuis toujours les m\u00e9thodes artisanales de la conserverie traditionnelle. Toujours pr\u00e9par\u00e9es \u00e0 la main et selon notre savoir-faire, nos conserves se distinguent des autres par leur go\u00fbt exceptionnel, les recettes de nos soupes, nos salades, nos plats cuisin\u00e9s et nos sauces d\u2019accompagnement font l\u2019objet d\u2019une s\u00e9lection rigoureuse des meilleurs ingr\u00e9dients avec une qualit\u00e9 irr\u00e9prochable en passant par le respect scrupuleux des recettes. C\u2019est ce Savoir-Faire ma\u00eetris\u00e9 qui caract\u00e9rise aujourd\u2019hui principalement notre identit\u00e9 afin de vous offrir de succulents instants\u2026<\/p>\n<p>Ce sont des Produits Vrais et c\u2019est aussi leur lumineuse simplicit\u00e9 qui en fait tout leur charme comme la Cuisine S\u00e9toise qui est d\u00e9pouill\u00e9e de toute pr\u00e9tention pour mieux restituer le Go\u00fbt de son terroir.<\/p>\n","protected":false},"featured_media":25398,"comment_status":"closed","ping_status":"closed","template":"","meta":[],"product_brand":[],"product_cat":[1117,598,31],"product_tag":[],"class_list":{"0":"post-25397","1":"product","2":"type-product","3":"status-publish","4":"has-post-thumbnail","6":"product_cat-produits-de-la-mer","7":"product_cat-a-tartiner","8":"product_cat-epicerie","10":"first","11":"instock","12":"taxable","13":"shipping-taxable","14":"purchasable","15":"product-type-simple"},"jetpack_sharing_enabled":true,"_links":{"self":[{"href":"https:\/\/france-gastronomie.shop\/fr\/wp-json\/wp\/v2\/product\/25397","targetHints":{"allow":["GET"]}}],"collection":[{"href":"https:\/\/france-gastronomie.shop\/fr\/wp-json\/wp\/v2\/product"}],"about":[{"href":"https:\/\/france-gastronomie.shop\/fr\/wp-json\/wp\/v2\/types\/product"}],"replies":[{"embeddable":true,"href":"https:\/\/france-gastronomie.shop\/fr\/wp-json\/wp\/v2\/comments?post=25397"}],"wp:featuredmedia":[{"embeddable":true,"href":"https:\/\/france-gastronomie.shop\/fr\/wp-json\/wp\/v2\/media\/25398"}],"wp:attachment":[{"href":"https:\/\/france-gastronomie.shop\/fr\/wp-json\/wp\/v2\/media?parent=25397"}],"wp:term":[{"taxonomy":"product_brand","embeddable":true,"href":"https:\/\/france-gastronomie.shop\/fr\/wp-json\/wp\/v2\/product_brand?post=25397"},{"taxonomy":"product_cat","embeddable":true,"href":"https:\/\/france-gastronomie.shop\/fr\/wp-json\/wp\/v2\/product_cat?post=25397"},{"taxonomy":"product_tag","embeddable":true,"href":"https:\/\/france-gastronomie.shop\/fr\/wp-json\/wp\/v2\/product_tag?post=25397"}],"curies":[{"name":"wp","href":"https:\/\/api.w.org\/{rel}","templated":true}]}}