{"id":25382,"date":"2025-12-02T16:56:20","date_gmt":"2025-12-02T16:56:20","guid":{"rendered":"https:\/\/france-gastronomie.shop\/?post_type=product&#038;p=25382"},"modified":"2025-12-03T10:55:34","modified_gmt":"2025-12-03T10:55:34","slug":"aioli-provencal-fabrication-artisanale","status":"publish","type":"product","link":"https:\/\/france-gastronomie.shop\/fr\/produit\/aioli-provencal-fabrication-artisanale\/","title":{"rendered":"Aioli Provencal <br\/> Fabrication artisanale"},"content":{"rendered":"<p><strong>Aioli Provencal Azais-Polito<\/strong><\/p>\n<p>Sauce typiquement m\u00e9ridionale, l&rsquo;A\u00efoli Proven\u00e7al, \u00e0 depuis toujours eu sa place parmi les produits les plus renomm\u00e9s de notre terroir.<br \/>\nCette \u00e9mulsion est une des rares sur le march\u00e9 \u00e0 \u00eatre encore fabriqu\u00e9e avec des Oeufs frais ce qui vous offre tout le plaisir de retrouver les Saveurs d&rsquo;une sauce traditionnelle. Notre A\u00efoli est un produit artisanal, vous allez \u00eatre s\u00e9duit par son go\u00fbt aill\u00e9 et sa texture l\u00e9g\u00e8re.<\/p>\n<p>Le long de nos c\u00f4tes M\u00e9diterran\u00e9enne, nous consommons l&rsquo;A\u00efoli principalement avec des coquillages ou du poisson.<br \/>\nCette sauce d&rsquo;accompagnement aux saveurs du pays S\u00e9tois s&rsquo;accorde d\u00e9licieusement bien avec nos Soupes de Poisson et nos Plats Cuisin\u00e9s. Cette sauce est \u00e9galement exquise avec des crustac\u00e9s, surtout des crevettes. Pour en<br \/>\nappr\u00e9cier d&rsquo;autant plus le parfum, nous vous sugg\u00e9rons de la d\u00e9guster accompagn\u00e9e de nos Cro\u00fbtons aill\u00e9s. Notre A\u00efoli provencal peut aussi se consommer en toaster \u00e0 l&rsquo;ap\u00e9ritif.<\/p>\n<p>Huile de colza, \u0152UF 20%, Huile d&rsquo;olive vierge extra 18,3%, Ail 2,5%, Sel, Vinaigre et Acidifiant : E330.<\/p>\n<p>Conserver au sec, \u00e0 l&rsquo;abri de la lumi\u00e8re et \u00e0 temp\u00e9rature ambiante.<br \/>\nApr\u00e8s ouverture, se conserve au r\u00e9frig\u00e9rateur 2 \u00e0 3 jours.<\/p>\n<p>Allerg\u00e8nes: OEUFS<br \/>\nSans OGM, Non ionis\u00e9.<\/p>\n<p>Valeurs nutritionnelles pour 100g<br \/>\nEnergie en KCal : 700.00<br \/>\nEnergie en KJ : 2858.00<br \/>\nProteines \/ Proteins (g) : 2.93<br \/>\nGlucides \/ Carbohydrates (g) : 0.79<br \/>\ndont sucres \/ of which sugar (g) : 0.20<br \/>\nMati\u00e8res grasses \/ Lipids (g) : 75.46<br \/>\ndont A.G. Satures \/ of which saturated sats (g) : 6.96<br \/>\nFibres \/ Fibers (g) : 0.14<br \/>\nSel \/ or salt (g) : 1.14<\/p>\n","protected":false},"excerpt":{"rendered":"<p><strong>Aioli Provencal Azais-Polito<\/strong><\/p>\n<p>De P\u00e8res en Fils, depuis quelques d\u00e9cennies, nous veillons quotidiennement au maintien de ce Savoir-Faire et de nos traditions. Nos modes de fabrication perp\u00e9tuent depuis toujours les m\u00e9thodes artisanales de la conserverie traditionnelle. Toujours pr\u00e9par\u00e9es \u00e0 la main et selon notre savoir-faire, nos conserves se distinguent des autres par leur go\u00fbt exceptionnel, les recettes de nos soupes, nos salades, nos plats cuisin\u00e9s et nos sauces d\u2019accompagnement font l\u2019objet d\u2019une s\u00e9lection rigoureuse des meilleurs ingr\u00e9dients avec une qualit\u00e9 irr\u00e9prochable en passant par le respect scrupuleux des recettes. C\u2019est ce Savoir-Faire ma\u00eetris\u00e9 qui caract\u00e9rise aujourd\u2019hui principalement notre identit\u00e9 afin de vous offrir de succulents instants\u2026<\/p>\n<p>Ce sont des Produits Vrais et c\u2019est aussi leur lumineuse simplicit\u00e9 qui en fait tout leur charme comme la Cuisine S\u00e9toise qui est d\u00e9pouill\u00e9e de toute pr\u00e9tention pour mieux restituer le Go\u00fbt de son terroir.<\/p>\n","protected":false},"featured_media":25383,"comment_status":"closed","ping_status":"closed","template":"","meta":[],"product_brand":[],"product_cat":[1117,598,31],"product_tag":[],"class_list":{"0":"post-25382","1":"product","2":"type-product","3":"status-publish","4":"has-post-thumbnail","6":"product_cat-produits-de-la-mer","7":"product_cat-a-tartiner","8":"product_cat-epicerie","10":"first","11":"instock","12":"taxable","13":"shipping-taxable","14":"purchasable","15":"product-type-simple"},"jetpack_sharing_enabled":true,"_links":{"self":[{"href":"https:\/\/france-gastronomie.shop\/fr\/wp-json\/wp\/v2\/product\/25382","targetHints":{"allow":["GET"]}}],"collection":[{"href":"https:\/\/france-gastronomie.shop\/fr\/wp-json\/wp\/v2\/product"}],"about":[{"href":"https:\/\/france-gastronomie.shop\/fr\/wp-json\/wp\/v2\/types\/product"}],"replies":[{"embeddable":true,"href":"https:\/\/france-gastronomie.shop\/fr\/wp-json\/wp\/v2\/comments?post=25382"}],"wp:featuredmedia":[{"embeddable":true,"href":"https:\/\/france-gastronomie.shop\/fr\/wp-json\/wp\/v2\/media\/25383"}],"wp:attachment":[{"href":"https:\/\/france-gastronomie.shop\/fr\/wp-json\/wp\/v2\/media?parent=25382"}],"wp:term":[{"taxonomy":"product_brand","embeddable":true,"href":"https:\/\/france-gastronomie.shop\/fr\/wp-json\/wp\/v2\/product_brand?post=25382"},{"taxonomy":"product_cat","embeddable":true,"href":"https:\/\/france-gastronomie.shop\/fr\/wp-json\/wp\/v2\/product_cat?post=25382"},{"taxonomy":"product_tag","embeddable":true,"href":"https:\/\/france-gastronomie.shop\/fr\/wp-json\/wp\/v2\/product_tag?post=25382"}],"curies":[{"name":"wp","href":"https:\/\/api.w.org\/{rel}","templated":true}]}}