{"id":25377,"date":"2025-12-02T16:45:32","date_gmt":"2025-12-02T16:45:32","guid":{"rendered":"https:\/\/france-gastronomie.shop\/?post_type=product&#038;p=25377"},"modified":"2025-12-03T10:58:59","modified_gmt":"2025-12-03T10:58:59","slug":"tapenade-noire-a-lanchois","status":"publish","type":"product","link":"https:\/\/france-gastronomie.shop\/fr\/produit\/tapenade-noire-a-lanchois\/","title":{"rendered":"Tapenade noire <br\/> \u00e0 l&rsquo;anchois"},"content":{"rendered":"<p><strong>Tapenade noire \u00e0 l&rsquo;anchois Azais-Polito<\/strong><\/p>\n<p>La Tapenade est un hors-d&rsquo;oeuvre typique du Midi de la France. C&rsquo;est une pur\u00e9e d&rsquo;anchois et d&rsquo;olives que l&rsquo;on tartine traditionnellement sur du pain.<br \/>\nOn peut aussi l&rsquo;utiliser pour badigeonner une viande ou une pr\u00e9paration.<br \/>\nVous retrouverez dans ce produit toutes les Saveurs de l&rsquo;olive verte m\u00e9diterran\u00e9enne et de l&rsquo;anchois.<\/p>\n<p>Cette sauce est sp\u00e9cialement recommand\u00e9e pour accompagner les viandes et les l\u00e9gumes, et tout particuli\u00e8rement napp\u00e9e sur une tranche de thon grill\u00e9. Elle est \u00e9galement excellence en toaster \u00e0 l&rsquo;Ap\u00e9ritif.<\/p>\n<p>Pur\u00e9e d&rsquo;olive noire 90%, C\u00e2pre, Huile d&rsquo;olive vierge extra, ANCHOIS 0,9%, Vinaigre et Acidifiant : E330.<\/p>\n<p>Conserver au sec, \u00e0 l&rsquo;abri de la lumi\u00e8re et \u00e0 temp\u00e9rature ambiante.<br \/>\nApr\u00e8s ouverture, se conserve au r\u00e9frig\u00e9rateur 2 \u00e0 3 jours.<\/p>\n<p>Allerg\u00e8nes: POISSON (anchois)<br \/>\nSans OGM, Non ionis\u00e9.<\/p>\n<p>Valeurs nutritionnelles pour 100g<br \/>\nEnergie en KCal : 341.00<br \/>\nEnergie en KJ : 1405.00<br \/>\nProteines \/ Proteins (g) : 2.00<br \/>\nGlucides \/ Carbohydrates (g) : 5.70<br \/>\ndont sucres \/ of which sugar (g) : 0.10<br \/>\nMati\u00e8res grasses \/ Lipids (g) : 33.20<br \/>\ndont A.G. Satures \/ of which saturated sats (g) : 2.00<br \/>\nFibres \/ Fibers (g) : 5.80<br \/>\nSel (g) : 2.33<\/p>\n<p>&nbsp;<\/p>\n","protected":false},"excerpt":{"rendered":"<p><strong>Tapenade noire \u00e0 l&rsquo;anchois Azais-Polito<\/strong><\/p>\n<p>De P\u00e8res en Fils, depuis quelques d\u00e9cennies, nous veillons quotidiennement au maintien de ce Savoir-Faire et de nos traditions. Nos modes de fabrication perp\u00e9tuent depuis toujours les m\u00e9thodes artisanales de la conserverie traditionnelle. Toujours pr\u00e9par\u00e9es \u00e0 la main et selon notre savoir-faire, nos conserves se distinguent des autres par leur go\u00fbt exceptionnel, les recettes de nos soupes, nos salades, nos plats cuisin\u00e9s et nos sauces d\u2019accompagnement font l\u2019objet d\u2019une s\u00e9lection rigoureuse des meilleurs ingr\u00e9dients avec une qualit\u00e9 irr\u00e9prochable en passant par le respect scrupuleux des recettes. C\u2019est ce Savoir-Faire ma\u00eetris\u00e9 qui caract\u00e9rise aujourd\u2019hui principalement notre identit\u00e9 afin de vous offrir de succulents instants\u2026<\/p>\n<p>Ce sont des Produits Vrais et c\u2019est aussi leur lumineuse simplicit\u00e9 qui en fait tout leur charme comme la Cuisine S\u00e9toise qui est d\u00e9pouill\u00e9e de toute pr\u00e9tention pour mieux restituer le Go\u00fbt de son terroir.<\/p>\n","protected":false},"featured_media":25378,"comment_status":"closed","ping_status":"closed","template":"","meta":[],"product_brand":[],"product_cat":[1117,598,31],"product_tag":[],"class_list":{"0":"post-25377","1":"product","2":"type-product","3":"status-publish","4":"has-post-thumbnail","6":"product_cat-produits-de-la-mer","7":"product_cat-a-tartiner","8":"product_cat-epicerie","10":"first","11":"instock","12":"taxable","13":"shipping-taxable","14":"purchasable","15":"product-type-simple"},"jetpack_sharing_enabled":true,"_links":{"self":[{"href":"https:\/\/france-gastronomie.shop\/fr\/wp-json\/wp\/v2\/product\/25377","targetHints":{"allow":["GET"]}}],"collection":[{"href":"https:\/\/france-gastronomie.shop\/fr\/wp-json\/wp\/v2\/product"}],"about":[{"href":"https:\/\/france-gastronomie.shop\/fr\/wp-json\/wp\/v2\/types\/product"}],"replies":[{"embeddable":true,"href":"https:\/\/france-gastronomie.shop\/fr\/wp-json\/wp\/v2\/comments?post=25377"}],"wp:featuredmedia":[{"embeddable":true,"href":"https:\/\/france-gastronomie.shop\/fr\/wp-json\/wp\/v2\/media\/25378"}],"wp:attachment":[{"href":"https:\/\/france-gastronomie.shop\/fr\/wp-json\/wp\/v2\/media?parent=25377"}],"wp:term":[{"taxonomy":"product_brand","embeddable":true,"href":"https:\/\/france-gastronomie.shop\/fr\/wp-json\/wp\/v2\/product_brand?post=25377"},{"taxonomy":"product_cat","embeddable":true,"href":"https:\/\/france-gastronomie.shop\/fr\/wp-json\/wp\/v2\/product_cat?post=25377"},{"taxonomy":"product_tag","embeddable":true,"href":"https:\/\/france-gastronomie.shop\/fr\/wp-json\/wp\/v2\/product_tag?post=25377"}],"curies":[{"name":"wp","href":"https:\/\/api.w.org\/{rel}","templated":true}]}}