{"id":25361,"date":"2025-12-02T16:05:36","date_gmt":"2025-12-02T16:05:36","guid":{"rendered":"https:\/\/france-gastronomie.shop\/?post_type=product&#038;p=25361"},"modified":"2025-12-03T11:01:47","modified_gmt":"2025-12-03T11:01:47","slug":"bulots-en-court-bouillon","status":"publish","type":"product","link":"https:\/\/france-gastronomie.shop\/fr\/produit\/bulots-en-court-bouillon\/","title":{"rendered":"Bulots <br\/> en court bouillon"},"content":{"rendered":"<p><strong>Bulots en court bouillon Azais-Polito<\/strong><\/p>\n<p>Partez \u00e0 la rencontre des saveurs de notre terroir au travers d&rsquo;un des derniers produits \u00e9labor\u00e9s pour vous satisfaire et encore unique sur le march\u00e9.<br \/>\nCe Court Bouillon de coquillages est fabriqu\u00e9 avec de gros bulots selon les recettes traditionnelles de chez nous. Ce produit constitue \u00e0 la fois un met festif raffin\u00e9 mais aussi un plat estival tr\u00e8s app\u00e9ci\u00e9.<br \/>\nSa composition ainsi que les m\u00e9thodes artisanales de fabrication lui conf\u00e8re un positionnement haut de gamme.<br \/>\nSans additif, sans colorant ni conservateur.<\/p>\n<p>Nos Bulots en court bouillon sont pr\u00eats \u00e0 l&#8217;emploi. Pour une appr\u00e9ciation optimale, \u00e9gouttez-les et servez-les froids<br \/>\naccompagn\u00e9s de notre A\u00efoli ou de notre Rouille S\u00e9toise. Vous pouvez \u00e9galement les d\u00e9guster en plat de r\u00e9sistance<br \/>\naccompagn\u00e9s de pommes de terre bouillies (nouvelles de pr\u00e9f\u00e9rence) et d&rsquo;un A\u00efoli consistant.<\/p>\n<p>Bouillon 55% (Eau, Poivron, Vin Blanc, Sel, Carotte et Badiane) et BULOT 45%.<\/p>\n<p>Conserver au sec, \u00e0 l&rsquo;abri de la lumi\u00e8re et \u00e0 temp\u00e9rature ambiante.<br \/>\nApr\u00e8s ouverture, se conserve au r\u00e9frig\u00e9rateur 2 \u00e0 3 jours.<\/p>\n<p>Allerg\u00e8ne: MOLLUSQUE (bulot)<br \/>\nSans OGM, Non ionis\u00e9.<\/p>\n<p>Valeurs nutritionnelles pour 100g<br \/>\nEnergie en KCal : 43.00<br \/>\nEnergie en KJ : 181.00<br \/>\nProteines \/ Proteins (g) : 8.11<br \/>\nGlucides \/ Carbohydrates (g) : 1.62<br \/>\ndont sucres \/ of which sugar (g) : 0.36<br \/>\nMati\u00e8res grasses \/ Lipids (g) : 0.27<br \/>\ndont A.G. Satures \/ of which saturated sats (g) : 0.04<br \/>\nFibres \/ Fibers (g) : 0.10<br \/>\nSel \/ or salt (g) : 0.96<\/p>\n","protected":false},"excerpt":{"rendered":"<p><strong>Poulpe en sauce piquante Azais-Polito<\/strong><\/p>\n<p>2 \u00e0 3 assiettes<\/p>\n<p>De P\u00e8res en Fils, depuis quelques d\u00e9cennies, nous veillons quotidiennement au maintien de ce Savoir-Faire et de nos traditions. Nos modes de fabrication perp\u00e9tuent depuis toujours les m\u00e9thodes artisanales de la conserverie traditionnelle. Toujours pr\u00e9par\u00e9es \u00e0 la main et selon notre savoir-faire, nos conserves se distinguent des autres par leur go\u00fbt exceptionnel, les recettes de nos soupes, nos salades, nos plats cuisin\u00e9s et nos sauces d\u2019accompagnement font l\u2019objet d\u2019une s\u00e9lection rigoureuse des meilleurs ingr\u00e9dients avec une qualit\u00e9 irr\u00e9prochable en passant par le respect scrupuleux des recettes. C\u2019est ce Savoir-Faire ma\u00eetris\u00e9 qui caract\u00e9rise aujourd\u2019hui principalement notre identit\u00e9 afin de vous offrir de succulents instants\u2026<\/p>\n<p>Ce sont des Produits Vrais et c\u2019est aussi leur lumineuse simplicit\u00e9 qui en fait tout leur charme comme la Cuisine S\u00e9toise qui est d\u00e9pouill\u00e9e de toute pr\u00e9tention pour mieux restituer le Go\u00fbt de son terroir.<\/p>\n","protected":false},"featured_media":25362,"comment_status":"closed","ping_status":"closed","template":"","meta":[],"product_brand":[],"product_cat":[1117,31],"product_tag":[],"class_list":{"0":"post-25361","1":"product","2":"type-product","3":"status-publish","4":"has-post-thumbnail","6":"product_cat-produits-de-la-mer","7":"product_cat-epicerie","9":"first","10":"instock","11":"taxable","12":"shipping-taxable","13":"purchasable","14":"product-type-simple"},"jetpack_sharing_enabled":true,"_links":{"self":[{"href":"https:\/\/france-gastronomie.shop\/fr\/wp-json\/wp\/v2\/product\/25361","targetHints":{"allow":["GET"]}}],"collection":[{"href":"https:\/\/france-gastronomie.shop\/fr\/wp-json\/wp\/v2\/product"}],"about":[{"href":"https:\/\/france-gastronomie.shop\/fr\/wp-json\/wp\/v2\/types\/product"}],"replies":[{"embeddable":true,"href":"https:\/\/france-gastronomie.shop\/fr\/wp-json\/wp\/v2\/comments?post=25361"}],"wp:featuredmedia":[{"embeddable":true,"href":"https:\/\/france-gastronomie.shop\/fr\/wp-json\/wp\/v2\/media\/25362"}],"wp:attachment":[{"href":"https:\/\/france-gastronomie.shop\/fr\/wp-json\/wp\/v2\/media?parent=25361"}],"wp:term":[{"taxonomy":"product_brand","embeddable":true,"href":"https:\/\/france-gastronomie.shop\/fr\/wp-json\/wp\/v2\/product_brand?post=25361"},{"taxonomy":"product_cat","embeddable":true,"href":"https:\/\/france-gastronomie.shop\/fr\/wp-json\/wp\/v2\/product_cat?post=25361"},{"taxonomy":"product_tag","embeddable":true,"href":"https:\/\/france-gastronomie.shop\/fr\/wp-json\/wp\/v2\/product_tag?post=25361"}],"curies":[{"name":"wp","href":"https:\/\/api.w.org\/{rel}","templated":true}]}}