{"id":25355,"date":"2025-12-02T15:42:20","date_gmt":"2025-12-02T15:42:20","guid":{"rendered":"https:\/\/france-gastronomie.shop\/?post_type=product&#038;p=25355"},"modified":"2025-12-03T11:04:28","modified_gmt":"2025-12-03T11:04:28","slug":"poulpe-sauce-piquante","status":"publish","type":"product","link":"https:\/\/france-gastronomie.shop\/fr\/produit\/poulpe-sauce-piquante\/","title":{"rendered":"Poulpe <br\/> en sauce piquante"},"content":{"rendered":"<p><strong>Poulpe en sauce piquante Azais-Polito<\/strong><\/p>\n<p class=\"\" data-end=\"504\" data-start=\"206\">Envie de sortir des sentiers battus ? Cette sauce au poulpe et \u00e0 la tomate est une alternative savoureuse et relev\u00e9e aux sauces classiques. Pr\u00e9par\u00e9e avec 35 % de poulpe, des l\u00e9gumes frais, du vin blanc, du cognac et une pointe de piment, elle offre une explosion de saveurs parfaitement \u00e9quilibr\u00e9e.<\/p>\n<p class=\"\" data-end=\"774\" data-start=\"506\">Sa texture g\u00e9n\u00e9reuse et son assaisonnement ma\u00eetris\u00e9 en font un accompagnement id\u00e9al pour les plats de p\u00e2tes, de riz ou m\u00eame pour relever une po\u00eal\u00e9e de l\u00e9gumes. \u00c9labor\u00e9e de mani\u00e8re artisanale, sans colorants, cette recette allie authenticit\u00e9 et caract\u00e8re m\u00e9diterran\u00e9en.<\/p>\n<p data-end=\"774\" data-start=\"506\">POULPE 35%, Eau, CR\u00c8ME, Tomate, Carotte, Vin blanc, Oignon, Poireau, Huile d&rsquo;olive vierge extra, CELERI, Cognac, Concentr\u00e9 de tomate, Ail, Sel, Plantes aromatiques, Epices, Epaississant : Farine de graine de caroube et Sucre.<\/p>\n<p data-end=\"774\" data-start=\"506\">Conserver au sec, \u00e0 l&rsquo;abri de la lumi\u00e8re \u00e0 temp\u00e9rature ambiante. Apr\u00e8s ouverture, \u00e0 conserver au r\u00e9frig\u00e9rateur 2 \u00e0 3 jours maximum.<\/p>\n<p data-end=\"774\" data-start=\"506\">Allerg\u00e8nes: MOLLUSQUES (poulpes), GLUTEN (pain), OEUFS<br \/>\nSans OGM, Non ionis\u00e9.<\/p>\n<p data-end=\"774\" data-start=\"506\">Valeurs nutritives pour 100g<br \/>\nEnergie en kcal : 97<br \/>\nEnergie en kJ : 406<br \/>\nMati\u00e8res grasses \/ Fat (g) : 4.25<br \/>\ndont acides gras satur\u00e9s \/ of which saturated fats (g) : 2.27<br \/>\nGlucides \/ Carbohydrates (g) : 2.36<br \/>\ndont sucres \/ of which sugar (g) : 1.15<br \/>\nProt\u00e9ines \/ Proteins (g) : 11.17<br \/>\nSel \/ salt (g) : 0.55<\/p>\n","protected":false},"excerpt":{"rendered":"<p><strong>Poulpe en sauce piquante Azais-Polito<\/strong><\/p>\n<p>2 \u00e0 3 assiettes<\/p>\n<p>De P\u00e8res en Fils, depuis quelques d\u00e9cennies, nous veillons quotidiennement au maintien de ce Savoir-Faire et de nos traditions. Nos modes de fabrication perp\u00e9tuent depuis toujours les m\u00e9thodes artisanales de la conserverie traditionnelle. Toujours pr\u00e9par\u00e9es \u00e0 la main et selon notre savoir-faire, nos conserves se distinguent des autres par leur go\u00fbt exceptionnel, les recettes de nos soupes, nos salades, nos plats cuisin\u00e9s et nos sauces d\u2019accompagnement font l\u2019objet d\u2019une s\u00e9lection rigoureuse des meilleurs ingr\u00e9dients avec une qualit\u00e9 irr\u00e9prochable en passant par le respect scrupuleux des recettes. C\u2019est ce Savoir-Faire ma\u00eetris\u00e9 qui caract\u00e9rise aujourd\u2019hui principalement notre identit\u00e9 afin de vous offrir de succulents instants\u2026<\/p>\n<p>Ce sont des Produits Vrais et c\u2019est aussi leur lumineuse simplicit\u00e9 qui en fait tout leur charme comme la Cuisine S\u00e9toise qui est d\u00e9pouill\u00e9e de toute pr\u00e9tention pour mieux restituer le Go\u00fbt de son terroir.<\/p>\n","protected":false},"featured_media":25356,"comment_status":"closed","ping_status":"closed","template":"","meta":[],"product_brand":[],"product_cat":[575,1117,31,32],"product_tag":[],"class_list":{"0":"post-25355","1":"product","2":"type-product","3":"status-publish","4":"has-post-thumbnail","6":"product_cat-conserves","7":"product_cat-produits-de-la-mer","8":"product_cat-epicerie","9":"product_cat-plats-prepares","11":"first","12":"instock","13":"taxable","14":"shipping-taxable","15":"purchasable","16":"product-type-simple"},"jetpack_sharing_enabled":true,"_links":{"self":[{"href":"https:\/\/france-gastronomie.shop\/fr\/wp-json\/wp\/v2\/product\/25355","targetHints":{"allow":["GET"]}}],"collection":[{"href":"https:\/\/france-gastronomie.shop\/fr\/wp-json\/wp\/v2\/product"}],"about":[{"href":"https:\/\/france-gastronomie.shop\/fr\/wp-json\/wp\/v2\/types\/product"}],"replies":[{"embeddable":true,"href":"https:\/\/france-gastronomie.shop\/fr\/wp-json\/wp\/v2\/comments?post=25355"}],"wp:featuredmedia":[{"embeddable":true,"href":"https:\/\/france-gastronomie.shop\/fr\/wp-json\/wp\/v2\/media\/25356"}],"wp:attachment":[{"href":"https:\/\/france-gastronomie.shop\/fr\/wp-json\/wp\/v2\/media?parent=25355"}],"wp:term":[{"taxonomy":"product_brand","embeddable":true,"href":"https:\/\/france-gastronomie.shop\/fr\/wp-json\/wp\/v2\/product_brand?post=25355"},{"taxonomy":"product_cat","embeddable":true,"href":"https:\/\/france-gastronomie.shop\/fr\/wp-json\/wp\/v2\/product_cat?post=25355"},{"taxonomy":"product_tag","embeddable":true,"href":"https:\/\/france-gastronomie.shop\/fr\/wp-json\/wp\/v2\/product_tag?post=25355"}],"curies":[{"name":"wp","href":"https:\/\/api.w.org\/{rel}","templated":true}]}}