{"id":25304,"date":"2025-12-01T18:40:26","date_gmt":"2025-12-01T18:40:26","guid":{"rendered":"https:\/\/france-gastronomie.shop\/?post_type=product&#038;p=25304"},"modified":"2025-12-03T11:01:09","modified_gmt":"2025-12-03T11:01:09","slug":"salade-de-fruits-de-mer-fabrication-artisanale","status":"publish","type":"product","link":"https:\/\/france-gastronomie.shop\/fr\/produit\/salade-de-fruits-de-mer-fabrication-artisanale\/","title":{"rendered":"Salade de fruits de mer <br\/> fabrication artisanale"},"content":{"rendered":"<p><strong>Salade de fruits de mer Azais-Polito<\/strong><\/p>\n<p>Cette salade estivale aux Saveurs M\u00e9ridionale marie d\u00e9licieusement bien les petites seiches, lamelles d&rsquo;encornets et moules de la M\u00e9diterran\u00e9e avec des petits poulpes, embl\u00e8me de la gastronomie M\u00e9diterran\u00e9enne et tout<br \/>\nparticuli\u00e8rement de la tradition culinaire S\u00e9toise.<br \/>\nFabriqu\u00e9e avec des mati\u00e8res premi\u00e8res de premier choix c&rsquo;est un produit Haut de Gamme!!!<\/p>\n<p>Cette salade est pr\u00eate \u00e0 consommer. Elle peut \u00eatre servie seule en entr\u00e9e foide ou bien accompagn\u00e9e de pommes de terre, de riz ou sur un lit de salade verte.<br \/>\nElle est excellente \u00e9galement en \u00ab\u00a0tapas\u00a0\u00bb \u00e0 l&rsquo;Ap\u00e9ritif.<\/p>\n<p>Fruits de Mer 55% (Petite SEICHE, Petit POULPE, ENCORNET et MOULE), Huile de colza, Poivron et Vinaigre.<\/p>\n<p>Conserver au sec, \u00e0 l&rsquo;abri de la lumi\u00e8re et \u00e0 temp\u00e9rature ambiante.<br \/>\nApr\u00e8s ouverture, se conserve au r\u00e9frig\u00e9rateur 2 \u00e0 3 jours.<\/p>\n<p>Allerg\u00e8nes: MOLLUSQUE (moules) &#8211; CEPHALOPODES (encornets, seiche, poulpe)<br \/>\nSans OGM, Non ionis\u00e9.<\/p>\n<p>Valeurs nutritionnelles pour 100G<br \/>\nEnergie en KCal : 303.00<br \/>\nEnergie en KJ : 1253.00<br \/>\nProteines \/ Proteins (g) : 11.70<br \/>\nGlucides \/ Carbohydrates (g) : 2.80<br \/>\ndont sucres \/ of which sugar (g) : 0.10<br \/>\nMati\u00e8res grasses \/ Lipids (g) : 27.20<br \/>\ndont A.G. Satures \/ of which saturated sats (g) : 1.60<br \/>\nFibres \/ Fibers (g) : 0.50<br \/>\nSel (g) : 0.53<\/p>\n","protected":false},"excerpt":{"rendered":"<p><strong>Salade de fruits de mer Azais-Polito<\/strong><\/p>\n<p>De P\u00e8res en Fils, depuis quelques d\u00e9cennies, nous veillons quotidiennement au maintien de ce Savoir-Faire et de nos traditions. Nos modes de fabrication perp\u00e9tuent depuis toujours les m\u00e9thodes artisanales de la conserverie traditionnelle. Toujours pr\u00e9par\u00e9es \u00e0 la main et selon notre savoir-faire, nos conserves se distinguent des autres par leur go\u00fbt exceptionnel, les recettes de nos soupes, nos salades, nos plats cuisin\u00e9s et nos sauces d\u2019accompagnement font l\u2019objet d\u2019une s\u00e9lection rigoureuse des meilleurs ingr\u00e9dients avec une qualit\u00e9 irr\u00e9prochable en passant par le respect scrupuleux des recettes. C\u2019est ce Savoir-Faire ma\u00eetris\u00e9 qui caract\u00e9rise aujourd\u2019hui principalement notre identit\u00e9 afin de vous offrir de succulents instants\u2026<\/p>\n<p>Ce sont des Produits Vrais et c\u2019est aussi leur lumineuse simplicit\u00e9 qui en fait tout leur charme comme la Cuisine S\u00e9toise qui est d\u00e9pouill\u00e9e de toute pr\u00e9tention pour mieux restituer le Go\u00fbt de son terroir.<\/p>\n","protected":false},"featured_media":25305,"comment_status":"closed","ping_status":"closed","template":"","meta":[],"product_brand":[],"product_cat":[1117,31],"product_tag":[],"class_list":{"0":"post-25304","1":"product","2":"type-product","3":"status-publish","4":"has-post-thumbnail","6":"product_cat-produits-de-la-mer","7":"product_cat-epicerie","9":"first","10":"instock","11":"taxable","12":"shipping-taxable","13":"purchasable","14":"product-type-simple"},"jetpack_sharing_enabled":true,"_links":{"self":[{"href":"https:\/\/france-gastronomie.shop\/fr\/wp-json\/wp\/v2\/product\/25304","targetHints":{"allow":["GET"]}}],"collection":[{"href":"https:\/\/france-gastronomie.shop\/fr\/wp-json\/wp\/v2\/product"}],"about":[{"href":"https:\/\/france-gastronomie.shop\/fr\/wp-json\/wp\/v2\/types\/product"}],"replies":[{"embeddable":true,"href":"https:\/\/france-gastronomie.shop\/fr\/wp-json\/wp\/v2\/comments?post=25304"}],"wp:featuredmedia":[{"embeddable":true,"href":"https:\/\/france-gastronomie.shop\/fr\/wp-json\/wp\/v2\/media\/25305"}],"wp:attachment":[{"href":"https:\/\/france-gastronomie.shop\/fr\/wp-json\/wp\/v2\/media?parent=25304"}],"wp:term":[{"taxonomy":"product_brand","embeddable":true,"href":"https:\/\/france-gastronomie.shop\/fr\/wp-json\/wp\/v2\/product_brand?post=25304"},{"taxonomy":"product_cat","embeddable":true,"href":"https:\/\/france-gastronomie.shop\/fr\/wp-json\/wp\/v2\/product_cat?post=25304"},{"taxonomy":"product_tag","embeddable":true,"href":"https:\/\/france-gastronomie.shop\/fr\/wp-json\/wp\/v2\/product_tag?post=25304"}],"curies":[{"name":"wp","href":"https:\/\/api.w.org\/{rel}","templated":true}]}}