{"id":25278,"date":"2025-12-01T17:06:30","date_gmt":"2025-12-01T17:06:30","guid":{"rendered":"https:\/\/france-gastronomie.shop\/?post_type=product&#038;p=25278"},"modified":"2025-12-03T11:03:54","modified_gmt":"2025-12-03T11:03:54","slug":"cassoulet-de-la-mer-moule-et-encornet-farcis","status":"publish","type":"product","link":"https:\/\/france-gastronomie.shop\/fr\/produit\/cassoulet-de-la-mer-moule-et-encornet-farcis\/","title":{"rendered":"Cassoulet de la mer <br\/> moule et encornet farcis"},"content":{"rendered":"<p><strong>Cassoulet de la mer Azais-Polito<\/strong><\/p>\n<p>Notre Cassoulet de la Mer est une variante du Cassoulet Traditionnel. Cette recette cuisin\u00e9e depuis toujours par les Familles de P\u00eacheurs de notre R\u00e9gion, est le d\u00e9licieux mariage de Petits Farcis de la Mer avec des Haricots Blancs mijot\u00e9s en sauce tomate&#8230; Laissez vous surprendre!<\/p>\n<p>pour 2 \u00e0 3 assiettes<br \/>\nNotre Cassoulet de la mer est pr\u00eat \u00e0 l&#8217;emploi. Faites r\u00e9chauffer \u00e0 feu doux le contenu du bocal dans une casserole puis servez bien chaud.<\/p>\n<p>Haricot blanc, MOULE et ENCORNET farcis (Farce pur porc : \u0152UF frais,Viande de porc (France*), PAIN, Ail, Persil,<br \/>\nPoivre), SEICHE, Sauce (Eau, Tomate, Oignon, Carotte, Huile d&rsquo;olive vierge extra, Vin blanc, Sel, Ail et Poivre).<br \/>\n*Issus d&rsquo;animaux n\u00e9s, \u00e9lev\u00e9s et abattus en France<\/p>\n<p>Conserver au sec, \u00e0 l&rsquo;abri de la lumi\u00e8re et \u00e0 temp\u00e9rature ambiante.<br \/>\nApr\u00e8s ouverture se conserve au r\u00e9frig\u00e9rateur 2 \u00e0 3 jours.<\/p>\n<p>Allerg\u00e8nes: MOLLUSQUE (moules) &#8211; MOLLUSQUES (encornets, seiches) &#8211; OEUFS &#8211; GLUTEN (bl\u00e9\/pain)<br \/>\nSans OGM, Non ionis\u00e9.<\/p>\n<p>Valeurs nutritionnelles pour 100g<br \/>\nEnergie en KCal : 122.00<br \/>\nEnergie en KJ : 511.00<br \/>\nProteines \/ Proteins (g) : 8.80<br \/>\nGlucides \/ Carbohydrates (g) : 7.10<br \/>\ndont sucres \/ of which sugar (g) : 0.20<br \/>\nMati\u00e8res grasses \/ Lipids (g) : 5.60<br \/>\ndont A.G. Satures \/ of which saturated sats (g) : 1.20<br \/>\nFibres \/ Fibers (g) : 4.20<br \/>\nSel \/ or salt (g) : 0.91<\/p>\n<p>&nbsp;<\/p>\n<p>&nbsp;<\/p>\n<p>&nbsp;<\/p>\n<p>&nbsp;<\/p>\n","protected":false},"excerpt":{"rendered":"<p><strong>Cassoulet de la mer Azais-Polito<\/strong><\/p>\n<p>2 \u00e0 3 assiettes<\/p>\n<p>De P\u00e8res en Fils, depuis quelques d\u00e9cennies, nous veillons quotidiennement au maintien de ce Savoir-Faire et de nos traditions. Nos modes de fabrication perp\u00e9tuent depuis toujours les m\u00e9thodes artisanales de la conserverie traditionnelle. Toujours pr\u00e9par\u00e9es \u00e0 la main et selon notre savoir-faire, nos conserves se distinguent des autres par leur go\u00fbt exceptionnel, les recettes de nos soupes, nos salades, nos plats cuisin\u00e9s et nos sauces d\u2019accompagnement font l\u2019objet d\u2019une s\u00e9lection rigoureuse des meilleurs ingr\u00e9dients avec une qualit\u00e9 irr\u00e9prochable en passant par le respect scrupuleux des recettes. C\u2019est ce Savoir-Faire ma\u00eetris\u00e9 qui caract\u00e9rise aujourd\u2019hui principalement notre identit\u00e9 afin de vous offrir de succulents instants\u2026<\/p>\n<p>Ce sont des Produits Vrais et c\u2019est aussi leur lumineuse simplicit\u00e9 qui en fait tout leur charme comme la Cuisine S\u00e9toise qui est d\u00e9pouill\u00e9e de toute pr\u00e9tention pour mieux restituer le Go\u00fbt de son terroir.<\/p>\n","protected":false},"featured_media":25279,"comment_status":"closed","ping_status":"closed","template":"","meta":[],"product_brand":[],"product_cat":[1117,31,32],"product_tag":[],"class_list":{"0":"post-25278","1":"product","2":"type-product","3":"status-publish","4":"has-post-thumbnail","6":"product_cat-produits-de-la-mer","7":"product_cat-epicerie","8":"product_cat-plats-prepares","10":"first","11":"instock","12":"taxable","13":"shipping-taxable","14":"purchasable","15":"product-type-simple"},"jetpack_sharing_enabled":true,"_links":{"self":[{"href":"https:\/\/france-gastronomie.shop\/fr\/wp-json\/wp\/v2\/product\/25278","targetHints":{"allow":["GET"]}}],"collection":[{"href":"https:\/\/france-gastronomie.shop\/fr\/wp-json\/wp\/v2\/product"}],"about":[{"href":"https:\/\/france-gastronomie.shop\/fr\/wp-json\/wp\/v2\/types\/product"}],"replies":[{"embeddable":true,"href":"https:\/\/france-gastronomie.shop\/fr\/wp-json\/wp\/v2\/comments?post=25278"}],"wp:featuredmedia":[{"embeddable":true,"href":"https:\/\/france-gastronomie.shop\/fr\/wp-json\/wp\/v2\/media\/25279"}],"wp:attachment":[{"href":"https:\/\/france-gastronomie.shop\/fr\/wp-json\/wp\/v2\/media?parent=25278"}],"wp:term":[{"taxonomy":"product_brand","embeddable":true,"href":"https:\/\/france-gastronomie.shop\/fr\/wp-json\/wp\/v2\/product_brand?post=25278"},{"taxonomy":"product_cat","embeddable":true,"href":"https:\/\/france-gastronomie.shop\/fr\/wp-json\/wp\/v2\/product_cat?post=25278"},{"taxonomy":"product_tag","embeddable":true,"href":"https:\/\/france-gastronomie.shop\/fr\/wp-json\/wp\/v2\/product_tag?post=25278"}],"curies":[{"name":"wp","href":"https:\/\/api.w.org\/{rel}","templated":true}]}}