{"id":25272,"date":"2025-12-01T16:10:31","date_gmt":"2025-12-01T16:10:31","guid":{"rendered":"https:\/\/france-gastronomie.shop\/?post_type=product&#038;p=25272"},"modified":"2025-12-03T11:02:23","modified_gmt":"2025-12-03T11:02:23","slug":"bouillabaisse-aux-poissons-entiers","status":"publish","type":"product","link":"https:\/\/france-gastronomie.shop\/fr\/produit\/bouillabaisse-aux-poissons-entiers\/","title":{"rendered":"Bouillabaisse S\u00e9toise <br\/> aux poissons entiers"},"content":{"rendered":"<p><strong>Bouillabaisse aux poissons entiers Azais-Polito<\/strong><\/p>\n<p>A l&rsquo;origine, plat rustique et familial, la Bouillabaisse est devenue dans notre r\u00e9gion un met noble et raffin\u00e9. Elle<br \/>\nrepr\u00e9sente aujourd&rsquo;hui la sp\u00e9cialit\u00e9 des meilleurs restaurants de poisson. Vous retrouverez tout le meilleur de la Mer<br \/>\nM\u00e9diterran\u00e9e dans notre authentique Bouillabaisse.<br \/>\nSa composition traditionnelle ainsi que les m\u00e9thodes de fabrication conf\u00e8rent \u00e0 ce produit un positionnement haut de<br \/>\ngamme affirm\u00e9 pour le plaisir des gourmets les plus avertis.<\/p>\n<p>Notre Bouillabaisse aux poissons entiers est pr\u00eate \u00e0 l&#8217;emploi. Il vous suffit simplement de faire r\u00e9chauffer le contenu<br \/>\ndu pot en prenant soin de ne pas ab\u00eemer les filets de poisson. Pour une pr\u00e9paration \u00e0 la S\u00e9toise, nous vous<br \/>\nconseillons d&rsquo;accompagner notre Bouillabaisse de pommes de terre vapeur, sans oublier de relever le tout en la<br \/>\nconsommant avec notre Rouille S\u00e9toise et nos Cro\u00fbtons Aill\u00e9s.<\/p>\n<p>POISSONS 50% (GRONDIN, CONGRE, VIVE), LANGOUSTINE, Sauce (Eau, Tomate, Pomme de terre, Huile d&rsquo;olive<br \/>\nvierge extra, Vin blanc, Concentr\u00e9 de tomate, Sel, Carotte, Oignon, Poireau, Epaississant : Farine de graines de<br \/>\ncaroube, Ail, Fenouil, Poivre et Safran)<\/p>\n<p>Apr\u00e8s ouverture, se conserve au r\u00e9frig\u00e9rateur 2 \u00e0 3 jours<\/p>\n<p>Allerg\u00e8nes: Poissons (grondins, congres, vives), Crustac\u00e9s (Langoustines)<br \/>\nSans OGM, Non ionis\u00e9.<\/p>\n<p>Valeurs nutritionnelles pour 100g<br \/>\nEnergie en KCal : 68.00<br \/>\nEnergie en KJ : 286.00<br \/>\nProteines \/ Proteins (g) : 13.90<br \/>\nGlucides \/ Carbohydrates (g) : 0.50<br \/>\ndont sucres \/ of which sugar (g) : 0.34<br \/>\nMati\u00e8res grasses \/ Lipids (g) : 1.20<br \/>\ndont A.G. Satures \/ of which saturated sats (g) : 0.42<br \/>\nFibres \/ Fibers (g) : 0.60<br \/>\nSel \/ or salt (g) : 0.34<\/p>\n","protected":false},"excerpt":{"rendered":"<p><strong>Bouillabaisse aux poissons entiers Azais-Polito<\/strong><\/p>\n<p>2 \u00e0 3 assiettes<\/p>\n<p>De P\u00e8res en Fils, depuis quelques d\u00e9cennies, nous veillons quotidiennement au maintien de ce Savoir-Faire et de nos traditions. Nos modes de fabrication perp\u00e9tuent depuis toujours les m\u00e9thodes artisanales de la conserverie traditionnelle. Toujours pr\u00e9par\u00e9es \u00e0 la main et selon notre savoir-faire, nos conserves se distinguent des autres par leur go\u00fbt exceptionnel, les recettes de nos soupes, nos salades, nos plats cuisin\u00e9s et nos sauces d\u2019accompagnement font l\u2019objet d\u2019une s\u00e9lection rigoureuse des meilleurs ingr\u00e9dients avec une qualit\u00e9 irr\u00e9prochable en passant par le respect scrupuleux des recettes. C&rsquo;est ce Savoir-Faire ma\u00eetris\u00e9 qui caract\u00e9rise aujourd\u2019hui principalement notre identit\u00e9 afin de vous offrir de succulents instants\u2026<\/p>\n<p>Ce sont des Produits Vrais et c\u2019est aussi leur lumineuse simplicit\u00e9 qui en fait tout leur charme comme la Cuisine S\u00e9toise qui est d\u00e9pouill\u00e9e de toute pr\u00e9tention pour mieux restituer le Go\u00fbt de son terroir.<\/p>\n","protected":false},"featured_media":25273,"comment_status":"closed","ping_status":"closed","template":"","meta":[],"product_brand":[],"product_cat":[575,1117,32],"product_tag":[],"class_list":{"0":"post-25272","1":"product","2":"type-product","3":"status-publish","4":"has-post-thumbnail","6":"product_cat-conserves","7":"product_cat-produits-de-la-mer","8":"product_cat-plats-prepares","10":"first","11":"instock","12":"taxable","13":"shipping-taxable","14":"purchasable","15":"product-type-simple"},"jetpack_sharing_enabled":true,"_links":{"self":[{"href":"https:\/\/france-gastronomie.shop\/fr\/wp-json\/wp\/v2\/product\/25272","targetHints":{"allow":["GET"]}}],"collection":[{"href":"https:\/\/france-gastronomie.shop\/fr\/wp-json\/wp\/v2\/product"}],"about":[{"href":"https:\/\/france-gastronomie.shop\/fr\/wp-json\/wp\/v2\/types\/product"}],"replies":[{"embeddable":true,"href":"https:\/\/france-gastronomie.shop\/fr\/wp-json\/wp\/v2\/comments?post=25272"}],"wp:featuredmedia":[{"embeddable":true,"href":"https:\/\/france-gastronomie.shop\/fr\/wp-json\/wp\/v2\/media\/25273"}],"wp:attachment":[{"href":"https:\/\/france-gastronomie.shop\/fr\/wp-json\/wp\/v2\/media?parent=25272"}],"wp:term":[{"taxonomy":"product_brand","embeddable":true,"href":"https:\/\/france-gastronomie.shop\/fr\/wp-json\/wp\/v2\/product_brand?post=25272"},{"taxonomy":"product_cat","embeddable":true,"href":"https:\/\/france-gastronomie.shop\/fr\/wp-json\/wp\/v2\/product_cat?post=25272"},{"taxonomy":"product_tag","embeddable":true,"href":"https:\/\/france-gastronomie.shop\/fr\/wp-json\/wp\/v2\/product_tag?post=25272"}],"curies":[{"name":"wp","href":"https:\/\/api.w.org\/{rel}","templated":true}]}}