{"id":24884,"date":"2025-10-20T14:10:34","date_gmt":"2025-10-20T14:10:34","guid":{"rendered":"https:\/\/france-gastronomie.shop\/?post_type=product&#038;p=24884"},"modified":"2026-01-27T15:44:48","modified_gmt":"2026-01-27T14:44:48","slug":"set-entre-parentheses-rouge-et-blanc-vin-de-bordeaux","status":"publish","type":"product","link":"https:\/\/france-gastronomie.shop\/fr\/produit\/set-entre-parentheses-rouge-et-blanc-vin-de-bordeaux\/","title":{"rendered":"Set Entre-Parenth\u00e8ses rouge et blanc <br\/> Vin de Bordeaux"},"content":{"rendered":"<h5>Set Entre Parenth\u00e8ses<br \/>\nAOC Vin de Bordeaux<\/h5>\n<p><span class=\"markedContent\"><span dir=\"ltr\" role=\"presentation\">Entre Parenth\u00e8ses c\u2019est une ode \u00e0 l\u2019h\u00e9donisme, une invitation \u00e0 d\u00e9couvrir un vin <\/span><span dir=\"ltr\" role=\"presentation\">\u00e9l\u00e9gant aux ar\u00f4mes de fruits croquants, pour le plaisir d\u2019un instant, d\u2019un moment de <\/span><span dir=\"ltr\" role=\"presentation\">partage \u00e0 l\u2019\u00e9cart d\u2019un monde toujours plus press\u00e9 et exigeant.<\/span><\/span><\/p>\n<p>TERROIR<br \/>\nIssu d\u2019une rigoureuse s\u00e9lection par nos \u0153nologues, Entre Parenth\u00e8ses repr\u00e9sente la quintessence des meilleurs terroirs argilo-calcaires du vignoble bordelais.<br \/>\nCeux-ci ont \u00e9t\u00e9 sp\u00e9cialement choisis pour leur capacit\u00e9 \u00e0 produire des vins rac\u00e9s et d\u2019une belle intensit\u00e9 aromatique.<\/p>\n<p><strong>LE ROUGE<\/strong><br \/>\nMerlot (92%), Cabernet Franc (4%), Cabernet Sauvignon (2%), Malbec (2%)<\/p>\n<p>DEGUSTATION<br \/>\nEntre Parenth\u00e8ses Bordeaux se pare d\u2019une robe limpide, aux nuances rubis profond. Il r\u00e9v\u00e8le un bouquet aux ar\u00f4mes de petits fruits rouges m\u00fbrs sur une pointe \u00e9pic\u00e9e. La palais est rond et bien \u00e9quilibr\u00e9, sur des tanins fondus et structur\u00e9. Un Bordeaux moderne et d\u00e9complex\u00e9.<\/p>\n<p>ACCORDS METS &amp; VINS<br \/>\nEntre Parenth\u00e8ses est parfait pour les occasions de boire en toute d\u00e9contraction, qu\u2019il soit servi \u00e0 l\u2019ap\u00e9ritif, avec des plats simples simples (hamburgers, p\u00e2tes) ou plus raffin\u00e9s (magret de canard, entrec\u00f4te). Il accompagnera \u00e9galement<br \/>\nbien certains fromages, comme le Comt\u00e9.<\/p>\n<p><strong>LE BLANC<\/strong><br \/>\n<span class=\"markedContent\"><span dir=\"ltr\" role=\"presentation\">Sauvignon Blanc<\/span><\/span><\/p>\n<p>DEGUSTATION<br \/>\n<span class=\"markedContent\"><span dir=\"ltr\" role=\"presentation\">Entre Parenth\u00e8ses Blanc Premium se pare <\/span><span dir=\"ltr\" role=\"presentation\">d\u2019une belle robe brillante aux reflets <\/span><span dir=\"ltr\" role=\"presentation\">verdoyants, et r\u00e9v\u00e8le un bouquet \u00e9l\u00e9gant <\/span><span dir=\"ltr\" role=\"presentation\">aux notes de fleurs et d\u2019agrumes.<\/span><br role=\"presentation\" \/><span dir=\"ltr\" role=\"presentation\">La bouche s\u2019\u00e9tire sur une agr\u00e9able fraicheur, <\/span><span dir=\"ltr\" role=\"presentation\">sans exc\u00e8s d\u2019acidit\u00e9 et sur le fruit. Un vin harmonieux et aromatique.<\/span><\/span><\/p>\n<p>ACCORDS METS &amp; VINS<br \/>\n<span class=\"markedContent\"><span dir=\"ltr\" role=\"presentation\">Entre Parenth\u00e8ses Blanc Premium saura <\/span><span dir=\"ltr\" role=\"presentation\">accompagner vos moments de d\u00e9tente, <\/span><span dir=\"ltr\" role=\"presentation\">qu\u2019ils soient \u00e0 l\u2019ap\u00e9ritif ou autour d\u2019un bon <\/span><span dir=\"ltr\" role=\"presentation\">repas compos\u00e9 de fruits de mer, d\u2019huitres <\/span><span dir=\"ltr\" role=\"presentation\">ou d\u2019un carpaccio de poissons. Il pourra <\/span><span dir=\"ltr\" role=\"presentation\">\u00e9galement \u00eatre servi sur des desserts \u00e0 base de fruits \u00e0 chair blanche.<\/span><\/span><\/p>\n<p>&nbsp;<\/p>\n","protected":false},"excerpt":{"rendered":"<h3><strong><span style=\"color: #ff0000;\">Quantit\u00e9 limit\u00e9e<\/span><\/strong><br \/>\n<strong><span style=\"color: #ff0000;\">Profitez-en\u202f!<\/span><\/strong><\/h3>\n<h5>AOC Vin de Bordeaux<\/h5>\n<p>Maison Le Star est la concr\u00e9tisation d\u2019un r\u00eave et l\u2019expression d\u2019une passion.<br \/>\nEntour\u00e9 d\u2019une \u00e9quipe de professionnels, \u0153nologues et sommeliers, garants de la qualit\u00e9 des vins que nous produisons et s\u00e9lectionnons, nous offrons aux futurs amateurs et aux connaisseurs du monde entier des vins fran\u00e7ais de qualit\u00e9 au prix juste.<\/p>\n<p>3x Blanc<\/p>\n<p>3x Rouge<\/p>\n","protected":false},"featured_media":24891,"comment_status":"closed","ping_status":"closed","template":"","meta":[],"product_brand":[],"product_cat":[773,1100,85,242,243,263,250,19,29],"product_tag":[],"class_list":{"0":"post-24884","1":"product","2":"type-product","3":"status-publish","4":"has-post-thumbnail","6":"product_cat-notre-conseil","7":"product_cat-offre-speciale","8":"product_cat-vins","9":"product_cat-regions","10":"product_cat-bordeaux","11":"product_cat-vins-de-bordeaux","12":"product_cat-couleur","13":"product_cat-vin-blanc","14":"product_cat-vin-rouge","16":"first","17":"instock","18":"sale","19":"taxable","20":"shipping-taxable","21":"purchasable","22":"product-type-simple"},"jetpack_sharing_enabled":true,"_links":{"self":[{"href":"https:\/\/france-gastronomie.shop\/fr\/wp-json\/wp\/v2\/product\/24884","targetHints":{"allow":["GET"]}}],"collection":[{"href":"https:\/\/france-gastronomie.shop\/fr\/wp-json\/wp\/v2\/product"}],"about":[{"href":"https:\/\/france-gastronomie.shop\/fr\/wp-json\/wp\/v2\/types\/product"}],"replies":[{"embeddable":true,"href":"https:\/\/france-gastronomie.shop\/fr\/wp-json\/wp\/v2\/comments?post=24884"}],"wp:featuredmedia":[{"embeddable":true,"href":"https:\/\/france-gastronomie.shop\/fr\/wp-json\/wp\/v2\/media\/24891"}],"wp:attachment":[{"href":"https:\/\/france-gastronomie.shop\/fr\/wp-json\/wp\/v2\/media?parent=24884"}],"wp:term":[{"taxonomy":"product_brand","embeddable":true,"href":"https:\/\/france-gastronomie.shop\/fr\/wp-json\/wp\/v2\/product_brand?post=24884"},{"taxonomy":"product_cat","embeddable":true,"href":"https:\/\/france-gastronomie.shop\/fr\/wp-json\/wp\/v2\/product_cat?post=24884"},{"taxonomy":"product_tag","embeddable":true,"href":"https:\/\/france-gastronomie.shop\/fr\/wp-json\/wp\/v2\/product_tag?post=24884"}],"curies":[{"name":"wp","href":"https:\/\/api.w.org\/{rel}","templated":true}]}}