{"id":24852,"date":"2025-10-20T13:21:00","date_gmt":"2025-10-20T13:21:00","guid":{"rendered":"https:\/\/france-gastronomie.shop\/?post_type=product&#038;p=24852"},"modified":"2025-11-22T10:57:59","modified_gmt":"2025-11-22T10:57:59","slug":"set-cotes-du-rhone-decouverte","status":"publish","type":"product","link":"https:\/\/france-gastronomie.shop\/fr\/produit\/set-cotes-du-rhone-decouverte\/","title":{"rendered":"Set C\u00f4tes du Rh\u00f4ne \u00ab\u00a0d\u00e9couverte\u00a0\u00bb"},"content":{"rendered":"<h5>Domaine Vaucroze<\/h5>\n<h5>AOC C\u00f4tes du Rh\u00f4ne<\/h5>\n<p>Vieillissement<br \/>\n10 mois en cuve<\/p>\n<p>Notes de d\u00e9gustation de notre \u0153nologue<br \/>\nCe vin est issu de vieux Grenache et Carignan, deux c\u00e9pages typiques des C\u00f4tes du Rh\u00f4ne. Le Grenache apporte la puissance, le gras et la souplesse, le Carignan la fraicheur, la structure et la charpente.<\/p>\n<h5>H\u00e9r\u00e9dita<\/h5>\n<h5>AOC C\u00f4tes du Rh\u00f4ne<\/h5>\n<p>VIEILLISSEMENT<br \/>\n8 mois en cuve inox<\/p>\n<p>H\u00e9r\u00e9dita est une cuv\u00e9e n\u00e9e de la collaboration entre Philippe Cambie, sp\u00e9cialiste du Grenache et du Cru Ch\u00e2teauneuf du Pape, meilleur oenologue de l\u2019ann\u00e9e 2010 par Parker, et Thierry Ferlay, oenologue talentueux du Cellier des Princes depuis 2009. Ce C\u00f4tes du Rh\u00f4ne issue de vieilles vignes de Grenache et de Syrah allie tradition et modernit\u00e9, d\u2019o\u00f9 sa devise \u00ab\u00a0NOVE SED NON NOVA\u00a0\u00bb,<br \/>\nla mani\u00e8re est nouvelle mais non la mati\u00e8re.\u00bb<\/p>\n<p>Notes de d\u00e9gustation de notre \u0153nologue<br \/>\nLe nez est \u00e9l\u00e9gant et gourmand, sur des notes de fruits rouges frais et de r\u00e9glisse. La bouche est onctueuse, les tannins sont velout\u00e9s. Longue finale \u00e9pic\u00e9e.<\/p>\n<h5>Domaine Saint Jacques<\/h5>\n<h5>AOC C\u00f4tes du Rh\u00f4ne BIO<\/h5>\n<p>Vieillissement<br \/>\n6 mois en cuve<\/p>\n<p>Notes de d\u00e9gustation de notre \u0153nologue<br \/>\nLa robe est d\u2019un beau rouge intense, aux reflets violets assez prononc\u00e9s. Le nez est puissant avec une dominante<br \/>\nde fruits rouges dont la framboise, la fraise ainsi que des notes \u00e9pic\u00e9es comme le r\u00e9glisse. Bel \u00e9quilibre en bouche<br \/>\navec beaucoup de fraicheur, de la rondeur et des tanins fins et fondus.<\/p>\n","protected":false},"excerpt":{"rendered":"<h1 class=\"product_title entry-title wd-entities-title\">Domaine Vaucroze<br \/>\nC\u00f4tes du Rh\u00f4ne<\/h1>\n<p>CEPAGES<br \/>\nGrenache 90%, Carignan 10%<\/p>\n<h1 class=\"product_title entry-title wd-entities-title\">H\u00e9r\u00e9dita<br \/>\nAOC C\u00f4tes du Rh\u00f4ne<\/h1>\n<p>CEPAGES<br \/>\nGrenache 70 % et Syrah 30 %<\/p>\n<h1 class=\"product_title entry-title wd-entities-title\">Domaine St-Jacques<br \/>\nAOC C\u00f4tes du Rh\u00f4ne BIO<\/h1>\n<p>C\u00e9pages: Grenache 65%, Syrah 15 %, Carignan 15%, Mourv\u00e8dre 5%<\/p>\n<p>&nbsp;<\/p>\n","protected":false},"featured_media":24873,"comment_status":"closed","ping_status":"closed","template":"","meta":[],"product_brand":[],"product_cat":[773,1100,85,242,244,282,250,29,15],"product_tag":[],"class_list":{"0":"post-24852","1":"product","2":"type-product","3":"status-publish","4":"has-post-thumbnail","6":"product_cat-notre-conseil","7":"product_cat-offre-speciale","8":"product_cat-vins","9":"product_cat-regions","10":"product_cat-vallee-du-rhone","11":"product_cat-cotes-du-rhone","12":"product_cat-couleur","13":"product_cat-vin-rouge","14":"product_cat-uncategorized-product","16":"first","17":"instock","18":"sale","19":"taxable","20":"shipping-taxable","21":"purchasable","22":"product-type-simple"},"jetpack_sharing_enabled":true,"_links":{"self":[{"href":"https:\/\/france-gastronomie.shop\/fr\/wp-json\/wp\/v2\/product\/24852","targetHints":{"allow":["GET"]}}],"collection":[{"href":"https:\/\/france-gastronomie.shop\/fr\/wp-json\/wp\/v2\/product"}],"about":[{"href":"https:\/\/france-gastronomie.shop\/fr\/wp-json\/wp\/v2\/types\/product"}],"replies":[{"embeddable":true,"href":"https:\/\/france-gastronomie.shop\/fr\/wp-json\/wp\/v2\/comments?post=24852"}],"wp:featuredmedia":[{"embeddable":true,"href":"https:\/\/france-gastronomie.shop\/fr\/wp-json\/wp\/v2\/media\/24873"}],"wp:attachment":[{"href":"https:\/\/france-gastronomie.shop\/fr\/wp-json\/wp\/v2\/media?parent=24852"}],"wp:term":[{"taxonomy":"product_brand","embeddable":true,"href":"https:\/\/france-gastronomie.shop\/fr\/wp-json\/wp\/v2\/product_brand?post=24852"},{"taxonomy":"product_cat","embeddable":true,"href":"https:\/\/france-gastronomie.shop\/fr\/wp-json\/wp\/v2\/product_cat?post=24852"},{"taxonomy":"product_tag","embeddable":true,"href":"https:\/\/france-gastronomie.shop\/fr\/wp-json\/wp\/v2\/product_tag?post=24852"}],"curies":[{"name":"wp","href":"https:\/\/api.w.org\/{rel}","templated":true}]}}