{"id":24811,"date":"2025-10-16T11:56:37","date_gmt":"2025-10-16T11:56:37","guid":{"rendered":"https:\/\/france-gastronomie.shop\/?post_type=product&#038;p=24811"},"modified":"2025-11-22T10:51:10","modified_gmt":"2025-11-22T10:51:10","slug":"set-plan-de-lhomme-bio-aop-terrasses-du-larzac","status":"publish","type":"product","link":"https:\/\/france-gastronomie.shop\/fr\/produit\/set-plan-de-lhomme-bio-aop-terrasses-du-larzac\/","title":{"rendered":"Set Plan de l\u2019Homme BIO <br\/> Khi + Habilis + Sapiens"},"content":{"rendered":"<p>Plan de l\u2019Homme BIO &#8211; Khi + Habilis + Sapiens<br \/>\nAOP Terrasses du Larzac<\/p>\n<p>D\u00e9gustation<br \/>\nKhi: Issue des vieilles parcelles de Carignan associ\u00e9e aux Grenaches du Domaine, Khi est une cuv\u00e9e fruit\u00e9e aux tannins souples.<br \/>\nId\u00e9al avec les viandes rouges, le gibier, c\u00f4tes d\u2019agneau, plateau de fromage.<\/p>\n<p>Habilis: Digne repr\u00e9sentante de son terroir, la cuv\u00e9e Habilis est un vin souple, fruit\u00e9 et frais.<br \/>\nIl se marie bien avec les viandes relev\u00e9es ou en sauce, gibiers, tajine d\u2019agneau et certains fromages.<\/p>\n<p>Sapiens: Ce vin structur\u00e9 et bois\u00e9 est \u00e9l\u00e9gant et frais.<br \/>\nIl est \u00e0 d\u00e9guster avec un gigot d\u2019agneau sur lit d\u2019oignons doux parsem\u00e9 de thym, roquefort ou un g\u00e2teau au chocolat.<\/p>\n","protected":false},"excerpt":{"rendered":"<h5>AOP Terrasses du Larzac<\/h5>\n<p>Ces vins sont caract\u00e9ris\u00e9s par la fra\u00eecheur, la finesse et l\u2019\u00e9quilibre. Leur diversit\u00e9 m\u00eame est un reflet du terroir exceptionnel des Terrasses du Larzac.<br \/>\nPour les Rouges, la diversit\u00e9 des c\u00e9pages permet d\u2019\u00e9laborer une gamme de vins pr\u00e9sentant, selon les cuv\u00e9es, des ar\u00f4mes de fruits rouges, des touches florales ou des notes de garrigue. Les tanins, garants de la bonne long\u00e9vit\u00e9 des vins, sont pr\u00e9sents sans exc\u00e8s.<\/p>\n<p>Les parcelles du Plan de l\u2019Homme \u2013 une dizaine d\u2019hectares en tout \u2013 Nos c\u00e9pages: Age 40 ans, Grenache, Carignan, Cinsault, Syrah.<\/p>\n<p>Les rendements sont limit\u00e9s (en moyenne 25 \u00e0 30 hl\/ha), en raison de l\u2019\u00e2ge des vignes, de la pauvret\u00e9 du sol et de la rigueur du climat.<br \/>\nLes vendanges sont effectu\u00e9es \u00e0 la main.<\/p>\n<p>C\u00e9pages<br \/>\nKhi &#8211; Carignan, Grenache<br \/>\nHabilis &#8211; Grenache, Syrah, Carignan<br \/>\nSapiens &#8211; Syrah, Grenache<\/p>\n","protected":false},"featured_media":24812,"comment_status":"closed","ping_status":"closed","template":"","meta":[],"product_brand":[],"product_cat":[773,1100,680,85,242,249,250,29],"product_tag":[],"class_list":{"0":"post-24811","1":"product","2":"type-product","3":"status-publish","4":"has-post-thumbnail","6":"product_cat-notre-conseil","7":"product_cat-offre-speciale","8":"product_cat-terrasses-du-larzac","9":"product_cat-vins","10":"product_cat-regions","11":"product_cat-offres-speciales","12":"product_cat-couleur","13":"product_cat-vin-rouge","15":"first","16":"instock","17":"sale","18":"taxable","19":"shipping-taxable","20":"purchasable","21":"product-type-simple"},"jetpack_sharing_enabled":true,"_links":{"self":[{"href":"https:\/\/france-gastronomie.shop\/fr\/wp-json\/wp\/v2\/product\/24811","targetHints":{"allow":["GET"]}}],"collection":[{"href":"https:\/\/france-gastronomie.shop\/fr\/wp-json\/wp\/v2\/product"}],"about":[{"href":"https:\/\/france-gastronomie.shop\/fr\/wp-json\/wp\/v2\/types\/product"}],"replies":[{"embeddable":true,"href":"https:\/\/france-gastronomie.shop\/fr\/wp-json\/wp\/v2\/comments?post=24811"}],"wp:featuredmedia":[{"embeddable":true,"href":"https:\/\/france-gastronomie.shop\/fr\/wp-json\/wp\/v2\/media\/24812"}],"wp:attachment":[{"href":"https:\/\/france-gastronomie.shop\/fr\/wp-json\/wp\/v2\/media?parent=24811"}],"wp:term":[{"taxonomy":"product_brand","embeddable":true,"href":"https:\/\/france-gastronomie.shop\/fr\/wp-json\/wp\/v2\/product_brand?post=24811"},{"taxonomy":"product_cat","embeddable":true,"href":"https:\/\/france-gastronomie.shop\/fr\/wp-json\/wp\/v2\/product_cat?post=24811"},{"taxonomy":"product_tag","embeddable":true,"href":"https:\/\/france-gastronomie.shop\/fr\/wp-json\/wp\/v2\/product_tag?post=24811"}],"curies":[{"name":"wp","href":"https:\/\/api.w.org\/{rel}","templated":true}]}}