{"id":24803,"date":"2025-10-16T11:12:23","date_gmt":"2025-10-16T11:12:23","guid":{"rendered":"https:\/\/france-gastronomie.shop\/?post_type=product&#038;p=24803"},"modified":"2026-04-07T15:40:43","modified_gmt":"2026-04-07T13:40:43","slug":"set-le-sceau-du-prince-aoc-cotes-du-rhone","status":"publish","type":"product","link":"https:\/\/france-gastronomie.shop\/fr\/produit\/set-le-sceau-du-prince-aoc-cotes-du-rhone\/","title":{"rendered":"Set Le Sceau du Prince <br\/> AOC C\u00f4tes du Rh\u00f4ne"},"content":{"rendered":"<p>Set Le Sceau du Prince<br \/>\nAOC C\u00f4tes du Rh\u00f4ne<\/p>\n<h5>Vin blanc<\/h5>\n<p>Terroir d\u2019origine<br \/>\nArgilo siliceux.<\/p>\n<p>Vinification<br \/>\nEgrappage, Pressurage, Fermentation \u00e0 basse temp\u00e9rature 14 \u00e0 16\u00b0 C.<\/p>\n<p>Vieillissement<br \/>\n2 \u00e0 3 mois en cuve.<\/p>\n<p>Notes de d\u00e9gustation de notre \u0153nologue<br \/>\nCe vin blanc a une robe jaune claire aux reflets tr\u00e8s lumineux.<br \/>\nLe mode de vinification \u00e0 basse temp\u00e9rature lui procure une grande finesse aromatique. Le nez pr\u00e9sente des notes d\u2019agrumes et de fleurs blanches.<br \/>\nEn bouche, il pr\u00e9sente un bel \u00e9quilibre avec de la fra\u00eecheur et beaucoup de gras.<\/p>\n<p>Mise en bouteille<br \/>\nA la propri\u00e9t\u00e9<\/p>\n<p>Conseils de d\u00e9gustation<br \/>\nGarde: 2 \u2013 3 ans. 10\u00b0 \u2013 12\u00b0C.<\/p>\n<p>Conseils d\u2019accompagnement<br \/>\nIl peut \u00eatre bu seul, en ap\u00e9ritif, et s\u2019accorde parfaitement \u00e0 tous les plats de crustac\u00e9s et de poissons.<\/p>\n<h5>Vin rouge<\/h5>\n<p>Terroir d\u2019origine<br \/>\nArgilo-calcaire avec cailloux et galets roul\u00e9s en surface<\/p>\n<p>Vinification<br \/>\nEgrappage, cuvaison 3 \u00e0 4 semaines avec remontages et d\u00e9lestages. Temp\u00e9rature de fermentation 28 \u00e0 30\u00b0C.<\/p>\n<p>Vieillissement<br \/>\n6 mois en cuves b\u00e9ton<\/p>\n<p>Notes de d\u00e9gustation de notre \u0153nologue<br \/>\nCe vin typique des C\u00f4tes du Rh\u00f4ne pr\u00e9sente une belle robe grenat aux reflets rouges.<br \/>\nLe nez intense \u00e9voque les fruits rouges, les \u00e9pices et la garrigue.<br \/>\nLa bouche est bien \u00e9quilibr\u00e9e avec une attaque franche, beaucoup de rondeur et de volume.<br \/>\nOn y retrouve les ar\u00f4mes de fruits rouges avec une finale \u00e9pic\u00e9e.<\/p>\n<p>Conseils de d\u00e9gustation<br \/>\nA boire d\u00e8s maintenant mais peut \u00eatre gard\u00e9e 2-3 ans. Servir \u00e0 14\u00b0-16\u00b0C<\/p>\n<p>Conseils d\u2019accompagnement<br \/>\nUn vin qui se marie tr\u00e8s bien avec des plats type steak frites, des plats de la cuisine m\u00e9diterran\u00e9enne ou sur de plats en sauce et du fromage.<\/p>\n<h5>Vin ros\u00e9<\/h5>\n<p>Terroir d\u2019origine<br \/>\nArgilo-calcaire<\/p>\n<p>Vinification<br \/>\nEgrappage, Pressurage direct. Fermentation \u00e0 basse temp\u00e9rature 14 \u00e0 16\u00b0 C<\/p>\n<p>Vieillissement<br \/>\n2 \u00e0 3 mois en cuve inox<\/p>\n<p>Notes de d\u00e9gustation de notre \u0153nologue<br \/>\nCe vin, \u00e0 la robe rose p\u00e2le et tr\u00e8s brillante, est tr\u00e8s aromatique avec des \u00e9l\u00e9gants parfums de fruits rouges, cerise, fraise et framboise. En bouche, il plait par sa rondeur, sa fra\u00eecheur et son \u00e9quilibre.<\/p>\n<p>Conseils de d\u00e9gustation<br \/>\nA boire d\u00e8s maintenant mais peut \u00eatre gard\u00e9 1 \u00e0 2 ans Servir \u00e0 10\u00b0-12\u00b0C<\/p>\n<p>Conseils d\u2019accompagnement<br \/>\nIl sera agr\u00e9able sur des entr\u00e9es chaudes, des grillades, des charcuteries et des poissons<\/p>\n","protected":false},"excerpt":{"rendered":"<h5>Lot de trois bouteilles de vin \u00e0 prix r\u00e9duit<\/h5>\n<h5>AOC C\u00f4tes du Rh\u00f4ne<\/h5>\n<p>En 1925, un groupe de vignerons convaincu par les valeurs de solidarit\u00e9 et d\u2019entraide s\u2019unit. Onze ans apr\u00e8s, ces vignerons visionnaires participeront \u00e0 la construction de la 1\u00e8re appellation de France: CH\u00c2TEAUNEUF-DU-PAPE.<br \/>\nSoud\u00e9s comme \u00e0 l\u2019origine, les 189 Vignerons du CELLIER DES PRINCES sont aujourd\u2019hui fiers de faire appr\u00e9cier leurs vins sur les cinq continents et de pouvoir transmettre leurs valeurs de convivialit\u00e9 et d\u2019excellence.<\/p>\n<p>C\u00e9pages<br \/>\nblanc &#8211; Grenache blanc 60%, Clairette 29%, Bourboulenc 10% a Roussane 1%<br \/>\nrouge &#8211; Grenache 80%, Syrah 15%, Mourv\u00e8dre 5%<br \/>\nros\u00e9 &#8211; Grenache, Syrah, Cinsault<\/p>\n","protected":false},"featured_media":24804,"comment_status":"closed","ping_status":"closed","template":"","meta":[],"product_brand":[],"product_cat":[773,1100,85,242,244,282,250,19,29,30],"product_tag":[],"class_list":{"0":"post-24803","1":"product","2":"type-product","3":"status-publish","4":"has-post-thumbnail","6":"product_cat-notre-conseil","7":"product_cat-offre-speciale","8":"product_cat-vins","9":"product_cat-regions","10":"product_cat-vallee-du-rhone","11":"product_cat-cotes-du-rhone","12":"product_cat-couleur","13":"product_cat-vin-blanc","14":"product_cat-vin-rouge","15":"product_cat-vin-rose","17":"first","18":"instock","19":"sale","20":"taxable","21":"shipping-taxable","22":"purchasable","23":"product-type-simple"},"jetpack_sharing_enabled":true,"_links":{"self":[{"href":"https:\/\/france-gastronomie.shop\/fr\/wp-json\/wp\/v2\/product\/24803","targetHints":{"allow":["GET"]}}],"collection":[{"href":"https:\/\/france-gastronomie.shop\/fr\/wp-json\/wp\/v2\/product"}],"about":[{"href":"https:\/\/france-gastronomie.shop\/fr\/wp-json\/wp\/v2\/types\/product"}],"replies":[{"embeddable":true,"href":"https:\/\/france-gastronomie.shop\/fr\/wp-json\/wp\/v2\/comments?post=24803"}],"wp:featuredmedia":[{"embeddable":true,"href":"https:\/\/france-gastronomie.shop\/fr\/wp-json\/wp\/v2\/media\/24804"}],"wp:attachment":[{"href":"https:\/\/france-gastronomie.shop\/fr\/wp-json\/wp\/v2\/media?parent=24803"}],"wp:term":[{"taxonomy":"product_brand","embeddable":true,"href":"https:\/\/france-gastronomie.shop\/fr\/wp-json\/wp\/v2\/product_brand?post=24803"},{"taxonomy":"product_cat","embeddable":true,"href":"https:\/\/france-gastronomie.shop\/fr\/wp-json\/wp\/v2\/product_cat?post=24803"},{"taxonomy":"product_tag","embeddable":true,"href":"https:\/\/france-gastronomie.shop\/fr\/wp-json\/wp\/v2\/product_tag?post=24803"}],"curies":[{"name":"wp","href":"https:\/\/api.w.org\/{rel}","templated":true}]}}