{"id":24759,"date":"2025-11-11T09:27:02","date_gmt":"2025-11-11T09:27:02","guid":{"rendered":"https:\/\/france-gastronomie.shop\/?post_type=product&#038;p=24759"},"modified":"2025-11-28T16:51:13","modified_gmt":"2025-11-28T16:51:13","slug":"herose-igp-mediterranee","status":"publish","type":"product","link":"https:\/\/france-gastronomie.shop\/fr\/produit\/herose-igp-mediterranee\/","title":{"rendered":"H\u00e9ros\u00e9 <br\/> IGP M\u00e9diterran\u00e9e"},"content":{"rendered":"<h5>H\u00e9ros\u00e9<br \/>\nIGP M\u00e9diterran\u00e9e<\/h5>\n<p>TERROIR<br \/>\nArgilo siliceux<\/p>\n<p>CEPAGES<br \/>\n70% Grenache, 15% Syrah et 15% Cinsault<\/p>\n<p>VINIFICATION<br \/>\nS\u00e9lection de nos meilleures parcelles and vendanges \u00e0 l&rsquo;aube afin de capturer les ar\u00f4mes et<br \/>\nla fraicheur des baies.<br \/>\n\u00c9grappage, pressurage direct. Fermentation \u00e0 basse temp\u00e9rature 14 \u00e0 16\u00b0C.<br \/>\nMis en bouteille \u00e0 la fin de l&rsquo;hiver afin de conserver toute la fra\u00eecheur et les ar\u00f4mes.<\/p>\n<p>V I E I L L I S S E M E N T<br \/>\n3 mois en cuve inox pour pr\u00e9server la fra\u00eecheur aromatique.<\/p>\n<p>DEGUSTATION<br \/>\nCe vin \u00e0 la robe brillante est tr\u00e8s aromatique avec des notes de fleurs d&rsquo;agrumes et de<br \/>\npetits fruits rouges, fraises et framboises. En bouche il pla\u00eet par sa fra\u00eecheur.<\/p>\n<p>ACCORDS METS &amp; VINS<br \/>\nIl pourra \u00eatre consomm\u00e9 en ap\u00e9ritif, avec des salades de l\u00e9gumes, des grillades, des pizzas<br \/>\nou des poissons.<\/p>\n<p>SERVICE<br \/>\nServir frais, \u00e0 une temp\u00e9rature comprise entre 10 et 12\u00b0C.<\/p>\n<p>R \u00c9 C O M P E N S E<br \/>\nMill\u00e9sime 2022 : m\u00e9daille d\u2019Or concours des vins d\u2019Orange.<\/p>\n","protected":false},"excerpt":{"rendered":"<h5>H\u00e9ros\u00e9<br \/>\nIGP M\u00e9diterran\u00e9e<\/h5>\n<p>En 1925, un groupe de vignerons convaincu par les valeurs de solidarit\u00e9 et d\u2019entraide s\u2019unit. Onze ans apr\u00e8s, ces vignerons visionnaires participeront \u00e0 la construction de la 1\u00e8re appellation de France: CH\u00c2TEAUNEUF-DU-PAPE.<br \/>\nSoud\u00e9s comme \u00e0 l\u2019origine, les 189 Vignerons du CELLIER DES PRINCES sont aujourd\u2019hui fiers de faire appr\u00e9cier leurs vins sur les cinq continents et de pouvoir transmettre leurs valeurs de convivialit\u00e9 et d\u2019excellence.<\/p>\n<p>CEPAGES<br \/>\n70% Grenache, 15% Syrah et 15% Cinsault<\/p>\n<p>&nbsp;<\/p>\n","protected":false},"featured_media":24764,"comment_status":"closed","ping_status":"closed","template":"","meta":[],"product_brand":[],"product_cat":[85,242,247,250,30],"product_tag":[],"class_list":{"0":"post-24759","1":"product","2":"type-product","3":"status-publish","4":"has-post-thumbnail","6":"product_cat-vins","7":"product_cat-regions","8":"product_cat-autres-regions","9":"product_cat-couleur","10":"product_cat-vin-rose","12":"first","13":"instock","14":"featured","15":"taxable","16":"shipping-taxable","17":"purchasable","18":"product-type-simple"},"jetpack_sharing_enabled":true,"_links":{"self":[{"href":"https:\/\/france-gastronomie.shop\/fr\/wp-json\/wp\/v2\/product\/24759","targetHints":{"allow":["GET"]}}],"collection":[{"href":"https:\/\/france-gastronomie.shop\/fr\/wp-json\/wp\/v2\/product"}],"about":[{"href":"https:\/\/france-gastronomie.shop\/fr\/wp-json\/wp\/v2\/types\/product"}],"replies":[{"embeddable":true,"href":"https:\/\/france-gastronomie.shop\/fr\/wp-json\/wp\/v2\/comments?post=24759"}],"wp:featuredmedia":[{"embeddable":true,"href":"https:\/\/france-gastronomie.shop\/fr\/wp-json\/wp\/v2\/media\/24764"}],"wp:attachment":[{"href":"https:\/\/france-gastronomie.shop\/fr\/wp-json\/wp\/v2\/media?parent=24759"}],"wp:term":[{"taxonomy":"product_brand","embeddable":true,"href":"https:\/\/france-gastronomie.shop\/fr\/wp-json\/wp\/v2\/product_brand?post=24759"},{"taxonomy":"product_cat","embeddable":true,"href":"https:\/\/france-gastronomie.shop\/fr\/wp-json\/wp\/v2\/product_cat?post=24759"},{"taxonomy":"product_tag","embeddable":true,"href":"https:\/\/france-gastronomie.shop\/fr\/wp-json\/wp\/v2\/product_tag?post=24759"}],"curies":[{"name":"wp","href":"https:\/\/api.w.org\/{rel}","templated":true}]}}