{"id":24184,"date":"2025-09-11T12:28:47","date_gmt":"2025-09-11T12:28:47","guid":{"rendered":"https:\/\/france-gastronomie.shop\/?post_type=product&#038;p=24184"},"modified":"2025-12-12T19:31:25","modified_gmt":"2025-12-12T19:31:25","slug":"rhum-bologne-dark-sail-43","status":"publish","type":"product","link":"https:\/\/france-gastronomie.shop\/fr\/produit\/rhum-bologne-dark-sail-43\/","title":{"rendered":"Rhum Bologne <br\/> Dark Sail 43%"},"content":{"rendered":"<h5>Rhum Bologne Dark Sail 43%<\/h5>\n<p>Rhum Vieux Agricole<br \/>\nIndication g\u00e9ographique Guadeloupe<\/p>\n<p>Couleur<br \/>\nRobe ambr\u00e9e aux reflets dor\u00e9s.<\/p>\n<p>Nez<br \/>\nForte sucrosit\u00e9 avec un parfum de cr\u00e8me br\u00fbl\u00e9e. On y trouve des notes de chocolat, de confiseries qui \u00e9voluent sur des notes gourmandes de moka et de caf\u00e9 avec rondeur.<\/p>\n<p>Palais<br \/>\nProduit \u00e0 part enti\u00e8re de la gamme, qui d\u00e9livre un bouquet aromatique se d\u00e9marquant des autres rhums vieux de Bologne. Le bois\u00e9 s\u2019affirme et r\u00e9v\u00e8le qu\u2019une partie de son assemblage a vieilli en f\u00fbt am\u00e9ricain. On retrouve des notes gourmandes de chocolat. Une finale longue qui b\u00e9n\u00e9ficie d\u2019un effet r\u00e9tro-olfactif marqu\u00e9 par une pointe de caf\u00e9 et de moka.<\/p>\n<p>Recommandation<br \/>\nA d\u00e9guster sec avec ou sans glace, en \u00ab ti-punch vieux \u00bb ou en long-drink.<\/p>\n<p>Assemblage<br \/>\nRhum vieux \u00e9lev\u00e9s en f\u00fbt de ch\u00eane am\u00e9ricain et fran\u00e7ais de 3 \u00e0 6 ans.<\/p>\n","protected":false},"excerpt":{"rendered":"<p>Rhum Vieux Agricole<br \/>\nIndication g\u00e9ographique Guadeloupe<\/p>\n<p>Contenance: 0,7 l<\/p>\n","protected":false},"featured_media":24188,"comment_status":"closed","ping_status":"closed","template":"","meta":[],"product_brand":[],"product_cat":[881],"product_tag":[],"class_list":{"0":"post-24184","1":"product","2":"type-product","3":"status-publish","4":"has-post-thumbnail","6":"product_cat-rhum","8":"first","9":"instock","10":"taxable","11":"shipping-taxable","12":"purchasable","13":"product-type-simple"},"jetpack_sharing_enabled":true,"_links":{"self":[{"href":"https:\/\/france-gastronomie.shop\/fr\/wp-json\/wp\/v2\/product\/24184","targetHints":{"allow":["GET"]}}],"collection":[{"href":"https:\/\/france-gastronomie.shop\/fr\/wp-json\/wp\/v2\/product"}],"about":[{"href":"https:\/\/france-gastronomie.shop\/fr\/wp-json\/wp\/v2\/types\/product"}],"replies":[{"embeddable":true,"href":"https:\/\/france-gastronomie.shop\/fr\/wp-json\/wp\/v2\/comments?post=24184"}],"wp:featuredmedia":[{"embeddable":true,"href":"https:\/\/france-gastronomie.shop\/fr\/wp-json\/wp\/v2\/media\/24188"}],"wp:attachment":[{"href":"https:\/\/france-gastronomie.shop\/fr\/wp-json\/wp\/v2\/media?parent=24184"}],"wp:term":[{"taxonomy":"product_brand","embeddable":true,"href":"https:\/\/france-gastronomie.shop\/fr\/wp-json\/wp\/v2\/product_brand?post=24184"},{"taxonomy":"product_cat","embeddable":true,"href":"https:\/\/france-gastronomie.shop\/fr\/wp-json\/wp\/v2\/product_cat?post=24184"},{"taxonomy":"product_tag","embeddable":true,"href":"https:\/\/france-gastronomie.shop\/fr\/wp-json\/wp\/v2\/product_tag?post=24184"}],"curies":[{"name":"wp","href":"https:\/\/api.w.org\/{rel}","templated":true}]}}