{"id":21509,"date":"2024-12-05T08:31:51","date_gmt":"2024-12-05T08:31:51","guid":{"rendered":"https:\/\/france-gastronomie.shop\/?post_type=product&#038;p=21509"},"modified":"2025-12-02T09:24:40","modified_gmt":"2025-12-02T09:24:40","slug":"cheque-cadeau-500","status":"publish","type":"product","link":"https:\/\/france-gastronomie.shop\/fr\/produit\/cheque-cadeau-500\/","title":{"rendered":"Ch\u00e8que-cadeau <br\/> valeur 500 CZK"},"content":{"rendered":"","protected":false},"excerpt":{"rendered":"<p>Faites plaisir, offrez un ch\u00e8que-cadeau!<\/p>\n<p>Ce ch\u00e8que-cadeau est valable pour l&rsquo;ensemble de nos produits.<\/p>\n<p>Vous pouvez utiliser le ch\u00e8que-cadeau sur notre e-shop : www.france-gastronomie.shop, ou dans notre magasin \u00e0 l&rsquo;adresse suivante :<br \/>\nFrance Gastronomie<br \/>\nNa Slupi 134\/15<br \/>\nPrague 2<br \/>\nHeures d&rsquo;ouverture : du Mardi au Samedi : 11:00 &#8211; 19:00<br \/>\nTel : 773 379 377<\/p>\n<p>Le ch\u00e8que-cadeau est valable une seule fois, uniquement dans son int\u00e9gralit\u00e9 (nous ne remboursons pas) et n&rsquo;est pas \u00e9changeable.<\/p>\n<p>Le ch\u00e8que-cadeau vous sera envoy\u00e9 par e-mail.<\/p>\n","protected":false},"featured_media":25316,"comment_status":"closed","ping_status":"closed","template":"","meta":[],"product_brand":[],"product_cat":[937],"product_tag":[],"class_list":{"0":"post-21509","1":"product","2":"type-product","3":"status-publish","4":"has-post-thumbnail","6":"product_cat-cheque-cadeau","8":"first","9":"instock","10":"taxable","11":"shipping-taxable","12":"purchasable","13":"product-type-simple"},"jetpack_sharing_enabled":true,"_links":{"self":[{"href":"https:\/\/france-gastronomie.shop\/fr\/wp-json\/wp\/v2\/product\/21509","targetHints":{"allow":["GET"]}}],"collection":[{"href":"https:\/\/france-gastronomie.shop\/fr\/wp-json\/wp\/v2\/product"}],"about":[{"href":"https:\/\/france-gastronomie.shop\/fr\/wp-json\/wp\/v2\/types\/product"}],"replies":[{"embeddable":true,"href":"https:\/\/france-gastronomie.shop\/fr\/wp-json\/wp\/v2\/comments?post=21509"}],"wp:featuredmedia":[{"embeddable":true,"href":"https:\/\/france-gastronomie.shop\/fr\/wp-json\/wp\/v2\/media\/25316"}],"wp:attachment":[{"href":"https:\/\/france-gastronomie.shop\/fr\/wp-json\/wp\/v2\/media?parent=21509"}],"wp:term":[{"taxonomy":"product_brand","embeddable":true,"href":"https:\/\/france-gastronomie.shop\/fr\/wp-json\/wp\/v2\/product_brand?post=21509"},{"taxonomy":"product_cat","embeddable":true,"href":"https:\/\/france-gastronomie.shop\/fr\/wp-json\/wp\/v2\/product_cat?post=21509"},{"taxonomy":"product_tag","embeddable":true,"href":"https:\/\/france-gastronomie.shop\/fr\/wp-json\/wp\/v2\/product_tag?post=21509"}],"curies":[{"name":"wp","href":"https:\/\/api.w.org\/{rel}","templated":true}]}}