{"id":2135,"date":"2020-08-17T09:12:01","date_gmt":"2020-08-17T09:12:01","guid":{"rendered":"https:\/\/france-gastronomie.shop\/produit\/chateau-labadie-medoc-cru-bourgeois\/"},"modified":"2024-11-06T11:25:02","modified_gmt":"2024-11-06T11:25:02","slug":"chateau-labadie-medoc-cru-bourgeois","status":"publish","type":"product","link":"https:\/\/france-gastronomie.shop\/fr\/produit\/chateau-labadie-medoc-cru-bourgeois\/","title":{"rendered":"Ch\u00e2teau Labadie <br\/> M\u00e9doc Cru Bourgeois"},"content":{"rendered":"<h5>Ch\u00e2teau Labadie<\/h5>\n<h5>AOC M\u00e9doc Cru Bourgeois<\/h5>\n<p>ORIGINES &#8211; TERROIR<br \/>\nLe Ch\u00e2teau Labadie est situ\u00e9 sur la commune de B\u00e9gadan, \u00e0 70 km au nord de Bordeaux. Il tire son nom de l&rsquo;une des quatre premi\u00e8res parcelles achet\u00e9es par Yves Bibey en 1970. Ce domaine familial est aujourd&rsquo;hui dirig\u00e9 par J\u00e9rome Bibey et s&rsquo;\u00e9tend sur 60 hectares de vignes. Le d\u00e9vouement et l&rsquo;engagement de la famille Bibey se refl\u00e8tent dans le caract\u00e8re unique de ce vin M\u00e9doc Cru Bourgeois.<\/p>\n<p>LA VINIFICATION<br \/>\nTraditionnel<\/p>\n<p>CEPAGES<br \/>\nCabernet sauvignon 40%, Merlot 53%, Cabernet franc 3%, Petit verdot 4%<\/p>\n<p>NOTES DE DEGUSTATION<br \/>\nCouleur grenat et noyau rubis.<br \/>\nBouquet offrant des notes torr\u00e9fi\u00e9es, d&rsquo;\u00e9pices douces, de figues et de fruits noirs m\u00fbrs.<br \/>\nLa bouche r\u00e9v\u00e8le une attaque douce et \u00e9volue vers un milieu de bouche soyeux avec rond, tanins charnus, bon volume et une touche de vanille. D\u00e9licat et \u00e9l\u00e9gant avec un persistant et finale tr\u00e8s aromatique.<\/p>\n<p>ACCORDS METS ET VINS<br \/>\nA d\u00e9guster servi avec un steak de surlonge grill\u00e9, une blanquette de veau cr\u00e9meuse ou cr\u00e9meux les fromages.<\/p>\n<p>TEMPERATURE DE SERVICE<br \/>\nD\u00e9canter et servir \u00e0 17 \u00b0 C.<\/p>\n<p>RECOMPENSES<br \/>\n2013: M\u00e9daille d&rsquo;Or Macon 2015<br \/>\nM\u00e9daille d&rsquo;Or Gilbert &amp; Gaillard 2015<br \/>\n2012: M\u00e9daille d&rsquo;Or Gilbert &amp; Gaillard 2014<\/p>\n","protected":false},"excerpt":{"rendered":"<h5>AOC M\u00e9doc Cru Bourgeois<\/h5>\n<p>Maison Le Star est la concr\u00e9tisation d\u2019un r\u00eave et l\u2019expression d\u2019une passion.<br \/>\nEntour\u00e9 d\u2019une \u00e9quipe de professionnels, \u0153nologues et sommeliers, garants de la qualit\u00e9 des vins que nous produisons et s\u00e9lectionnons, nous offrons aux futurs amateurs et aux connaisseurs du monde entier des vins fran\u00e7ais de qualit\u00e9 au prix juste.<\/p>\n<p>CEPAGES<br \/>\nCabernet sauvignon 40%, Merlot 53%, Cabernet franc 3%,<br \/>\nPetit verdot 4%<\/p>\n","protected":false},"featured_media":2046,"comment_status":"closed","ping_status":"closed","template":"","meta":[],"product_brand":[],"product_cat":[85,251,242,243,271,250,29],"product_tag":[],"class_list":{"0":"post-2135","1":"product","2":"type-product","3":"status-publish","4":"has-post-thumbnail","6":"product_cat-vins","7":"product_cat-grands-vins","8":"product_cat-regions","9":"product_cat-bordeaux","10":"product_cat-medoc","11":"product_cat-couleur","12":"product_cat-vin-rouge","14":"first","15":"instock","16":"taxable","17":"shipping-taxable","18":"purchasable","19":"product-type-variable","20":"has-default-attributes"},"jetpack_sharing_enabled":true,"_links":{"self":[{"href":"https:\/\/france-gastronomie.shop\/fr\/wp-json\/wp\/v2\/product\/2135","targetHints":{"allow":["GET"]}}],"collection":[{"href":"https:\/\/france-gastronomie.shop\/fr\/wp-json\/wp\/v2\/product"}],"about":[{"href":"https:\/\/france-gastronomie.shop\/fr\/wp-json\/wp\/v2\/types\/product"}],"replies":[{"embeddable":true,"href":"https:\/\/france-gastronomie.shop\/fr\/wp-json\/wp\/v2\/comments?post=2135"}],"wp:featuredmedia":[{"embeddable":true,"href":"https:\/\/france-gastronomie.shop\/fr\/wp-json\/wp\/v2\/media\/2046"}],"wp:attachment":[{"href":"https:\/\/france-gastronomie.shop\/fr\/wp-json\/wp\/v2\/media?parent=2135"}],"wp:term":[{"taxonomy":"product_brand","embeddable":true,"href":"https:\/\/france-gastronomie.shop\/fr\/wp-json\/wp\/v2\/product_brand?post=2135"},{"taxonomy":"product_cat","embeddable":true,"href":"https:\/\/france-gastronomie.shop\/fr\/wp-json\/wp\/v2\/product_cat?post=2135"},{"taxonomy":"product_tag","embeddable":true,"href":"https:\/\/france-gastronomie.shop\/fr\/wp-json\/wp\/v2\/product_tag?post=2135"}],"curies":[{"name":"wp","href":"https:\/\/api.w.org\/{rel}","templated":true}]}}