{"id":21168,"date":"2024-11-18T08:44:47","date_gmt":"2024-11-18T08:44:47","guid":{"rendered":"https:\/\/france-gastronomie.shop\/?post_type=product&#038;p=21168"},"modified":"2026-02-04T10:12:56","modified_gmt":"2026-02-04T09:12:56","slug":"bloc-de-foie-gras-de-canard-5","status":"publish","type":"product","link":"https:\/\/france-gastronomie.shop\/fr\/produit\/bloc-de-foie-gras-de-canard-5\/","title":{"rendered":"Bloc de foie gras <br\/> de canard"},"content":{"rendered":"<h5>Bloc de Foie Gras de Canard<\/h5>\n<h5>Castaing Foie Gras<\/h5>\n<p>Lorsque beaucoup d\u2019autres entreprises pratiquent un \u00e9levage intensif, les Foies gras CASTAING ont pr\u00e9f\u00e9r\u00e9 une m\u00e9thode d&rsquo;\u00e9levage correspondant au cahier des charges Label Rouge. Cela implique un \u00e9levage et un gavage plus long, en libert\u00e9, une alimentation uniquement \u00e0 base de c\u00e9r\u00e9ales et un gavage au ma\u00efs grain entier.<\/p>\n<p>Ainsi, nos foies gras ont une saveur authentique, n\u00e9cessitant peu d\u2019assaisonnement, comme ceux fabriqu\u00e9s par nos grands-m\u00e8res.<br \/>\n&#8212;<br \/>\n3 appellations peuvent b\u00e9n\u00e9ficier du terme \u00ab\u00a0foie gras\u00a0\u00bb dans la d\u00e9nomination de vente : elles contiennent du foie gras, un assaisonnement et peuvent \u00eatre truff\u00e9es.<\/p>\n<p><strong>Le Foie Gras Entier<\/strong> est une pr\u00e9paration compos\u00e9e d&rsquo;un foie gras entier, ou d&rsquo;un ou plusieurs lobes entiers de foie gras. C&rsquo;est le foie gras authentique, en bocal conserve, semi-conserve ou mi-cuit sous vide.<\/p>\n<p><strong>Le Foie Gras<\/strong> est une pr\u00e9paration compos\u00e9e de morceaux de lobes de foie gras agglom\u00e9r\u00e9s. En g\u00e9n\u00e9ral pr\u00e9sent\u00e9 en terrines, il pr\u00e9sente un aspect marbr\u00e9 esth\u00e9tique tr\u00e8s recherch\u00e9 au tranchage.<\/p>\n<p><strong>Le Bloc de Foie Gras<\/strong> est compos\u00e9 de foie gras reconstitu\u00e9 qui peut comporter des morceaux. Cette pr\u00e9paration est conseill\u00e9e pour la r\u00e9alisation d&rsquo;entr\u00e9es ap\u00e9ritives et de toasts.<br \/>\n&#8212;<br \/>\nConseils de d\u00e9gustation<br \/>\nLe foie gras en conserve doit \u00eatre plac\u00e9 au r\u00e9frig\u00e9rateur dans son emballage quelques heures avant d\u2019\u00eatre servi puis sorti 10 \u00e0 20 mins avant d\u00e9gustation.<br \/>\nTranchez-le au dernier moment pour pr\u00e9server ses couleurs et sa saveur.<br \/>\nUn vin blanc moelleux rendra l\u2019ensemble parfait.<\/p>\n<p>Composition<br \/>\nFoie gras de canard, sel, sucre, poivre, g\u00e9latine.<\/p>\n<p>Allerg\u00e8nes<br \/>\nAucun<\/p>\n<p>OGM<br \/>\nAucun<\/p>\n<p>D\u00e9signation<br \/>\nBocal Verre<\/p>\n<p>Poids<br \/>\n180 g<\/p>\n<p>Conditions de conservation<br \/>\nStockage dans un endroit frais et sec.<\/p>\n<p>Valeurs nutritionnelles<\/p>\n<table width=\"296\">\n<tbody>\n<tr>\n<td width=\"166\">Energie\/100g kJ<\/td>\n<td width=\"130\">2000<\/td>\n<\/tr>\n<tr>\n<td>Energie\/100g kcal<\/td>\n<td>478<\/td>\n<\/tr>\n<tr>\n<td>Matieres grasses<\/td>\n<td>49g<\/td>\n<\/tr>\n<tr>\n<td>dont acides gras satur\u00e9s<\/td>\n<td>22g<\/td>\n<\/tr>\n<tr>\n<td>Glucides<\/td>\n<td>1,9g<\/td>\n<\/tr>\n<tr>\n<td>dont sucres<\/td>\n<td>&lt;0,5g<\/td>\n<\/tr>\n<tr>\n<td>Proteines<\/td>\n<td>7,3g<\/td>\n<\/tr>\n<tr>\n<td>Sel<\/td>\n<td>2,1g<\/td>\n<\/tr>\n<\/tbody>\n<\/table>\n","protected":false},"excerpt":{"rendered":"<h5>Castaing Foie Gras<\/h5>\n<p>CASTAING FOIE-GRAS utilise le meilleur canard \u00e0 foie gras, le canard MULARD \u00e0 souche dite lourde et \u00e0 croissance lente, \u00e9lev\u00e9 de fa\u00e7on traditionnelle en plein air avec une alimentation 100% naturelle<br \/>\ndans des petites exploitations agricoles \u00e0 taille humaine.<br \/>\nNos \u00e9leveurs respectent scrupuleusement le cahier des charges du canard fermier \u00ab\u00a0Label Rouge \u2013 LANDES\u00a0\u00bb.<br \/>\nDans chaque pr\u00e9paration, nous transmettons le savoir-faire de nos a\u00een\u00e9s, enrichi par l\u2019\u00e9volution de la technologie et des go\u00fbts.<\/p>\n","protected":false},"featured_media":21171,"comment_status":"closed","ping_status":"closed","template":"","meta":[],"product_brand":[],"product_cat":[706,31],"product_tag":[],"class_list":{"0":"post-21168","1":"product","2":"type-product","3":"status-publish","4":"has-post-thumbnail","6":"product_cat-foie-gras","7":"product_cat-epicerie","9":"first","10":"outofstock","11":"taxable","12":"shipping-taxable","13":"purchasable","14":"product-type-simple"},"jetpack_sharing_enabled":true,"_links":{"self":[{"href":"https:\/\/france-gastronomie.shop\/fr\/wp-json\/wp\/v2\/product\/21168","targetHints":{"allow":["GET"]}}],"collection":[{"href":"https:\/\/france-gastronomie.shop\/fr\/wp-json\/wp\/v2\/product"}],"about":[{"href":"https:\/\/france-gastronomie.shop\/fr\/wp-json\/wp\/v2\/types\/product"}],"replies":[{"embeddable":true,"href":"https:\/\/france-gastronomie.shop\/fr\/wp-json\/wp\/v2\/comments?post=21168"}],"wp:featuredmedia":[{"embeddable":true,"href":"https:\/\/france-gastronomie.shop\/fr\/wp-json\/wp\/v2\/media\/21171"}],"wp:attachment":[{"href":"https:\/\/france-gastronomie.shop\/fr\/wp-json\/wp\/v2\/media?parent=21168"}],"wp:term":[{"taxonomy":"product_brand","embeddable":true,"href":"https:\/\/france-gastronomie.shop\/fr\/wp-json\/wp\/v2\/product_brand?post=21168"},{"taxonomy":"product_cat","embeddable":true,"href":"https:\/\/france-gastronomie.shop\/fr\/wp-json\/wp\/v2\/product_cat?post=21168"},{"taxonomy":"product_tag","embeddable":true,"href":"https:\/\/france-gastronomie.shop\/fr\/wp-json\/wp\/v2\/product_tag?post=21168"}],"curies":[{"name":"wp","href":"https:\/\/api.w.org\/{rel}","templated":true}]}}