{"id":21160,"date":"2024-11-15T08:19:37","date_gmt":"2024-11-15T08:19:37","guid":{"rendered":"https:\/\/france-gastronomie.shop\/?post_type=product&#038;p=21160"},"modified":"2024-11-30T10:50:14","modified_gmt":"2024-11-30T10:50:14","slug":"choucroute-garnie","status":"publish","type":"product","link":"https:\/\/france-gastronomie.shop\/fr\/produit\/choucroute-garnie\/","title":{"rendered":"Choucroute garnie <br\/> au Riesling"},"content":{"rendered":"<p>Choucroute garnie<\/p>\n<div class=\"lecontenu\">\n<p>Recette traditionnelle \u00e0 base de viande de porc (\u00e9chine, saucisses, saucisson \u00e0 l\u2019ail, poitrine de porc fum\u00e9e en lardons) accompagn\u00e9e de choucroute cuisin\u00e9e au Riesling. Notre porc Chaiseronne est nourri \u00e0 la farine d\u2019orge sans OGM depuis plus de 25 ans et sans antibiotiques d\u00e8s la naissance et provient de la Manche.<\/p>\n<p>Pour 2 personnes. \u00c0 r\u00e9chauffer \u00e0 feu doux pendant 8 minutes ou au micro onde pendant 3 minutes. DLUO: 3 ans.<\/p>\n<p>Ingr\u00e9dients : Viande de porc de Normandie (France) 46% (\u00e9chine, saucisse de francfort, saucisse fum\u00e9e, saucisson \u00e0 l\u2019ail, poitrine de porc fum\u00e9e en lardons), choucroute cuisin\u00e9e 39% [choucroute 95%, saindoux, oignons, vin blanc : Riesling, sel, baies de geni\u00e8vre, ar\u00f4me naturel de poivre, antioxydant E300], pommes de terre, vin blanc (<strong>SULFITES<\/strong>).<\/p>\n<p>Valeurs nutritionnelles moyennes (pour 100g) : Energie : 154 Kcal\/ 643 kJ, Mati\u00e8res Grasses : 11,6g dont acides gras satur\u00e9s : 3,9g, Glucides : 3,6g dont sucres : 0,5g, Prot\u00e9ines : 9,0g, Sel: 1,3g<\/p>\n<\/div>\n","protected":false},"excerpt":{"rendered":"<p>Choucroute garnie<\/p>\n<p>Recette traditionnelle \u00e0 base de viande de porc (\u00e9chine, saucisses, saucisson \u00e0 l\u2019ail, poitrine de porc fum\u00e9e en lardons) accompagn\u00e9e de choucroute cuisin\u00e9e au Riesling. Notre porc\u00a0 est nourri \u00e0 la farine d\u2019orge sans OGM et sans antibiotiques d\u00e8s la naissance et provient de la Manche.<\/p>\n","protected":false},"featured_media":21380,"comment_status":"closed","ping_status":"closed","template":"","meta":[],"product_brand":[],"product_cat":[32],"product_tag":[],"class_list":{"0":"post-21160","1":"product","2":"type-product","3":"status-publish","4":"has-post-thumbnail","6":"product_cat-plats-prepares","8":"first","9":"outofstock","10":"taxable","11":"shipping-taxable","12":"purchasable","13":"product-type-simple"},"jetpack_sharing_enabled":true,"_links":{"self":[{"href":"https:\/\/france-gastronomie.shop\/fr\/wp-json\/wp\/v2\/product\/21160","targetHints":{"allow":["GET"]}}],"collection":[{"href":"https:\/\/france-gastronomie.shop\/fr\/wp-json\/wp\/v2\/product"}],"about":[{"href":"https:\/\/france-gastronomie.shop\/fr\/wp-json\/wp\/v2\/types\/product"}],"replies":[{"embeddable":true,"href":"https:\/\/france-gastronomie.shop\/fr\/wp-json\/wp\/v2\/comments?post=21160"}],"wp:featuredmedia":[{"embeddable":true,"href":"https:\/\/france-gastronomie.shop\/fr\/wp-json\/wp\/v2\/media\/21380"}],"wp:attachment":[{"href":"https:\/\/france-gastronomie.shop\/fr\/wp-json\/wp\/v2\/media?parent=21160"}],"wp:term":[{"taxonomy":"product_brand","embeddable":true,"href":"https:\/\/france-gastronomie.shop\/fr\/wp-json\/wp\/v2\/product_brand?post=21160"},{"taxonomy":"product_cat","embeddable":true,"href":"https:\/\/france-gastronomie.shop\/fr\/wp-json\/wp\/v2\/product_cat?post=21160"},{"taxonomy":"product_tag","embeddable":true,"href":"https:\/\/france-gastronomie.shop\/fr\/wp-json\/wp\/v2\/product_tag?post=21160"}],"curies":[{"name":"wp","href":"https:\/\/api.w.org\/{rel}","templated":true}]}}