{"id":20877,"date":"2024-11-07T13:08:04","date_gmt":"2024-11-07T13:08:04","guid":{"rendered":"https:\/\/france-gastronomie.shop\/?post_type=product&#038;p=20877"},"modified":"2025-12-11T11:23:00","modified_gmt":"2025-12-11T11:23:00","slug":"cendre-fermier-chevre-lait-cru","status":"publish","type":"product","link":"https:\/\/france-gastronomie.shop\/fr\/produit\/cendre-fermier-chevre-lait-cru\/","title":{"rendered":"Cendr\u00e9 fermier <br\/> Chevre lait cru"},"content":{"rendered":"<p><strong>Fromage de ch\u00e8vre cendr\u00e9 au lait cru<\/strong><\/p>\n<p>&nbsp;<\/p>\n","protected":false},"excerpt":{"rendered":"<p><strong>Fromage de ch\u00e8vre cendr\u00e9 au lait cru<\/strong><\/p>\n<p>Texture moelleuse, p\u00e2te blanche ivoire.<br \/>\nSaveurs caprines douces, \u00e9voluant vers un go\u00fbt plus affirm\u00e9 avec l\u2019affinage, notes v\u00e9g\u00e9tales, salines, et finale l\u00e9g\u00e8rement noisett\u00e9e<\/p>\n","protected":false},"featured_media":25508,"comment_status":"closed","ping_status":"closed","template":"","meta":[],"product_brand":[],"product_cat":[644,776,319],"product_tag":[],"class_list":{"0":"post-20877","1":"product","2":"type-product","3":"status-publish","4":"has-post-thumbnail","6":"product_cat-au-lait-de-chevre-fr","7":"product_cat-produit-frais","8":"product_cat-fromages","10":"first","11":"instock","12":"taxable","13":"shipping-taxable","14":"purchasable","15":"product-type-simple"},"jetpack_sharing_enabled":true,"_links":{"self":[{"href":"https:\/\/france-gastronomie.shop\/fr\/wp-json\/wp\/v2\/product\/20877","targetHints":{"allow":["GET"]}}],"collection":[{"href":"https:\/\/france-gastronomie.shop\/fr\/wp-json\/wp\/v2\/product"}],"about":[{"href":"https:\/\/france-gastronomie.shop\/fr\/wp-json\/wp\/v2\/types\/product"}],"replies":[{"embeddable":true,"href":"https:\/\/france-gastronomie.shop\/fr\/wp-json\/wp\/v2\/comments?post=20877"}],"wp:featuredmedia":[{"embeddable":true,"href":"https:\/\/france-gastronomie.shop\/fr\/wp-json\/wp\/v2\/media\/25508"}],"wp:attachment":[{"href":"https:\/\/france-gastronomie.shop\/fr\/wp-json\/wp\/v2\/media?parent=20877"}],"wp:term":[{"taxonomy":"product_brand","embeddable":true,"href":"https:\/\/france-gastronomie.shop\/fr\/wp-json\/wp\/v2\/product_brand?post=20877"},{"taxonomy":"product_cat","embeddable":true,"href":"https:\/\/france-gastronomie.shop\/fr\/wp-json\/wp\/v2\/product_cat?post=20877"},{"taxonomy":"product_tag","embeddable":true,"href":"https:\/\/france-gastronomie.shop\/fr\/wp-json\/wp\/v2\/product_tag?post=20877"}],"curies":[{"name":"wp","href":"https:\/\/api.w.org\/{rel}","templated":true}]}}