{"id":20873,"date":"2024-11-07T12:50:10","date_gmt":"2024-11-07T12:50:10","guid":{"rendered":"https:\/\/france-gastronomie.shop\/?post_type=product&#038;p=20873"},"modified":"2026-02-11T14:08:09","modified_gmt":"2026-02-11T13:08:09","slug":"camembert-le-bon-normand","status":"publish","type":"product","link":"https:\/\/france-gastronomie.shop\/fr\/produit\/camembert-le-bon-normand\/","title":{"rendered":"Camembert AOP <br\/> Le Bon Normand"},"content":{"rendered":"","protected":false},"excerpt":{"rendered":"<p>Camembert Le Bon Normand<\/p>\n<p>250g<\/p>\n<p>Fromage de vache au lait cru qui a obtenu l&rsquo;AOP en 1983, cro\u00fbte fleurie et p\u00e2te molle.<br \/>\nFabriqu\u00e9 \u00e0 Livarot, le camembert Bon Normand est tr\u00e8s typ\u00e9 et fort en caract\u00e8re.<\/p>\n","protected":false},"featured_media":20927,"comment_status":"closed","ping_status":"closed","template":"","meta":[],"product_brand":[],"product_cat":[628,776,319],"product_tag":[],"class_list":{"0":"post-20873","1":"product","2":"type-product","3":"status-publish","4":"has-post-thumbnail","6":"product_cat-au-lait-de-vaches","7":"product_cat-produit-frais","8":"product_cat-fromages","10":"first","11":"instock","12":"taxable","13":"shipping-taxable","14":"purchasable","15":"product-type-simple"},"jetpack_sharing_enabled":true,"_links":{"self":[{"href":"https:\/\/france-gastronomie.shop\/fr\/wp-json\/wp\/v2\/product\/20873","targetHints":{"allow":["GET"]}}],"collection":[{"href":"https:\/\/france-gastronomie.shop\/fr\/wp-json\/wp\/v2\/product"}],"about":[{"href":"https:\/\/france-gastronomie.shop\/fr\/wp-json\/wp\/v2\/types\/product"}],"replies":[{"embeddable":true,"href":"https:\/\/france-gastronomie.shop\/fr\/wp-json\/wp\/v2\/comments?post=20873"}],"wp:featuredmedia":[{"embeddable":true,"href":"https:\/\/france-gastronomie.shop\/fr\/wp-json\/wp\/v2\/media\/20927"}],"wp:attachment":[{"href":"https:\/\/france-gastronomie.shop\/fr\/wp-json\/wp\/v2\/media?parent=20873"}],"wp:term":[{"taxonomy":"product_brand","embeddable":true,"href":"https:\/\/france-gastronomie.shop\/fr\/wp-json\/wp\/v2\/product_brand?post=20873"},{"taxonomy":"product_cat","embeddable":true,"href":"https:\/\/france-gastronomie.shop\/fr\/wp-json\/wp\/v2\/product_cat?post=20873"},{"taxonomy":"product_tag","embeddable":true,"href":"https:\/\/france-gastronomie.shop\/fr\/wp-json\/wp\/v2\/product_tag?post=20873"}],"curies":[{"name":"wp","href":"https:\/\/api.w.org\/{rel}","templated":true}]}}