{"id":20775,"date":"2024-11-06T09:38:10","date_gmt":"2024-11-06T09:38:10","guid":{"rendered":"https:\/\/france-gastronomie.shop\/?post_type=product&#038;p=20775"},"modified":"2026-03-17T13:45:04","modified_gmt":"2026-03-17T12:45:04","slug":"bleu-de-provence","status":"publish","type":"product","link":"https:\/\/france-gastronomie.shop\/fr\/produit\/bleu-de-provence\/","title":{"rendered":"Bleu de Provence <br\/> cremeux"},"content":{"rendered":"","protected":false},"excerpt":{"rendered":"<p>Le Bleu Provence est un fromage tr\u00e8s original pens\u00e9 pour les amoureux de p\u00e2tes persill\u00e9es et cr\u00e9meuses.<br \/>\nMariage entre du lait cru de Vache et du Lait de Brebis ses couches successives de Mascaporne et de fromage persill\u00e9.<br \/>\nIl sera ainsi appr\u00e9ci\u00e9 pour sa richesse, d\u00e9gust\u00e9 en tartine pour accompagner un plat ou tout simplement en dessert.<\/p>\n","protected":false},"featured_media":25502,"comment_status":"closed","ping_status":"closed","template":"","meta":[],"product_brand":[],"product_cat":[630,628,776,319],"product_tag":[],"class_list":{"0":"post-20775","1":"product","2":"type-product","3":"status-publish","4":"has-post-thumbnail","6":"product_cat-au-lait-de-brebis","7":"product_cat-au-lait-de-vaches","8":"product_cat-produit-frais","9":"product_cat-fromages","11":"first","12":"instock","13":"taxable","14":"shipping-taxable","15":"purchasable","16":"product-type-variable"},"jetpack_sharing_enabled":true,"_links":{"self":[{"href":"https:\/\/france-gastronomie.shop\/fr\/wp-json\/wp\/v2\/product\/20775","targetHints":{"allow":["GET"]}}],"collection":[{"href":"https:\/\/france-gastronomie.shop\/fr\/wp-json\/wp\/v2\/product"}],"about":[{"href":"https:\/\/france-gastronomie.shop\/fr\/wp-json\/wp\/v2\/types\/product"}],"replies":[{"embeddable":true,"href":"https:\/\/france-gastronomie.shop\/fr\/wp-json\/wp\/v2\/comments?post=20775"}],"wp:featuredmedia":[{"embeddable":true,"href":"https:\/\/france-gastronomie.shop\/fr\/wp-json\/wp\/v2\/media\/25502"}],"wp:attachment":[{"href":"https:\/\/france-gastronomie.shop\/fr\/wp-json\/wp\/v2\/media?parent=20775"}],"wp:term":[{"taxonomy":"product_brand","embeddable":true,"href":"https:\/\/france-gastronomie.shop\/fr\/wp-json\/wp\/v2\/product_brand?post=20775"},{"taxonomy":"product_cat","embeddable":true,"href":"https:\/\/france-gastronomie.shop\/fr\/wp-json\/wp\/v2\/product_cat?post=20775"},{"taxonomy":"product_tag","embeddable":true,"href":"https:\/\/france-gastronomie.shop\/fr\/wp-json\/wp\/v2\/product_tag?post=20775"}],"curies":[{"name":"wp","href":"https:\/\/api.w.org\/{rel}","templated":true}]}}