{"id":20460,"date":"2024-10-23T13:01:27","date_gmt":"2024-10-23T13:01:27","guid":{"rendered":"https:\/\/france-gastronomie.shop\/?post_type=product&#038;p=20460"},"modified":"2025-11-27T12:04:54","modified_gmt":"2025-11-27T12:04:54","slug":"saucisson-sec-cendre-160g","status":"publish","type":"product","link":"https:\/\/france-gastronomie.shop\/fr\/produit\/saucisson-sec-cendre-160g\/","title":{"rendered":"Saucisson sec <br\/> cendr\u00e9 150g"},"content":{"rendered":"<h5>Saucisson sec cendr\u00e9<br \/>\nMaison Chillet<\/h5>\n<p>C\u2019est \u00e0 Saint-Symphorien-sur-Coise, berceau de la rosette de Lyon, que la Maison Chillet fabrique depuis 1902 des saucissons dans le plus grand respect des mati\u00e8res premi\u00e8res et avec le souci du \u00ab fait-maison \u00bb.<\/p>\n<p>Depuis 5 g\u00e9n\u00e9rations, les gestes sont les m\u00eames et perp\u00e9tuent une tradition intacte o\u00f9 chaque saucisson est \u00e9labor\u00e9 avec patience et pr\u00e9cision.<\/p>\n<p>Chez Chillet, la mati\u00e8re premi\u00e8re est rigoureusement s\u00e9lectionn\u00e9e et les assaisonnements sont r\u00e9alis\u00e9s maison. Qualit\u00e9 oblige, la salaison travaille uniquement avec du boyau naturel et dispose pour cela de son propre atelier de boyauderie.<\/p>\n","protected":false},"excerpt":{"rendered":"<h5>Maison Chillet<\/h5>\n<p>Fabricant de saucissons de qualit\u00e9 au coeur des Monts du Lyonnais depuis 1902.<\/p>\n<p>Des gestes d\u2019antan et des proc\u00e9d\u00e9s de fabrications traditionnels.<\/p>\n","protected":false},"featured_media":20461,"comment_status":"closed","ping_status":"closed","template":"","meta":[],"product_brand":[],"product_cat":[733,776,734],"product_tag":[],"class_list":{"0":"post-20460","1":"product","2":"type-product","3":"status-publish","4":"has-post-thumbnail","6":"product_cat-charcuterie","7":"product_cat-produit-frais","8":"product_cat-saucisson-secs","10":"first","11":"outofstock","12":"taxable","13":"shipping-taxable","14":"purchasable","15":"product-type-simple"},"jetpack_sharing_enabled":true,"_links":{"self":[{"href":"https:\/\/france-gastronomie.shop\/fr\/wp-json\/wp\/v2\/product\/20460","targetHints":{"allow":["GET"]}}],"collection":[{"href":"https:\/\/france-gastronomie.shop\/fr\/wp-json\/wp\/v2\/product"}],"about":[{"href":"https:\/\/france-gastronomie.shop\/fr\/wp-json\/wp\/v2\/types\/product"}],"replies":[{"embeddable":true,"href":"https:\/\/france-gastronomie.shop\/fr\/wp-json\/wp\/v2\/comments?post=20460"}],"wp:featuredmedia":[{"embeddable":true,"href":"https:\/\/france-gastronomie.shop\/fr\/wp-json\/wp\/v2\/media\/20461"}],"wp:attachment":[{"href":"https:\/\/france-gastronomie.shop\/fr\/wp-json\/wp\/v2\/media?parent=20460"}],"wp:term":[{"taxonomy":"product_brand","embeddable":true,"href":"https:\/\/france-gastronomie.shop\/fr\/wp-json\/wp\/v2\/product_brand?post=20460"},{"taxonomy":"product_cat","embeddable":true,"href":"https:\/\/france-gastronomie.shop\/fr\/wp-json\/wp\/v2\/product_cat?post=20460"},{"taxonomy":"product_tag","embeddable":true,"href":"https:\/\/france-gastronomie.shop\/fr\/wp-json\/wp\/v2\/product_tag?post=20460"}],"curies":[{"name":"wp","href":"https:\/\/api.w.org\/{rel}","templated":true}]}}