{"id":19882,"date":"2024-06-13T12:16:19","date_gmt":"2024-06-13T12:16:19","guid":{"rendered":"https:\/\/france-gastronomie.shop\/?post_type=product&#038;p=19882"},"modified":"2025-09-11T13:07:16","modified_gmt":"2025-09-11T13:07:16","slug":"rhum-bologne-vieux-vsop-42","status":"publish","type":"product","link":"https:\/\/france-gastronomie.shop\/fr\/produit\/rhum-bologne-vieux-vsop-42\/","title":{"rendered":"Rhum Bologne <br\/> Vieux VSOP 42%"},"content":{"rendered":"<h5>Rhum Bologne Vieux VSOP 42%<\/h5>\n<p>Rhum Vieux Agricole de la Guadeloupe<\/p>\n<p>Nez<br \/>\n\u00c0 la fois raffin\u00e9 et tr\u00e8s complexe, il est marqu\u00e9 par le fruit confit et la cannelle.<\/p>\n<p>Palais<br \/>\nLe palais est intense et \u00e9quilibr\u00e9 avec une grande souplesse des saveurs. La palette aromatique est tr\u00e8s fid\u00e8le au style Bologne : la canne \u00e0 sucre et les fruits confits dans la profondeur, avec une pointe iod\u00e9e. La vanille bourbon gourmande mais aussi les \u00e9pices (badiane, poivre blanc) sont soutenues par des tanins soyeux qui portent la structure. Le milieu de bouche s\u2019\u00e9tire au fur et \u00e0 mesure vers des notes de banane m\u00fbre, de cacao et de vanille puis vers un registre plus \u00e9pic\u00e9 (pain d\u2019\u00e9pice, gingembre confit, cannelle). Sur glace, il d\u00e9veloppe de surprenants ar\u00f4mes de fruits tropicaux confits. Sa persistance est remarquable. La r\u00e9tro-olfaction est l\u00e9g\u00e8rement \u00e9pic\u00e9e et pralin\u00e9e. Sans conteste \u00e0 classer parmi les plus grands spiritueux.<\/p>\n<p>D\u00e9gustation<br \/>\n\u00c0 d\u00e9guster sec, avec ou sans glace. Laisser reposer quelques minutes dans le verre avant d\u00e9gustation.<\/p>\n<p>Assemblage<br \/>\nRhums vieux \u00e9lev\u00e9s en f\u00fbts de ch\u00eane de 4 \u00e0 8 ans.<\/p>\n","protected":false},"excerpt":{"rendered":"<h5>Rhum Vieux Agricole de la Guadeloupe<\/h5>\n<p>Contenance: 0,7 l<\/p>\n","protected":false},"featured_media":20325,"comment_status":"closed","ping_status":"closed","template":"","meta":[],"product_brand":[],"product_cat":[881],"product_tag":[],"class_list":{"0":"post-19882","1":"product","2":"type-product","3":"status-publish","4":"has-post-thumbnail","6":"product_cat-rhum","8":"first","9":"instock","10":"taxable","11":"shipping-taxable","12":"purchasable","13":"product-type-simple"},"jetpack_sharing_enabled":true,"_links":{"self":[{"href":"https:\/\/france-gastronomie.shop\/fr\/wp-json\/wp\/v2\/product\/19882","targetHints":{"allow":["GET"]}}],"collection":[{"href":"https:\/\/france-gastronomie.shop\/fr\/wp-json\/wp\/v2\/product"}],"about":[{"href":"https:\/\/france-gastronomie.shop\/fr\/wp-json\/wp\/v2\/types\/product"}],"replies":[{"embeddable":true,"href":"https:\/\/france-gastronomie.shop\/fr\/wp-json\/wp\/v2\/comments?post=19882"}],"wp:featuredmedia":[{"embeddable":true,"href":"https:\/\/france-gastronomie.shop\/fr\/wp-json\/wp\/v2\/media\/20325"}],"wp:attachment":[{"href":"https:\/\/france-gastronomie.shop\/fr\/wp-json\/wp\/v2\/media?parent=19882"}],"wp:term":[{"taxonomy":"product_brand","embeddable":true,"href":"https:\/\/france-gastronomie.shop\/fr\/wp-json\/wp\/v2\/product_brand?post=19882"},{"taxonomy":"product_cat","embeddable":true,"href":"https:\/\/france-gastronomie.shop\/fr\/wp-json\/wp\/v2\/product_cat?post=19882"},{"taxonomy":"product_tag","embeddable":true,"href":"https:\/\/france-gastronomie.shop\/fr\/wp-json\/wp\/v2\/product_tag?post=19882"}],"curies":[{"name":"wp","href":"https:\/\/api.w.org\/{rel}","templated":true}]}}