{"id":19878,"date":"2024-06-13T11:59:34","date_gmt":"2024-06-13T11:59:34","guid":{"rendered":"https:\/\/france-gastronomie.shop\/?post_type=product&#038;p=19878"},"modified":"2025-09-11T13:07:48","modified_gmt":"2025-09-11T13:07:48","slug":"rhum-vieux-41","status":"publish","type":"product","link":"https:\/\/france-gastronomie.shop\/fr\/produit\/rhum-vieux-41\/","title":{"rendered":"Rhum Bologne <br\/> Vieux 41%"},"content":{"rendered":"<h5>Rhum Vieux Agricole de la Guadeloupe<\/h5>\n<p>Nez<br \/>\nSouple et tr\u00e8s aromatique.<\/p>\n<p>Palais<br \/>\nRond, \u00e9quilibr\u00e9, son attaque \u00e9pic\u00e9e \u00e9voque le meilleur des vieux alcools. Au palais se m\u00ealent le fruit (orange, fruits exotiques), l\u2019\u00e9pic\u00e9 (cannelle, gingembre confit) et le floral (miel), s\u2019\u00e9tirant au fur et \u00e0 mesure vers les fruits secs. Une brise d\u2019aliz\u00e9 l\u00e9g\u00e8rement saline rafra\u00eechit le tout : la canne \u00e0 sucre c\u00f4toie les agrumes et le caramel au beurre sal\u00e9. Ses tanins tr\u00e8s fins cr\u00e9ent un cadre \u00e0 la fois pulpeux et net. Sa finale est longue et \u00e9quilibr\u00e9e. La r\u00e9tro-olfaction rajoute encore plus d\u2019exotisme (coco, mangue).<\/p>\n<p>D\u00e9gustation<br \/>\n\u00c0 d\u00e9guster sec, avec ou sans glace, mais aussi en \u00abti punch vieux\u00bbpour les amateurs.<\/p>\n<p>Assemblage<br \/>\nRhums vieux \u00e9lev\u00e9s en f\u00fbts de ch\u00eane de 3 ans.<\/p>\n","protected":false},"excerpt":{"rendered":"<h5>Rhum Vieux Agricole de la Guadeloupe<\/h5>\n<p>Contenance: 0,7 l<\/p>\n","protected":false},"featured_media":20328,"comment_status":"closed","ping_status":"closed","template":"","meta":[],"product_brand":[],"product_cat":[881],"product_tag":[],"class_list":{"0":"post-19878","1":"product","2":"type-product","3":"status-publish","4":"has-post-thumbnail","6":"product_cat-rhum","8":"first","9":"instock","10":"taxable","11":"shipping-taxable","12":"purchasable","13":"product-type-simple"},"jetpack_sharing_enabled":true,"_links":{"self":[{"href":"https:\/\/france-gastronomie.shop\/fr\/wp-json\/wp\/v2\/product\/19878","targetHints":{"allow":["GET"]}}],"collection":[{"href":"https:\/\/france-gastronomie.shop\/fr\/wp-json\/wp\/v2\/product"}],"about":[{"href":"https:\/\/france-gastronomie.shop\/fr\/wp-json\/wp\/v2\/types\/product"}],"replies":[{"embeddable":true,"href":"https:\/\/france-gastronomie.shop\/fr\/wp-json\/wp\/v2\/comments?post=19878"}],"wp:featuredmedia":[{"embeddable":true,"href":"https:\/\/france-gastronomie.shop\/fr\/wp-json\/wp\/v2\/media\/20328"}],"wp:attachment":[{"href":"https:\/\/france-gastronomie.shop\/fr\/wp-json\/wp\/v2\/media?parent=19878"}],"wp:term":[{"taxonomy":"product_brand","embeddable":true,"href":"https:\/\/france-gastronomie.shop\/fr\/wp-json\/wp\/v2\/product_brand?post=19878"},{"taxonomy":"product_cat","embeddable":true,"href":"https:\/\/france-gastronomie.shop\/fr\/wp-json\/wp\/v2\/product_cat?post=19878"},{"taxonomy":"product_tag","embeddable":true,"href":"https:\/\/france-gastronomie.shop\/fr\/wp-json\/wp\/v2\/product_tag?post=19878"}],"curies":[{"name":"wp","href":"https:\/\/api.w.org\/{rel}","templated":true}]}}