{"id":19802,"date":"2024-06-06T11:05:12","date_gmt":"2024-06-06T11:05:12","guid":{"rendered":"https:\/\/france-gastronomie.shop\/?post_type=product&#038;p=19802"},"modified":"2025-10-07T09:08:50","modified_gmt":"2025-10-07T09:08:50","slug":"gouda-fermier-au-cumin","status":"publish","type":"product","link":"https:\/\/france-gastronomie.shop\/fr\/produit\/gouda-fermier-au-cumin\/","title":{"rendered":"Gouda fermier <br\/> au cumin"},"content":{"rendered":"<h5>Gouda fermier au cumin<\/h5>\n<p class=\"text\">\n","protected":false},"excerpt":{"rendered":"<h5>Gouda fermier au cumin<\/h5>\n<p class=\"text\">Fromage fermier fabriqu\u00e9 avec du lait cru de vache et du cumin \u00e0 l&rsquo;int\u00e9rieur. Cet ingr\u00e9dient lui conf\u00e8re un go\u00fbt anis\u00e9 qui se combine tr\u00e8s bien avec la texture cr\u00e9meuse du fromage.<br \/>\nDes petits morceaux de cumin croustillants qui surprendront vos ap\u00e9ritifs.<\/p>\n","protected":false},"featured_media":23963,"comment_status":"closed","ping_status":"closed","template":"","meta":[],"product_brand":[],"product_cat":[628,776,319],"product_tag":[],"class_list":{"0":"post-19802","1":"product","2":"type-product","3":"status-publish","4":"has-post-thumbnail","6":"product_cat-au-lait-de-vaches","7":"product_cat-produit-frais","8":"product_cat-fromages","10":"first","11":"instock","12":"taxable","13":"shipping-taxable","14":"product-type-variable"},"jetpack_sharing_enabled":true,"_links":{"self":[{"href":"https:\/\/france-gastronomie.shop\/fr\/wp-json\/wp\/v2\/product\/19802","targetHints":{"allow":["GET"]}}],"collection":[{"href":"https:\/\/france-gastronomie.shop\/fr\/wp-json\/wp\/v2\/product"}],"about":[{"href":"https:\/\/france-gastronomie.shop\/fr\/wp-json\/wp\/v2\/types\/product"}],"replies":[{"embeddable":true,"href":"https:\/\/france-gastronomie.shop\/fr\/wp-json\/wp\/v2\/comments?post=19802"}],"wp:featuredmedia":[{"embeddable":true,"href":"https:\/\/france-gastronomie.shop\/fr\/wp-json\/wp\/v2\/media\/23963"}],"wp:attachment":[{"href":"https:\/\/france-gastronomie.shop\/fr\/wp-json\/wp\/v2\/media?parent=19802"}],"wp:term":[{"taxonomy":"product_brand","embeddable":true,"href":"https:\/\/france-gastronomie.shop\/fr\/wp-json\/wp\/v2\/product_brand?post=19802"},{"taxonomy":"product_cat","embeddable":true,"href":"https:\/\/france-gastronomie.shop\/fr\/wp-json\/wp\/v2\/product_cat?post=19802"},{"taxonomy":"product_tag","embeddable":true,"href":"https:\/\/france-gastronomie.shop\/fr\/wp-json\/wp\/v2\/product_tag?post=19802"}],"curies":[{"name":"wp","href":"https:\/\/api.w.org\/{rel}","templated":true}]}}